{"id":2482,"date":"2024-12-13T12:38:15","date_gmt":"2024-12-13T11:38:15","guid":{"rendered":"https:\/\/unidigital.umh.es\/?page_id=2482"},"modified":"2024-12-13T16:29:49","modified_gmt":"2024-12-13T15:29:49","slug":"noticias","status":"publish","type":"page","link":"https:\/\/unidigital.umh.es\/en\/noticias\/","title":{"rendered":"<span lang=\"es\">(Espa\u00f1ol) Noticias<\/span>"},"content":{"rendered":"<p>[et_pb_section fb_built=&#8221;1&#8243; _builder_version=&#8221;4.17.4&#8243; _module_preset=&#8221;default&#8221; background_color=&#8221;RGBA(255,255,255,0)&#8221; background_image=&#8221;https:\/\/unidigital.umh.es\/files\/2023\/11\/city-3213676_1920.jpg&#8221; transform_scale_tablet=&#8221;&#8221; transform_scale_phone=&#8221;&#8221; transform_scale_last_edited=&#8221;on|tablet&#8221; transform_translate_tablet=&#8221;0px|-60px&#8221; transform_translate_phone=&#8221;0px|-60px&#8221; transform_translate_last_edited=&#8221;on|tablet&#8221; transform_translate_linked_tablet=&#8221;off&#8221; transform_rotate_tablet=&#8221;&#8221; transform_rotate_phone=&#8221;&#8221; transform_rotate_last_edited=&#8221;on|tablet&#8221; transform_skew_tablet=&#8221;&#8221; transform_skew_phone=&#8221;&#8221; transform_skew_last_edited=&#8221;on|tablet&#8221; transform_origin_tablet=&#8221;&#8221; transform_origin_phone=&#8221;&#8221; transform_origin_last_edited=&#8221;on|tablet&#8221; transform_styles_last_edited=&#8221;on|tablet&#8221; width=&#8221;100%&#8221; module_alignment=&#8221;center&#8221; height=&#8221;270px&#8221; background_color_tablet=&#8221;#BFBFBF&#8221; background_color_phone=&#8221;#A6A6A6&#8243; background_enable_color_tablet=&#8221;on&#8221; background_enable_color_phone=&#8221;on&#8221; background_blend_tablet=&#8221;overlay&#8221; background_blend_phone=&#8221;overlay&#8221; transform_styles_tablet=&#8221;&#8221; transform_styles_phone=&#8221;&#8221; global_colors_info=&#8221;{}&#8221;][et_pb_row _builder_version=&#8221;4.17.4&#8243; _module_preset=&#8221;default&#8221; transform_scale_tablet=&#8221;&#8221; transform_scale_phone=&#8221;&#8221; transform_scale_last_edited=&#8221;on|phone&#8221; transform_translate=&#8221;20px|-50px&#8221; transform_translate_tablet=&#8221;-33px|10px&#8221; transform_translate_phone=&#8221;15px|-55px&#8221; transform_translate_last_edited=&#8221;on|phone&#8221; transform_translate_linked=&#8221;off&#8221; transform_rotate_tablet=&#8221;&#8221; transform_rotate_phone=&#8221;&#8221; transform_rotate_last_edited=&#8221;on|phone&#8221; transform_skew_tablet=&#8221;&#8221; transform_skew_phone=&#8221;&#8221; transform_skew_last_edited=&#8221;on|phone&#8221; transform_origin_tablet=&#8221;&#8221; transform_origin_phone=&#8221;&#8221; transform_origin_last_edited=&#8221;on|phone&#8221; transform_styles_last_edited=&#8221;on|phone&#8221; width=&#8221;100%&#8221; max_width=&#8221;1094px&#8221; module_alignment=&#8221;center&#8221; background_color_phone=&#8221;RGBA(255,255,255,0)&#8221; background_last_edited=&#8221;on|phone&#8221; background_enable_color_phone=&#8221;on&#8221; transform_styles_tablet=&#8221;&#8221; transform_styles_phone=&#8221;&#8221; global_colors_info=&#8221;{}&#8221;][et_pb_column type=&#8221;4_4&#8243; _builder_version=&#8221;4.17.4&#8243; _module_preset=&#8221;default&#8221; global_colors_info=&#8221;{}&#8221;][et_pb_text _builder_version=&#8221;4.17.4&#8243; _module_preset=&#8221;default&#8221; text_font=&#8221;Overpass||||||||&#8221; text_text_color=&#8221;#2E2E2E&#8221; text_font_size=&#8221;30px&#8221; text_line_height=&#8221;1.8em&#8221; header_font=&#8221;Overpass||||||||&#8221; header_text_align=&#8221;left&#8221; header_font_size=&#8221;45px&#8221; header_line_height=&#8221;1.1em&#8221; header_2_font=&#8221;Overpass||||||||&#8221; background_color=&#8221;RGBA(255,255,255,0)&#8221; transform_scale_tablet=&#8221;&#8221; transform_scale_phone=&#8221;&#8221; transform_scale_last_edited=&#8221;on|phone&#8221; transform_translate_tablet=&#8221;&#8221; transform_translate_phone=&#8221;0px|60px&#8221; transform_translate_last_edited=&#8221;on|phone&#8221; transform_translate_linked_phone=&#8221;off&#8221; transform_rotate_tablet=&#8221;&#8221; transform_rotate_phone=&#8221;&#8221; transform_rotate_last_edited=&#8221;on|phone&#8221; transform_skew_tablet=&#8221;&#8221; transform_skew_phone=&#8221;&#8221; transform_skew_last_edited=&#8221;on|phone&#8221; transform_origin_tablet=&#8221;&#8221; transform_origin_phone=&#8221;&#8221; transform_origin_last_edited=&#8221;on|phone&#8221; transform_styles_last_edited=&#8221;on|phone&#8221; width=&#8221;100%&#8221; width_tablet=&#8221;65%&#8221; width_phone=&#8221;100%&#8221; width_last_edited=&#8221;on|phone&#8221; max_width_tablet=&#8221;&#8221; max_width_phone=&#8221;100%&#8221; max_width_last_edited=&#8221;on|phone&#8221; module_alignment=&#8221;center&#8221; custom_padding=&#8221;||39px|||&#8221; transform_styles_tablet=&#8221;&#8221; transform_styles_phone=&#8221;&#8221; global_colors_info=&#8221;{}&#8221;]<\/p>\n<p><span style=\"color: #ffffff\">Plan<\/span><\/p>\n<h1><span style=\"color: #ffffff\"><b>UNIDIGITAL_UMH<\/b><\/span><\/h1>\n<p>[\/et_pb_text][\/et_pb_column][\/et_pb_row][et_pb_row column_structure=&#8221;1_3,1_3,1_3&#8243; _builder_version=&#8221;4.17.4&#8243; _module_preset=&#8221;default&#8221; background_color=&#8221;rgba(255,255,255,0.92)&#8221; transform_scale_tablet=&#8221;&#8221; transform_scale_phone=&#8221;&#8221; transform_scale_last_edited=&#8221;on|phone&#8221; transform_translate=&#8221;300px|-90px&#8221; transform_translate_tablet=&#8221;80px|-45px&#8221; transform_translate_phone=&#8221;0px|-50px&#8221; transform_translate_last_edited=&#8221;on|phone&#8221; transform_translate_linked=&#8221;off&#8221; transform_rotate_tablet=&#8221;&#8221; transform_rotate_phone=&#8221;&#8221; transform_rotate_last_edited=&#8221;on|phone&#8221; transform_skew_tablet=&#8221;&#8221; transform_skew_phone=&#8221;&#8221; transform_skew_last_edited=&#8221;on|phone&#8221; transform_origin_tablet=&#8221;&#8221; transform_origin_phone=&#8221;&#8221; transform_origin_last_edited=&#8221;on|phone&#8221; transform_styles_last_edited=&#8221;on|phone&#8221; width=&#8221;40%&#8221; width_tablet=&#8221;60%&#8221; width_phone=&#8221;100%&#8221; width_last_edited=&#8221;on|phone&#8221; max_width_tablet=&#8221;2560%&#8221; max_width_phone=&#8221;2560%&#8221; max_width_last_edited=&#8221;on|tablet&#8221; min_height=&#8221;100px&#8221; min_height_tablet=&#8221;100px&#8221; min_height_phone=&#8221;100px&#8221; min_height_last_edited=&#8221;on|tablet&#8221; height=&#8221;100px&#8221; height_tablet=&#8221;100px&#8221; height_phone=&#8221;140px&#8221; height_last_edited=&#8221;on|phone&#8221; transform_styles_tablet=&#8221;&#8221; transform_styles_phone=&#8221;&#8221; global_colors_info=&#8221;{}&#8221; max_width__hover_enabled=&#8221;off|desktop&#8221;][et_pb_column type=&#8221;1_3&#8243; _builder_version=&#8221;4.17.4&#8243; _module_preset=&#8221;default&#8221; global_colors_info=&#8221;{}&#8221;][et_pb_image src=&#8221;https:\/\/unidigitalsimustat.umh.es\/files\/2023\/05\/logo-ministerio.png&#8221; title_text=&#8221;logo-ministerio&#8221; align=&#8221;right&#8221; _builder_version=&#8221;4.17.4&#8243; _module_preset=&#8221;default&#8221; transform_scale_tablet=&#8221;&#8221; transform_scale_phone=&#8221;&#8221; transform_scale_last_edited=&#8221;on|phone&#8221; transform_translate=&#8221;0px|-12px&#8221; transform_translate_tablet=&#8221;-150px|-25px&#8221; transform_translate_phone=&#8221;19px|-15px&#8221; transform_translate_last_edited=&#8221;on|phone&#8221; transform_translate_linked=&#8221;off&#8221; transform_rotate_tablet=&#8221;&#8221; transform_rotate_phone=&#8221;&#8221; transform_rotate_last_edited=&#8221;on|phone&#8221; transform_skew_tablet=&#8221;&#8221; transform_skew_phone=&#8221;&#8221; transform_skew_last_edited=&#8221;on|phone&#8221; transform_origin_tablet=&#8221;&#8221; transform_origin_phone=&#8221;&#8221; transform_origin_last_edited=&#8221;on|phone&#8221; transform_styles_last_edited=&#8221;on|phone&#8221; width=&#8221;80%&#8221; max_width_tablet=&#8221;30%&#8221; max_width_phone=&#8221;40%&#8221; max_width_last_edited=&#8221;on|phone&#8221; transform_styles_tablet=&#8221;&#8221; transform_styles_phone=&#8221;&#8221; module_alignment_tablet=&#8221;center&#8221; module_alignment_phone=&#8221;left&#8221; module_alignment_last_edited=&#8221;on|phone&#8221; global_colors_info=&#8221;{}&#8221;][\/et_pb_image][\/et_pb_column][et_pb_column type=&#8221;1_3&#8243; _builder_version=&#8221;4.17.4&#8243; _module_preset=&#8221;default&#8221; transform_scale_tablet=&#8221;&#8221; transform_scale_phone=&#8221;&#8221; transform_scale_last_edited=&#8221;on|tablet&#8221; transform_translate_tablet=&#8221;0px|-10px&#8221; transform_translate_phone=&#8221;0px|-10px&#8221; transform_translate_last_edited=&#8221;on|tablet&#8221; transform_translate_linked_tablet=&#8221;off&#8221; transform_rotate_tablet=&#8221;&#8221; transform_rotate_phone=&#8221;&#8221; transform_rotate_last_edited=&#8221;on|tablet&#8221; transform_skew_tablet=&#8221;&#8221; transform_skew_phone=&#8221;&#8221; transform_skew_last_edited=&#8221;on|tablet&#8221; transform_origin_tablet=&#8221;&#8221; transform_origin_phone=&#8221;&#8221; transform_origin_last_edited=&#8221;on|tablet&#8221; transform_styles_last_edited=&#8221;on|tablet&#8221; transform_styles_tablet=&#8221;&#8221; transform_styles_phone=&#8221;&#8221; global_colors_info=&#8221;{}&#8221;][et_pb_image src=&#8221;https:\/\/unidigitalsimustat.umh.es\/files\/2023\/05\/logo-plan-recuperacion.png&#8221; title_text=&#8221;logo-plan-recuperacion&#8221; _builder_version=&#8221;4.17.4&#8243; _module_preset=&#8221;default&#8221; transform_scale_tablet=&#8221;&#8221; transform_scale_phone=&#8221;&#8221; transform_scale_last_edited=&#8221;on|phone&#8221; transform_translate=&#8221;0px|-5px&#8221; transform_translate_tablet=&#8221;-1px|-76px&#8221; transform_translate_phone=&#8221;78px|-72px&#8221; transform_translate_last_edited=&#8221;on|phone&#8221; transform_translate_linked=&#8221;off&#8221; transform_rotate_tablet=&#8221;&#8221; transform_rotate_phone=&#8221;&#8221; transform_rotate_last_edited=&#8221;on|phone&#8221; transform_skew_tablet=&#8221;&#8221; transform_skew_phone=&#8221;&#8221; transform_skew_last_edited=&#8221;on|phone&#8221; transform_origin_tablet=&#8221;&#8221; transform_origin_phone=&#8221;&#8221; transform_origin_last_edited=&#8221;on|phone&#8221; transform_styles_last_edited=&#8221;on|phone&#8221; width=&#8221;90%&#8221; max_width_tablet=&#8221;30%&#8221; max_width_phone=&#8221;45%&#8221; max_width_last_edited=&#8221;on|phone&#8221; module_alignment=&#8221;center&#8221; transform_styles_tablet=&#8221;&#8221; transform_styles_phone=&#8221;&#8221; global_colors_info=&#8221;{}&#8221;][\/et_pb_image][\/et_pb_column][et_pb_column type=&#8221;1_3&#8243; _builder_version=&#8221;4.17.4&#8243; _module_preset=&#8221;default&#8221; transform_scale_tablet=&#8221;&#8221; transform_scale_phone=&#8221;&#8221; transform_scale_last_edited=&#8221;on|tablet&#8221; transform_translate_tablet=&#8221;50px|-18px&#8221; transform_translate_phone=&#8221;0px|-10px&#8221; transform_translate_last_edited=&#8221;on|tablet&#8221; transform_translate_linked_tablet=&#8221;off&#8221; transform_rotate_tablet=&#8221;&#8221; transform_rotate_phone=&#8221;&#8221; transform_rotate_last_edited=&#8221;on|tablet&#8221; transform_skew_tablet=&#8221;&#8221; transform_skew_phone=&#8221;&#8221; transform_skew_last_edited=&#8221;on|tablet&#8221; transform_origin_tablet=&#8221;&#8221; transform_origin_phone=&#8221;&#8221; transform_origin_last_edited=&#8221;on|tablet&#8221; transform_styles_last_edited=&#8221;on|tablet&#8221; transform_styles_tablet=&#8221;&#8221; transform_styles_phone=&#8221;&#8221; global_colors_info=&#8221;{}&#8221;][et_pb_image src=&#8221;https:\/\/unidigitalsimustat.umh.es\/files\/2023\/05\/logo-UE.png&#8221; title_text=&#8221;logo-UE&#8221; _builder_version=&#8221;4.17.4&#8243; _module_preset=&#8221;default&#8221; transform_scale_tablet=&#8221;&#8221; transform_scale_phone=&#8221;&#8221; transform_scale_last_edited=&#8221;on|phone&#8221; transform_translate=&#8221;-15px|-5px&#8221; transform_translate_tablet=&#8221;100px|-125px&#8221; transform_translate_phone=&#8221;0px|-85px&#8221; transform_translate_last_edited=&#8221;on|phone&#8221; transform_translate_linked=&#8221;off&#8221; transform_rotate_tablet=&#8221;&#8221; transform_rotate_phone=&#8221;&#8221; transform_rotate_last_edited=&#8221;on|phone&#8221; transform_skew_tablet=&#8221;&#8221; transform_skew_phone=&#8221;&#8221; transform_skew_last_edited=&#8221;on|phone&#8221; transform_origin_tablet=&#8221;&#8221; transform_origin_phone=&#8221;&#8221; transform_origin_last_edited=&#8221;on|phone&#8221; transform_styles_last_edited=&#8221;on|phone&#8221; width=&#8221;80%&#8221; width_tablet=&#8221;80%&#8221; width_phone=&#8221;45%&#8221; width_last_edited=&#8221;on|phone&#8221; max_width_tablet=&#8221;30%&#8221; max_width_phone=&#8221;30%&#8221; max_width_last_edited=&#8221;on|tablet&#8221; module_alignment=&#8221;center&#8221; transform_styles_tablet=&#8221;&#8221; transform_styles_phone=&#8221;&#8221; global_colors_info=&#8221;{}&#8221;][\/et_pb_image][\/et_pb_column][\/et_pb_row][\/et_pb_section][et_pb_section fb_built=&#8221;1&#8243; _builder_version=&#8221;4.17.4&#8243; _module_preset=&#8221;default&#8221; transform_scale_tablet=&#8221;&#8221; transform_scale_phone=&#8221;&#8221; transform_scale_last_edited=&#8221;on|phone&#8221; transform_translate_tablet=&#8221;&#8221; transform_translate_phone=&#8221;0px|-15px&#8221; transform_translate_last_edited=&#8221;on|phone&#8221; transform_translate_linked_phone=&#8221;off&#8221; transform_rotate_tablet=&#8221;&#8221; transform_rotate_phone=&#8221;&#8221; transform_rotate_last_edited=&#8221;on|phone&#8221; transform_skew_tablet=&#8221;&#8221; transform_skew_phone=&#8221;&#8221; transform_skew_last_edited=&#8221;on|phone&#8221; transform_origin_tablet=&#8221;&#8221; transform_origin_phone=&#8221;&#8221; transform_origin_last_edited=&#8221;on|phone&#8221; transform_styles_last_edited=&#8221;on|phone&#8221; custom_padding=&#8221;0px|||||&#8221; transform_styles_tablet=&#8221;&#8221; transform_styles_phone=&#8221;&#8221; global_colors_info=&#8221;{}&#8221;][et_pb_row _builder_version=&#8221;4.17.4&#8243; _module_preset=&#8221;default&#8221; transform_scale_tablet=&#8221;&#8221; transform_scale_phone=&#8221;&#8221; transform_scale_last_edited=&#8221;on|phone&#8221; transform_translate_tablet=&#8221;0px|-150px&#8221; transform_translate_phone=&#8221;0px|-90px&#8221; transform_translate_last_edited=&#8221;on|phone&#8221; transform_translate_linked_tablet=&#8221;off&#8221; transform_translate_linked_phone=&#8221;off&#8221; transform_rotate_tablet=&#8221;&#8221; transform_rotate_phone=&#8221;&#8221; transform_rotate_last_edited=&#8221;on|phone&#8221; transform_skew_tablet=&#8221;&#8221; transform_skew_phone=&#8221;&#8221; transform_skew_last_edited=&#8221;on|phone&#8221; transform_origin_tablet=&#8221;&#8221; transform_origin_phone=&#8221;&#8221; transform_origin_last_edited=&#8221;on|phone&#8221; transform_styles_last_edited=&#8221;on|phone&#8221; transform_styles_tablet=&#8221;&#8221; transform_styles_phone=&#8221;&#8221; global_colors_info=&#8221;{}&#8221;][et_pb_column type=&#8221;4_4&#8243; _builder_version=&#8221;4.17.4&#8243; _module_preset=&#8221;default&#8221; global_colors_info=&#8221;{}&#8221;][et_pb_text admin_label=&#8221;Texto&#8221; _builder_version=&#8221;4.17.4&#8243; _module_preset=&#8221;default&#8221; text_font=&#8221;Heebo|500|||||||&#8221; text_font_size=&#8221;16px&#8221; header_font=&#8221;Signika||||||||&#8221; hover_enabled=&#8221;0&#8243; inline_fonts=&#8221;Heebo&#8221; global_colors_info=&#8221;{}&#8221; sticky_enabled=&#8221;0&#8243;]<\/p>\n<h2><strong><span style=\"color: #333333\">Presentaci\u00f3n del Plan Unidigital UMH 2022-2023-2024<\/span><\/strong><\/h2>\n<p><strong><span style=\"color: #333333\">por el Rector de la UMH y el Delegado del Rector para la Transformaci\u00f3n Digital de la UMH el 15 de octubre de 2024 en Elche:<\/span><\/strong><\/p>\n<p><iframe loading=\"lazy\" title=\"Presentaci\u00f3n Plan UniDigital UMH 2022-2023-2024\" width=\"1080\" height=\"608\" src=\"https:\/\/www.youtube.com\/embed\/WoWdEWR6scw?feature=oembed\"  allow=\"accelerometer; autoplay; clipboard-write; encrypted-media; gyroscope; picture-in-picture; web-share\" referrerpolicy=\"strict-origin-when-cross-origin\" allowfullscreen><\/iframe><\/p>\n<p style=\"text-align: center\"><span style=\"font-weight: 400;color: #333333\"><\/span><\/p>\n<p style=\"text-align: center\"><span style=\"font-weight: 400;color: #333333\"><\/span><\/p>\n<h2><span style=\"color: #333333\">Presentaci\u00f3n de los Proyectos de Ciencias de la Salud desarrollados dentro del Plan Unidigital UMH 2022-2023-2024<\/span><\/h2>\n<p><strong>por el Delegado del Rector para la Transformaci\u00f3n Digital de la UMH y el Decano de la Facultad de Medicina de la UMH el 30 de octubre de 2024 en Sant Joan d&#8217;Alacant:<\/strong><\/p>\n<p><iframe loading=\"lazy\" title=\"Presentacion Proyectos CCSS Plan Unidigital UMH\" width=\"1080\" height=\"608\" src=\"https:\/\/www.youtube.com\/embed\/M-8Iqg9otQo?feature=oembed\"  allow=\"accelerometer; autoplay; clipboard-write; encrypted-media; gyroscope; picture-in-picture; web-share\" referrerpolicy=\"strict-origin-when-cross-origin\" allowfullscreen><\/iframe><\/p>\n<p>[\/et_pb_text][et_pb_text _builder_version=&#8221;4.17.4&#8243; _module_preset=&#8221;default&#8221; hover_enabled=&#8221;0&#8243; global_colors_info=&#8221;{}&#8221; sticky_enabled=&#8221;0&#8243;]<\/p>\n<h2><span style=\"font-weight: 400;color: #333333\"><br \/>\n<strong>Notas de Prensa:<\/strong><\/span><\/h2>\n<p>&nbsp;<\/p>\n<h3 style=\"text-align: left\"><a href=\"https:\/\/comunicacion.umh.es\/2024\/10\/15\/plan-unidigital-para-la-modernizacion-y-digitalizacion-del-sistema-publico-universitario-espanol\/\" target=\"_blank\" rel=\"noopener\"><span style=\"font-weight: 400;color: #333333\">Plan UniDigital para la modernizaci\u00f3n y digitalizaci\u00f3n del sistema p\u00fablico universitario espa\u00f1ol<\/span><\/a><\/h3>\n<p><span style=\"font-weight: 400;color: #333333\">Servicio de Comunicacion de la UMH &#8211; 15\/10\/2024<\/span><\/p>\n<h3 style=\"text-align: left\"><a href=\"https:\/\/www.informacion.es\/elche\/2024\/10\/15\/umh-invierte-900-000-euros-109338966.html\" target=\"_blank\" rel=\"noopener\"><span style=\"font-weight: 400;color: #333333\">La UMH invierte casi 900.000 euros en digitalizaci\u00f3n<\/span><\/a><\/h3>\n<p><span style=\"font-weight: 400;color: #333333\">Informaci\u00f3n &#8211; 15\/10\/2024<\/span><\/p>\n<h3 style=\"text-align: left\"><a href=\"https:\/\/comunicacion.umh.es\/2024\/10\/15\/plan-unidigital-para-la-modernizacion-y-digitalizacion-del-sistema-publico-universitario-espanol\/\" target=\"_blank\" rel=\"noopener\"><span style=\"font-weight: 400;color: #333333\">La UMH de Elche mejora en diez puntos el \u00edndice de digitalizaci\u00f3n de la comunidad universitaria<\/span><\/a><\/h3>\n<p><span style=\"font-weight: 400;color: #333333\">Onda Cero-Comunidad Valenciana-Elche &#8211; 15\/10\/2024<\/span><\/p>\n<h3 style=\"text-align: left\"><a href=\"https:\/\/www.elperiodic.com\/elx\/presenta-plan-unidigital-para-modernizacion-digitalizacion-sistema-publico-universitario-espanol_983785\" target=\"_blank\" rel=\"noopener\"><span style=\"font-weight: 400;color: #333333\">La UMH presenta el Plan UniDigital para la modernizaci\u00f3n y digitalizaci\u00f3n del sistema p\u00fablico universitario espa\u00f1ol<\/span><\/a><\/h3>\n<p><span style=\"font-weight: 400;color: #333333\">El Peri\u00f2dic &#8211; 15\/10\/2024<\/span><\/p>\n<p><span style=\"font-weight: 400;color: #333333\"><\/span><\/p>\n<h3 style=\"text-align: left\"><a href=\"https:\/\/cbnoticias.com\/elche\/la-umh-presenta-el-plan-unidigital-para-la-modernizacion-y-digitalizacion-del-sistema-publico-universitario-espanol\/\" target=\"_blank\" rel=\"noopener\"><span style=\"font-weight: 400;color: #333333\">La UMH presenta el Plan UniDigital para la modernizaci\u00f3n y digitalizaci\u00f3n del sistema p\u00fablico universitario espa\u00f1ol<\/span><\/a><\/h3>\n<p><span style=\"font-weight: 400;color: #333333\">Costa Blanca Noticias &#8211; 15\/10\/2024<\/span><\/p>\n<p><span style=\"font-weight: 400;color: #333333\"><\/span><\/p>\n<h3 style=\"text-align: left\"><a href=\"https:\/\/comunicacion.umh.es\/2024\/11\/05\/presentacion-en-el-campus-de-sant-joan-dalacant-de-los-proyectos-unidigital-para-medicina\/\" target=\"_blank\" rel=\"noopener\"><span style=\"font-weight: 400;color: #333333\">Presentaci\u00f3n en el campus de Sant Joan d\u2019Alacant de los proyectos Unidigital para Medicina<\/span><\/a><\/h3>\n<p><span style=\"font-weight: 400;color: #333333\">Servicio de Comunicacion de la UMH &#8211; 05\/11\/2024<\/span><\/p>\n<p><span style=\"font-weight: 400;color: #333333\"><\/span><\/p>\n<h3 style=\"text-align: left\"><a href=\"https:\/\/ruvid.org\/presentacion-en-la-umh-de-los-proyectos-unidigital-para-medicina\/\" target=\"_blank\" rel=\"noopener\"><span style=\"font-weight: 400;color: #333333\">Presentaci\u00f3n en la UMH de los proyectos Unidigital para Medicina<\/span><\/a><\/h3>\n<p><span style=\"font-weight: 400;color: #333333\">Ruvid &#8211; 05\/11\/2024<\/span><\/p>\n<p><span style=\"font-weight: 400;color: #333333\"><\/span><\/p>\n<h3 style=\"text-align: left\"><a href=\"https:\/\/www.publitoral.es\/presentacion-en-el-campus-de-sant-joan-dalacant-de-los-proyectos-unidigital-para-medicina-desarrollados-por-la-umh\/\" target=\"_blank\" rel=\"noopener\"><span style=\"font-weight: 400;color: #333333\">Presentaci\u00f3n en el campus de Sant Joan d\u2019Alacant de los proyectos Unidigital para Medicina desarrollados por la UMH<\/span><\/a><\/h3>\n<p><span style=\"font-weight: 400;color: #333333\">Publilitoral &#8211; 05\/11\/2024<\/span><\/p>\n<h3 style=\"text-align: left\"><a href=\"https:\/\/comunicacion.umh.es\/2023\/10\/20\/presentacion-en-el-campus-de-sant-joan-dalacant-de-la-plataforma-gratuita-openecoe-a-facultades-de-medicina-de-espana\/\" target=\"_blank\" rel=\"noopener\"><span style=\"font-weight: 400;color: #333333\">Presentaci\u00f3n en el campus de Sant Joan d\u2019Alacant de la plataforma gratuita OpenECOE a Facultades de Medicina de Espa\u00f1a<\/span><\/a><\/h3>\n<p><span style=\"font-weight: 400;color: #333333\">Servicio de Comunicaci\u00f3n UMH &#8211; 20\/10\/2023<\/span><\/p>\n<p><span style=\"font-weight: 400;color: #333333\"><\/span><\/p>\n<h3 style=\"text-align: left\"><a href=\"https:\/\/www.informacion.es\/elche\/2023\/10\/20\/umh-cede-20-universidades-llave-93576954.html\" target=\"_blank\" rel=\"noopener\"><span style=\"font-weight: 400;color: #333333\"> Veinte facultades acceden al examen de la UMH de Elche que da la competencia m\u00e9dica <\/span><\/a><\/h3>\n<p><span style=\"font-weight: 400;color: #333333\">Informaci\u00f3n &#8211; 20\/10\/2023<\/span><span style=\"font-weight: 400;color: #333333\"><\/span> <span style=\"font-weight: 400;color: #333333\"><\/span><\/p>\n<h3 style=\"text-align: left\"><a href=\"https:\/\/novaciencia.es\/la-umh-presenta-en-el-campus-de-san-juan-de-alicante-la-plataforma-gratuita-openecoe-a-facultades-de-medicina-de-espana\/\" target=\"_blank\" rel=\"noopener\"><span style=\"font-weight: 400;color: #333333\">La UMH presenta en el campus de San Juan de Alicante la plataforma gratuita OpenECOE a Facultades de Medicina de Espa\u00f1a<\/span><\/a><\/h3>\n<p><span style=\"font-weight: 400;color: #333333\">Nova Ciencia &#8211; 21\/10\/2023<\/span><span style=\"font-weight: 400;color: #333333\"><\/span> <span style=\"font-weight: 400;color: #333333\"><\/span><\/p>\n<h3 style=\"text-align: left\"><a href=\"https:\/\/comunicacion.umh.es\/2023\/05\/12\/la-umh-ofrece-la-aplicacion-openecoe-a-las-facultades-de-medicina-de-espana\/\" target=\"_blank\" rel=\"noopener\"><span style=\"font-weight: 400;color: #333333\">La UMH ofrece la aplicaci\u00f3n OpenECOE a las Facultades de Medicina de Espa\u00f1a<\/span><\/a><\/h3>\n<p><span style=\"font-weight: 400;color: #333333\">Servicio de Comunicaci\u00f3n UMH &#8211; 12\/05\/2023<\/span><\/p>\n<p><span style=\"font-weight: 400;color: #333333\"><\/span><br \/>\n<span style=\"font-weight: 400;color: #333333\"><\/span><br \/>\n<span style=\"font-weight: 400;color: #333333\"><\/span>[\/et_pb_text][\/et_pb_column][\/et_pb_row][\/et_pb_section]<\/p>\n","protected":false},"excerpt":{"rendered":"<p>Plan UNIDIGITAL_UMHPresentaci\u00f3n del Plan Unidigital UMH 2022-2023-2024 por el Rector de la UMH y el Delegado del Rector para la Transformaci\u00f3n Digital de la UMH el 15 de octubre de 2024 en Elche: Presentaci\u00f3n de los Proyectos de Ciencias de la Salud desarrollados dentro del Plan Unidigital UMH 2022-2023-2024 por el Delegado del Rector para [&hellip;]<\/p>\n","protected":false},"author":1,"featured_media":0,"parent":0,"menu_order":0,"comment_status":"closed","ping_status":"closed","template":"","meta":{"_et_pb_use_builder":"on","_et_pb_old_content":"","_et_gb_content_width":"","_links_to":"","_links_to_target":""},"_links":{"self":[{"href":"https:\/\/unidigital.umh.es\/en\/wp-json\/wp\/v2\/pages\/2482"}],"collection":[{"href":"https:\/\/unidigital.umh.es\/en\/wp-json\/wp\/v2\/pages"}],"about":[{"href":"https:\/\/unidigital.umh.es\/en\/wp-json\/wp\/v2\/types\/page"}],"author":[{"embeddable":true,"href":"https:\/\/unidigital.umh.es\/en\/wp-json\/wp\/v2\/users\/1"}],"replies":[{"embeddable":true,"href":"https:\/\/unidigital.umh.es\/en\/wp-json\/wp\/v2\/comments?post=2482"}],"version-history":[{"count":0,"href":"https:\/\/unidigital.umh.es\/en\/wp-json\/wp\/v2\/pages\/2482\/revisions"}],"wp:attachment":[{"href":"https:\/\/unidigital.umh.es\/en\/wp-json\/wp\/v2\/media?parent=2482"}],"curies":[{"name":"wp","href":"https:\/\/api.w.org\/{rel}","templated":true}]}}