{"id":1960,"date":"2023-11-09T09:02:39","date_gmt":"2023-11-09T08:02:39","guid":{"rendered":"https:\/\/unidigital.umh.es\/?page_id=1960"},"modified":"2024-10-10T14:30:28","modified_gmt":"2024-10-10T12:30:28","slug":"prodigital","status":"publish","type":"page","link":"https:\/\/unidigital.umh.es\/en\/prodigital\/","title":{"rendered":"<span lang=\"es\">(Espa\u00f1ol) PRODIGITAL<\/span>"},"content":{"rendered":"<p>[et_pb_section fb_built=&#8221;1&#8243; _builder_version=&#8221;4.17.4&#8243; _module_preset=&#8221;default&#8221; background_color=&#8221;RGBA(255,255,255,0)&#8221; background_image=&#8221;https:\/\/unidigital.umh.es\/files\/2023\/11\/city-3213676_1920.jpg&#8221; transform_scale_tablet=&#8221;&#8221; transform_scale_phone=&#8221;&#8221; transform_scale_last_edited=&#8221;on|tablet&#8221; transform_translate_tablet=&#8221;0px|-60px&#8221; transform_translate_phone=&#8221;0px|-60px&#8221; transform_translate_last_edited=&#8221;on|tablet&#8221; transform_translate_linked_tablet=&#8221;off&#8221; transform_rotate_tablet=&#8221;&#8221; transform_rotate_phone=&#8221;&#8221; transform_rotate_last_edited=&#8221;on|tablet&#8221; transform_skew_tablet=&#8221;&#8221; transform_skew_phone=&#8221;&#8221; transform_skew_last_edited=&#8221;on|tablet&#8221; transform_origin_tablet=&#8221;&#8221; transform_origin_phone=&#8221;&#8221; transform_origin_last_edited=&#8221;on|tablet&#8221; transform_styles_last_edited=&#8221;on|tablet&#8221; width=&#8221;100%&#8221; module_alignment=&#8221;center&#8221; height=&#8221;270px&#8221; background_color_tablet=&#8221;#BFBFBF&#8221; background_color_phone=&#8221;#A6A6A6&#8243; background_enable_color_tablet=&#8221;on&#8221; background_enable_color_phone=&#8221;on&#8221; background_blend_tablet=&#8221;overlay&#8221; background_blend_phone=&#8221;overlay&#8221; transform_styles_tablet=&#8221;&#8221; transform_styles_phone=&#8221;&#8221; global_colors_info=&#8221;{}&#8221;][et_pb_row _builder_version=&#8221;4.17.4&#8243; _module_preset=&#8221;default&#8221; transform_scale_tablet=&#8221;&#8221; transform_scale_phone=&#8221;&#8221; transform_scale_last_edited=&#8221;on|phone&#8221; transform_translate=&#8221;20px|-50px&#8221; transform_translate_tablet=&#8221;-33px|10px&#8221; transform_translate_phone=&#8221;15px|-55px&#8221; transform_translate_last_edited=&#8221;on|phone&#8221; transform_translate_linked=&#8221;off&#8221; transform_rotate_tablet=&#8221;&#8221; transform_rotate_phone=&#8221;&#8221; transform_rotate_last_edited=&#8221;on|phone&#8221; transform_skew_tablet=&#8221;&#8221; transform_skew_phone=&#8221;&#8221; transform_skew_last_edited=&#8221;on|phone&#8221; transform_origin_tablet=&#8221;&#8221; transform_origin_phone=&#8221;&#8221; transform_origin_last_edited=&#8221;on|phone&#8221; transform_styles_last_edited=&#8221;on|phone&#8221; width=&#8221;100%&#8221; max_width=&#8221;1094px&#8221; module_alignment=&#8221;center&#8221; background_color_phone=&#8221;RGBA(255,255,255,0)&#8221; background_last_edited=&#8221;on|phone&#8221; background_enable_color_phone=&#8221;on&#8221; transform_styles_tablet=&#8221;&#8221; transform_styles_phone=&#8221;&#8221; global_colors_info=&#8221;{}&#8221;][et_pb_column type=&#8221;4_4&#8243; _builder_version=&#8221;4.17.4&#8243; _module_preset=&#8221;default&#8221; global_colors_info=&#8221;{}&#8221;][et_pb_text _builder_version=&#8221;4.17.4&#8243; _module_preset=&#8221;default&#8221; text_font=&#8221;Overpass||||||||&#8221; text_text_color=&#8221;#2E2E2E&#8221; text_font_size=&#8221;30px&#8221; text_line_height=&#8221;1.8em&#8221; header_font=&#8221;Overpass||||||||&#8221; header_text_align=&#8221;left&#8221; header_font_size=&#8221;45px&#8221; header_line_height=&#8221;1.1em&#8221; header_2_font=&#8221;Overpass||||||||&#8221; background_color=&#8221;RGBA(255,255,255,0)&#8221; transform_scale_tablet=&#8221;&#8221; transform_scale_phone=&#8221;&#8221; transform_scale_last_edited=&#8221;on|phone&#8221; transform_translate_tablet=&#8221;&#8221; transform_translate_phone=&#8221;0px|60px&#8221; transform_translate_last_edited=&#8221;on|phone&#8221; transform_translate_linked_phone=&#8221;off&#8221; transform_rotate_tablet=&#8221;&#8221; transform_rotate_phone=&#8221;&#8221; transform_rotate_last_edited=&#8221;on|phone&#8221; transform_skew_tablet=&#8221;&#8221; transform_skew_phone=&#8221;&#8221; transform_skew_last_edited=&#8221;on|phone&#8221; transform_origin_tablet=&#8221;&#8221; transform_origin_phone=&#8221;&#8221; transform_origin_last_edited=&#8221;on|phone&#8221; transform_styles_last_edited=&#8221;on|phone&#8221; width=&#8221;100%&#8221; width_tablet=&#8221;65%&#8221; width_phone=&#8221;100%&#8221; width_last_edited=&#8221;on|phone&#8221; max_width_tablet=&#8221;&#8221; max_width_phone=&#8221;100%&#8221; max_width_last_edited=&#8221;on|phone&#8221; module_alignment=&#8221;center&#8221; custom_padding=&#8221;||39px|||&#8221; transform_styles_tablet=&#8221;&#8221; transform_styles_phone=&#8221;&#8221; global_colors_info=&#8221;{}&#8221;]<\/p>\n<p><span style=\"color: #ffffff\">Proyecto<\/span><\/p>\n<h1><span style=\"color: #ffffff\"><b>PRODIGITAL<\/b><\/span><\/h1>\n<p>[\/et_pb_text][\/et_pb_column][\/et_pb_row][et_pb_row column_structure=&#8221;1_3,1_3,1_3&#8243; _builder_version=&#8221;4.17.4&#8243; _module_preset=&#8221;default&#8221; background_color=&#8221;rgba(255,255,255,0.92)&#8221; transform_scale_tablet=&#8221;&#8221; transform_scale_phone=&#8221;&#8221; transform_scale_last_edited=&#8221;on|phone&#8221; transform_translate=&#8221;300px|-90px&#8221; transform_translate_tablet=&#8221;80px|-45px&#8221; transform_translate_phone=&#8221;0px|-50px&#8221; transform_translate_last_edited=&#8221;on|phone&#8221; transform_translate_linked=&#8221;off&#8221; transform_rotate_tablet=&#8221;&#8221; transform_rotate_phone=&#8221;&#8221; transform_rotate_last_edited=&#8221;on|phone&#8221; transform_skew_tablet=&#8221;&#8221; transform_skew_phone=&#8221;&#8221; transform_skew_last_edited=&#8221;on|phone&#8221; transform_origin_tablet=&#8221;&#8221; transform_origin_phone=&#8221;&#8221; transform_origin_last_edited=&#8221;on|phone&#8221; transform_styles_last_edited=&#8221;on|phone&#8221; width=&#8221;40%&#8221; width_tablet=&#8221;60%&#8221; width_phone=&#8221;100%&#8221; width_last_edited=&#8221;on|phone&#8221; max_width_tablet=&#8221;2560%&#8221; max_width_phone=&#8221;2560%&#8221; max_width_last_edited=&#8221;on|tablet&#8221; min_height=&#8221;100px&#8221; min_height_tablet=&#8221;100px&#8221; min_height_phone=&#8221;100px&#8221; min_height_last_edited=&#8221;on|tablet&#8221; height=&#8221;100px&#8221; height_tablet=&#8221;100px&#8221; height_phone=&#8221;140px&#8221; height_last_edited=&#8221;on|phone&#8221; transform_styles_tablet=&#8221;&#8221; transform_styles_phone=&#8221;&#8221; global_colors_info=&#8221;{}&#8221; max_width__hover_enabled=&#8221;off|desktop&#8221;][et_pb_column type=&#8221;1_3&#8243; _builder_version=&#8221;4.17.4&#8243; _module_preset=&#8221;default&#8221; global_colors_info=&#8221;{}&#8221;][et_pb_image src=&#8221;https:\/\/unidigitalsimustat.umh.es\/files\/2023\/05\/logo-ministerio.png&#8221; title_text=&#8221;logo-ministerio&#8221; align=&#8221;right&#8221; _builder_version=&#8221;4.17.4&#8243; _module_preset=&#8221;default&#8221; transform_scale_tablet=&#8221;&#8221; transform_scale_phone=&#8221;&#8221; transform_scale_last_edited=&#8221;on|phone&#8221; transform_translate=&#8221;0px|-12px&#8221; transform_translate_tablet=&#8221;-150px|-25px&#8221; transform_translate_phone=&#8221;19px|-15px&#8221; transform_translate_last_edited=&#8221;on|phone&#8221; transform_translate_linked=&#8221;off&#8221; transform_rotate_tablet=&#8221;&#8221; transform_rotate_phone=&#8221;&#8221; transform_rotate_last_edited=&#8221;on|phone&#8221; transform_skew_tablet=&#8221;&#8221; transform_skew_phone=&#8221;&#8221; transform_skew_last_edited=&#8221;on|phone&#8221; transform_origin_tablet=&#8221;&#8221; transform_origin_phone=&#8221;&#8221; transform_origin_last_edited=&#8221;on|phone&#8221; transform_styles_last_edited=&#8221;on|phone&#8221; width=&#8221;80%&#8221; max_width_tablet=&#8221;30%&#8221; max_width_phone=&#8221;40%&#8221; max_width_last_edited=&#8221;on|phone&#8221; transform_styles_tablet=&#8221;&#8221; transform_styles_phone=&#8221;&#8221; module_alignment_tablet=&#8221;center&#8221; module_alignment_phone=&#8221;left&#8221; module_alignment_last_edited=&#8221;on|phone&#8221; global_colors_info=&#8221;{}&#8221;][\/et_pb_image][\/et_pb_column][et_pb_column type=&#8221;1_3&#8243; _builder_version=&#8221;4.17.4&#8243; _module_preset=&#8221;default&#8221; transform_scale_tablet=&#8221;&#8221; transform_scale_phone=&#8221;&#8221; transform_scale_last_edited=&#8221;on|tablet&#8221; transform_translate_tablet=&#8221;0px|-10px&#8221; transform_translate_phone=&#8221;0px|-10px&#8221; transform_translate_last_edited=&#8221;on|tablet&#8221; transform_translate_linked_tablet=&#8221;off&#8221; transform_rotate_tablet=&#8221;&#8221; transform_rotate_phone=&#8221;&#8221; transform_rotate_last_edited=&#8221;on|tablet&#8221; transform_skew_tablet=&#8221;&#8221; transform_skew_phone=&#8221;&#8221; transform_skew_last_edited=&#8221;on|tablet&#8221; transform_origin_tablet=&#8221;&#8221; transform_origin_phone=&#8221;&#8221; transform_origin_last_edited=&#8221;on|tablet&#8221; transform_styles_last_edited=&#8221;on|tablet&#8221; transform_styles_tablet=&#8221;&#8221; transform_styles_phone=&#8221;&#8221; global_colors_info=&#8221;{}&#8221;][et_pb_image src=&#8221;https:\/\/unidigitalsimustat.umh.es\/files\/2023\/05\/logo-plan-recuperacion.png&#8221; title_text=&#8221;logo-plan-recuperacion&#8221; _builder_version=&#8221;4.17.4&#8243; _module_preset=&#8221;default&#8221; transform_scale_tablet=&#8221;&#8221; transform_scale_phone=&#8221;&#8221; transform_scale_last_edited=&#8221;on|phone&#8221; transform_translate=&#8221;0px|-5px&#8221; transform_translate_tablet=&#8221;-1px|-76px&#8221; transform_translate_phone=&#8221;78px|-72px&#8221; transform_translate_last_edited=&#8221;on|phone&#8221; transform_translate_linked=&#8221;off&#8221; transform_rotate_tablet=&#8221;&#8221; transform_rotate_phone=&#8221;&#8221; transform_rotate_last_edited=&#8221;on|phone&#8221; transform_skew_tablet=&#8221;&#8221; transform_skew_phone=&#8221;&#8221; transform_skew_last_edited=&#8221;on|phone&#8221; transform_origin_tablet=&#8221;&#8221; transform_origin_phone=&#8221;&#8221; transform_origin_last_edited=&#8221;on|phone&#8221; transform_styles_last_edited=&#8221;on|phone&#8221; width=&#8221;90%&#8221; max_width_tablet=&#8221;30%&#8221; max_width_phone=&#8221;45%&#8221; max_width_last_edited=&#8221;on|phone&#8221; module_alignment=&#8221;center&#8221; transform_styles_tablet=&#8221;&#8221; transform_styles_phone=&#8221;&#8221; global_colors_info=&#8221;{}&#8221;][\/et_pb_image][\/et_pb_column][et_pb_column type=&#8221;1_3&#8243; _builder_version=&#8221;4.17.4&#8243; _module_preset=&#8221;default&#8221; transform_scale_tablet=&#8221;&#8221; transform_scale_phone=&#8221;&#8221; transform_scale_last_edited=&#8221;on|tablet&#8221; transform_translate_tablet=&#8221;50px|-18px&#8221; transform_translate_phone=&#8221;0px|-10px&#8221; transform_translate_last_edited=&#8221;on|tablet&#8221; transform_translate_linked_tablet=&#8221;off&#8221; transform_rotate_tablet=&#8221;&#8221; transform_rotate_phone=&#8221;&#8221; transform_rotate_last_edited=&#8221;on|tablet&#8221; transform_skew_tablet=&#8221;&#8221; transform_skew_phone=&#8221;&#8221; transform_skew_last_edited=&#8221;on|tablet&#8221; transform_origin_tablet=&#8221;&#8221; transform_origin_phone=&#8221;&#8221; transform_origin_last_edited=&#8221;on|tablet&#8221; transform_styles_last_edited=&#8221;on|tablet&#8221; transform_styles_tablet=&#8221;&#8221; transform_styles_phone=&#8221;&#8221; global_colors_info=&#8221;{}&#8221;][et_pb_image src=&#8221;https:\/\/unidigitalsimustat.umh.es\/files\/2023\/05\/logo-UE.png&#8221; title_text=&#8221;logo-UE&#8221; _builder_version=&#8221;4.17.4&#8243; _module_preset=&#8221;default&#8221; transform_scale_tablet=&#8221;&#8221; transform_scale_phone=&#8221;&#8221; transform_scale_last_edited=&#8221;on|phone&#8221; transform_translate=&#8221;-15px|-5px&#8221; transform_translate_tablet=&#8221;100px|-125px&#8221; transform_translate_phone=&#8221;0px|-85px&#8221; transform_translate_last_edited=&#8221;on|phone&#8221; transform_translate_linked=&#8221;off&#8221; transform_rotate_tablet=&#8221;&#8221; transform_rotate_phone=&#8221;&#8221; transform_rotate_last_edited=&#8221;on|phone&#8221; transform_skew_tablet=&#8221;&#8221; transform_skew_phone=&#8221;&#8221; transform_skew_last_edited=&#8221;on|phone&#8221; transform_origin_tablet=&#8221;&#8221; transform_origin_phone=&#8221;&#8221; transform_origin_last_edited=&#8221;on|phone&#8221; transform_styles_last_edited=&#8221;on|phone&#8221; width=&#8221;80%&#8221; width_tablet=&#8221;80%&#8221; width_phone=&#8221;45%&#8221; width_last_edited=&#8221;on|phone&#8221; max_width_tablet=&#8221;30%&#8221; max_width_phone=&#8221;30%&#8221; max_width_last_edited=&#8221;on|tablet&#8221; module_alignment=&#8221;center&#8221; transform_styles_tablet=&#8221;&#8221; transform_styles_phone=&#8221;&#8221; global_colors_info=&#8221;{}&#8221;][\/et_pb_image][\/et_pb_column][\/et_pb_row][\/et_pb_section][et_pb_section fb_built=&#8221;1&#8243; _builder_version=&#8221;4.17.4&#8243; _module_preset=&#8221;default&#8221; background_color=&#8221;#FFFFFF&#8221; background_enable_image=&#8221;off&#8221; background_blend=&#8221;overlay&#8221; min_height=&#8221;564px&#8221; custom_margin=&#8221;-17px|||||&#8221; custom_padding=&#8221;21px|||||&#8221; global_colors_info=&#8221;{}&#8221;][et_pb_row _builder_version=&#8221;4.17.4&#8243; _module_preset=&#8221;default&#8221; transform_scale_tablet=&#8221;&#8221; transform_scale_phone=&#8221;&#8221; transform_scale_last_edited=&#8221;on|phone&#8221; transform_translate_tablet=&#8221;0px|-150px&#8221; transform_translate_phone=&#8221;0px|-100px&#8221; transform_translate_last_edited=&#8221;on|desktop&#8221; transform_translate_linked_tablet=&#8221;off&#8221; transform_rotate_tablet=&#8221;&#8221; transform_rotate_phone=&#8221;&#8221; transform_rotate_last_edited=&#8221;on|desktop&#8221; transform_skew_tablet=&#8221;&#8221; transform_skew_phone=&#8221;&#8221; transform_skew_last_edited=&#8221;on|desktop&#8221; transform_origin_tablet=&#8221;&#8221; transform_origin_phone=&#8221;&#8221; transform_origin_last_edited=&#8221;on|desktop&#8221; transform_styles_last_edited=&#8221;on|phone&#8221; transform_styles_tablet=&#8221;&#8221; transform_styles_phone=&#8221;&#8221; global_colors_info=&#8221;{}&#8221;][et_pb_column type=&#8221;4_4&#8243; _builder_version=&#8221;4.17.4&#8243; _module_preset=&#8221;default&#8221; global_colors_info=&#8221;{}&#8221;][et_pb_text _builder_version=&#8221;4.17.4&#8243; _module_preset=&#8221;default&#8221; text_font=&#8221;|500|||||||&#8221; header_font=&#8221;Overpass||||||||&#8221; header_2_font=&#8221;Heebo|600|||||||&#8221; text_orientation=&#8221;right&#8221; width=&#8221;100%&#8221; max_width_tablet=&#8221;95%&#8221; max_width_phone=&#8221;95%&#8221; max_width_last_edited=&#8221;on|tablet&#8221; module_alignment=&#8221;right&#8221; custom_margin=&#8221;0px||||false|false&#8221; custom_padding=&#8221;||0px|||&#8221; inline_fonts=&#8221;Heebo&#8221; global_colors_info=&#8221;{}&#8221;]<\/p>\n<div class=\"et_pb_module et_pb_text et_pb_text_1  et_pb_text_align_right et_pb_bg_layout_light\">\n<div class=\"et_pb_text_inner\">\n<div class=\"et_pb_module et_pb_text et_pb_text_1  et_pb_text_align_right et_pb_bg_layout_light\">\n<div class=\"et_pb_text_inner\">\n<p style=\"text-align: left\"><span style=\"color: #333333\"><span style=\"font-weight: 400\">El proyecto<\/span><b> \u201c<\/b><span style=\"font-weight: 400\">Evaluaci\u00f3n, desarrollo y certificaci\u00f3n de la competencia digital de la comunidad universitaria\u201d (PRODIGITAL) es un proyecto colaborativo coordinado por la Universitat Jaume I donde la UMH participa con un presupuesto de 133.940,62 \u20ac y una duraci\u00f3n de 24 meses.<\/span><\/span><\/p>\n<p style=\"text-align: left\"><span style=\"font-weight: 400;color: #333333\">Uno de los factores clave para la integraci\u00f3n de las TIC en la educaci\u00f3n superior es la competencia digital (CD) de la comunidad universitaria. El objetivo principal de este proyecto es dise\u00f1ar y desarrollar una plataforma para la mejora de dicha CD, que le permita al usuario conocer su nivel, le proporcione una propuesta formativa a partir de recursos educativos abiertos y le ofrezca un sistema de certificaci\u00f3n basado en los marcos europeos.<\/span><\/p>\n<p style=\"text-align: left\"><span style=\"font-weight: 400;color: #333333\">A lo largo del proyecto, y siguiendo la metodolog\u00eda DBR, se llevar\u00e1n a cabo diferentes fases iterativas en la que participar\u00e1n servicios y responsables en materia de Tecnolog\u00eda Educativa de las universidades participantes, profesorado experto, y una muestra de PDI, PAS y alumnado para su validaci\u00f3n.<\/span><\/p>\n<p style=\"text-align: left\"><span style=\"font-weight: 400;color: #333333\">Los principales resultados esperados son (1) la creaci\u00f3n de una plataforma de evaluaci\u00f3n y agregaci\u00f3n de recursos formativos para la mejora de la CD (perfil general y docente); (2) el dise\u00f1o de una estrategia compartida de formaci\u00f3n y certificaci\u00f3n de la CD; y (3) la creaci\u00f3n del repertorio compartido de recursos formativos abiertos, en formato digital y multimedia, accesibles para toda la comunidad universitaria.<\/span><\/p>\n<\/div>\n<\/div>\n<\/div>\n<\/div>\n<p>[\/et_pb_text][et_pb_text _builder_version=&#8221;4.17.4&#8243; _module_preset=&#8221;default&#8221; text_font=&#8221;|500|||||||&#8221; header_font=&#8221;Overpass||||||||&#8221; header_2_font=&#8221;Heebo|600|||||||&#8221; text_orientation=&#8221;right&#8221; width=&#8221;100%&#8221; max_width_tablet=&#8221;95%&#8221; max_width_phone=&#8221;95%&#8221; max_width_last_edited=&#8221;on|tablet&#8221; module_alignment=&#8221;right&#8221; custom_margin=&#8221;0px||||false|false&#8221; custom_padding=&#8221;||0px|||&#8221; hover_enabled=&#8221;0&#8243; inline_fonts=&#8221;Heebo&#8221; global_colors_info=&#8221;{}&#8221; sticky_enabled=&#8221;0&#8243;]<\/p>\n<p style=\"text-align: left\"><span style=\"color: #0000ff\"><a href=\"https:\/\/unidigital.umh.es\/files\/2023\/11\/Ficha-Anexo-II_competencias_digitales_fdo.pdf\" target=\"_blank\" rel=\"noopener\" style=\"color: #0000ff\">Descargar ficha del proyecto<\/a><\/span><\/p>\n<p style=\"text-align: left\"><a href=\"https:\/\/uni-prodigital.es\/\" target=\"_blank\" rel=\"noopener\"><span style=\"color: #0000ff\">Accede a la web del proyecto PRODIGITAL (uji)<\/span><\/a><\/p>\n<p>[\/et_pb_text][\/et_pb_column][\/et_pb_row][\/et_pb_section]<\/p>\n","protected":false},"excerpt":{"rendered":"<p>Proyecto PRODIGITAL El proyecto \u201cEvaluaci\u00f3n, desarrollo y certificaci\u00f3n de la competencia digital de la comunidad universitaria\u201d (PRODIGITAL) es un proyecto colaborativo coordinado por la Universitat Jaume I donde la UMH participa con un presupuesto de 133.940,62 \u20ac y una duraci\u00f3n de 24 meses. Uno de los factores clave para la integraci\u00f3n de las TIC en [&hellip;]<\/p>\n","protected":false},"author":24704,"featured_media":0,"parent":0,"menu_order":0,"comment_status":"closed","ping_status":"closed","template":"","meta":{"_et_pb_use_builder":"on","_et_pb_old_content":"","_et_gb_content_width":"","_links_to":"","_links_to_target":""},"_links":{"self":[{"href":"https:\/\/unidigital.umh.es\/en\/wp-json\/wp\/v2\/pages\/1960"}],"collection":[{"href":"https:\/\/unidigital.umh.es\/en\/wp-json\/wp\/v2\/pages"}],"about":[{"href":"https:\/\/unidigital.umh.es\/en\/wp-json\/wp\/v2\/types\/page"}],"author":[{"embeddable":true,"href":"https:\/\/unidigital.umh.es\/en\/wp-json\/wp\/v2\/users\/24704"}],"replies":[{"embeddable":true,"href":"https:\/\/unidigital.umh.es\/en\/wp-json\/wp\/v2\/comments?post=1960"}],"version-history":[{"count":0,"href":"https:\/\/unidigital.umh.es\/en\/wp-json\/wp\/v2\/pages\/1960\/revisions"}],"wp:attachment":[{"href":"https:\/\/unidigital.umh.es\/en\/wp-json\/wp\/v2\/media?parent=1960"}],"curies":[{"name":"wp","href":"https:\/\/api.w.org\/{rel}","templated":true}]}}