{"id":1643,"date":"2023-11-02T11:37:53","date_gmt":"2023-11-02T10:37:53","guid":{"rendered":"https:\/\/ia4legos.umh.es\/?page_id=1643"},"modified":"2023-12-01T18:27:32","modified_gmt":"2023-12-01T17:27:32","slug":"api-keras-para-redes-convolucionales","status":"publish","type":"page","link":"https:\/\/unidigital.umh.es\/en\/api-keras-para-redes-convolucionales\/","title":{"rendered":"<span lang=\"es\">(Espa\u00f1ol) API Keras para redes convolucionales<\/span>"},"content":{"rendered":"<p>[et_pb_section fb_built=&#8221;1&#8243; _builder_version=&#8221;4.17.4&#8243; _module_preset=&#8221;default&#8221; global_colors_info=&#8221;{}&#8221;][et_pb_row _builder_version=&#8221;4.17.4&#8243; _module_preset=&#8221;default&#8221; global_colors_info=&#8221;{}&#8221;][et_pb_column type=&#8221;4_4&#8243; _builder_version=&#8221;4.17.4&#8243; _module_preset=&#8221;default&#8221; global_colors_info=&#8221;{}&#8221;][et_pb_text _builder_version=&#8221;4.17.4&#8243; _module_preset=&#8221;default&#8221; custom_padding=&#8221;4px||4px|||&#8221; link_option_url=&#8221;https:\/\/unidigital.umh.es\/dl-iasac\/&#8221; global_colors_info=&#8221;{}&#8221;]<\/p>\n<h1 style=\"text-align: center\"><span style=\"text-decoration: underline;color: #bf5800\"><strong>IR A CONTENIDOS DEEP LEARNING<\/strong><\/span><\/h1>\n<p>[\/et_pb_text][\/et_pb_column][\/et_pb_row][et_pb_row column_structure=&#8221;1_5,3_5,1_5&#8243; _builder_version=&#8221;4.17.4&#8243; _module_preset=&#8221;default&#8221; global_colors_info=&#8221;{}&#8221;][et_pb_column type=&#8221;1_5&#8243; _builder_version=&#8221;4.17.4&#8243; _module_preset=&#8221;default&#8221; global_colors_info=&#8221;{}&#8221;][et_pb_button button_url=&#8221;https:\/\/unidigital.umh.es\/api-keras-para-redes-multicapa-densas\/&#8221; button_text=&#8221;Unidad 2.1 API Keras para redes multicapa densas&#8221; button_alignment=&#8221;center&#8221; _builder_version=&#8221;4.17.4&#8243; _module_preset=&#8221;default&#8221; custom_button=&#8221;on&#8221; button_text_size=&#8221;14px&#8221; button_text_color=&#8221;#bf4c00&#8243; button_bg_color=&#8221;#FFFFFF&#8221; button_border_color=&#8221;#bf5800&#8243; button_font=&#8221;Roboto||||||||&#8221; button_icon=&#8221;&#x48;||divi||400&#8243; button_icon_placement=&#8221;left&#8221; transform_scale_tablet=&#8221;&#8221; transform_scale_phone=&#8221;&#8221; transform_scale_last_edited=&#8221;on|desktop&#8221; transform_translate=&#8221;-92px|0px&#8221; transform_translate_tablet=&#8221;-21px|0px&#8221; transform_translate_phone=&#8221;-22px|0px&#8221; transform_translate_last_edited=&#8221;on|phone&#8221; transform_translate_linked=&#8221;off&#8221; transform_rotate_tablet=&#8221;&#8221; transform_rotate_phone=&#8221;&#8221; transform_rotate_last_edited=&#8221;on|desktop&#8221; transform_skew_tablet=&#8221;&#8221; transform_skew_phone=&#8221;&#8221; transform_skew_last_edited=&#8221;on|desktop&#8221; transform_origin_tablet=&#8221;&#8221; transform_origin_phone=&#8221;&#8221; transform_origin_last_edited=&#8221;on|desktop&#8221; transform_styles_last_edited=&#8221;on|phone&#8221; custom_margin=&#8221;|-50px|||false|false&#8221; transform_styles_tablet=&#8221;&#8221; transform_styles_phone=&#8221;&#8221; global_colors_info=&#8221;{}&#8221;][\/et_pb_button][\/et_pb_column][et_pb_column type=&#8221;3_5&#8243; _builder_version=&#8221;4.17.4&#8243; _module_preset=&#8221;default&#8221; global_colors_info=&#8221;{}&#8221;][et_pb_text _builder_version=&#8221;4.17.4&#8243; _module_preset=&#8221;default&#8221; text_font=&#8221;Signika||||||||&#8221; header_2_font_size=&#8221;22px&#8221; global_colors_info=&#8221;{}&#8221;]<\/p>\n<h1 style=\"text-align: center\"><strong>M\u00f3dulo 3. Redes Convolucionales<\/strong><\/h1>\n<p><strong><\/strong><\/p>\n<h2 style=\"text-align: center\"><strong>Unidad 3.1 API Keras para redes convolucionales (I)<\/strong><\/h2>\n<p>&nbsp;<\/p>\n<p>[\/et_pb_text][\/et_pb_column][et_pb_column type=&#8221;1_5&#8243; _builder_version=&#8221;4.17.4&#8243; _module_preset=&#8221;default&#8221; global_colors_info=&#8221;{}&#8221;][et_pb_button button_url=&#8221;https:\/\/unidigital.umh.es\/api-keras-para-redes-convolucionales-ii\/&#8221; button_text=&#8221;Unidad 3.2 API Keras para redes convolucionales (II)&#8221; button_alignment=&#8221;center&#8221; _builder_version=&#8221;4.17.4&#8243; _module_preset=&#8221;default&#8221; custom_button=&#8221;on&#8221; button_text_size=&#8221;14px&#8221; button_text_color=&#8221;#bf4c00&#8243; button_bg_color=&#8221;#FFFFFF&#8221; button_border_color=&#8221;#bf5800&#8243; button_font=&#8221;Roboto||||||||&#8221; button_icon=&#8221;&#x49;||divi||400&#8243; transform_scale_tablet=&#8221;&#8221; transform_scale_phone=&#8221;&#8221; transform_scale_last_edited=&#8221;on|tablet&#8221; transform_translate=&#8221;41px|0px&#8221; transform_translate_tablet=&#8221;-20px|0px&#8221; transform_translate_phone=&#8221;-20px|0px&#8221; transform_translate_last_edited=&#8221;on|phone&#8221; transform_translate_linked=&#8221;off&#8221; transform_translate_linked_tablet=&#8221;off&#8221; transform_rotate_tablet=&#8221;&#8221; transform_rotate_phone=&#8221;&#8221; transform_rotate_last_edited=&#8221;on|tablet&#8221; transform_skew_tablet=&#8221;&#8221; transform_skew_phone=&#8221;&#8221; transform_skew_last_edited=&#8221;on|tablet&#8221; transform_origin_tablet=&#8221;&#8221; transform_origin_phone=&#8221;&#8221; transform_origin_last_edited=&#8221;on|tablet&#8221; transform_styles_last_edited=&#8221;on|phone&#8221; custom_margin=&#8221;|-70px|||false|false&#8221; transform_styles_tablet=&#8221;&#8221; transform_styles_phone=&#8221;&#8221; global_colors_info=&#8221;{}&#8221;][\/et_pb_button][\/et_pb_column][\/et_pb_row][et_pb_row column_structure=&#8221;1_3,1_3,1_3&#8243; _builder_version=&#8221;4.17.4&#8243; _module_preset=&#8221;default&#8221; width=&#8221;89%&#8221; max_width=&#8221;1543px&#8221; global_colors_info=&#8221;{}&#8221;][et_pb_column type=&#8221;1_3&#8243; _builder_version=&#8221;4.17.4&#8243; _module_preset=&#8221;default&#8221; global_colors_info=&#8221;{}&#8221;][et_pb_image src=&#8221;https:\/\/ia4legos.umh.es\/files\/2023\/07\/Enlace-a-cuaderno-7.png&#8221; title_text=&#8221;Enlace a cuaderno 7&#8243; url=&#8221;https:\/\/colab.research.google.com\/drive\/1__iLgP1FgfqwCOMZyR1Ao7gMckvhvy7a#scrollTo=-7whhErFzY9J&#8221; url_new_window=&#8221;on&#8221; align=&#8221;center&#8221; _builder_version=&#8221;4.17.4&#8243; _module_preset=&#8221;default&#8221; width=&#8221;50%&#8221; global_colors_info=&#8221;{}&#8221;][\/et_pb_image][et_pb_accordion _builder_version=&#8221;4.17.4&#8243; _module_preset=&#8221;default&#8221; toggle_font=&#8221;Signika||||||||&#8221; hover_enabled=&#8221;0&#8243; global_colors_info=&#8221;{}&#8221; sticky_enabled=&#8221;0&#8243;][et_pb_accordion_item title=&#8221;Tema 7. An\u00e1lisis de im\u00e1genes (I)&#8221; open=&#8221;on&#8221; _builder_version=&#8221;4.17.4&#8243; _module_preset=&#8221;default&#8221; hover_enabled=&#8221;0&#8243; global_colors_info=&#8221;{}&#8221; sticky_enabled=&#8221;0&#8243;]<\/p>\n<ol>\n<li><span style=\"color: #bf5800\"><a href=\"https:\/\/colab.research.google.com\/drive\/1vMDZMzLgIxqJuiVLvCIV0Z2eihqUx_gU#scrollTo=iwcYkCf7VIRG\" target=\"_blank\" rel=\"noopener\" style=\"color: #bf5800\">Introducci\u00f3n a las redes convulcionales<\/a><\/span><\/li>\n<li><span style=\"color: #bf5800\"><a href=\"https:\/\/colab.research.google.com\/drive\/1vMDZMzLgIxqJuiVLvCIV0Z2eihqUx_gU#scrollTo=RjNK84bRT89R\" target=\"_blank\" rel=\"noopener\" style=\"color: #bf5800\">C\u00f3mo se logra que una red convolucional aprenda<\/a><\/span><\/li>\n<li><span style=\"color: #bf5800\"><a href=\"https:\/\/colab.research.google.com\/drive\/1vMDZMzLgIxqJuiVLvCIV0Z2eihqUx_gU#scrollTo=xvXpYUt0KtuP\" target=\"_blank\" rel=\"noopener\" style=\"color: #bf5800\">Aspectos matem\u00e1ticos de las convolucionales<\/a><\/span><\/li>\n<li><span style=\"color: #bf5800\"><a href=\"https:\/\/colab.research.google.com\/drive\/1vMDZMzLgIxqJuiVLvCIV0Z2eihqUx_gU#scrollTo=0pkT0_f_kp7s\" target=\"_blank\" rel=\"noopener\" style=\"color: #bf5800\">Componentes b\u00e1sicos de una red neuronal convolucional<\/a><\/span><\/li>\n<li><span style=\"color: #bf5800\"><a href=\"https:\/\/colab.research.google.com\/drive\/1vMDZMzLgIxqJuiVLvCIV0Z2eihqUx_gU#scrollTo=NpA93e5G61ug\" target=\"_blank\" rel=\"noopener\" style=\"color: #bf5800\">Implementaci\u00f3n de un modelo b\u00e1sico en Keras<\/a><\/span><\/li>\n<li><span style=\"color: #bf5800\"><a href=\"https:\/\/colab.research.google.com\/drive\/1vMDZMzLgIxqJuiVLvCIV0Z2eihqUx_gU#scrollTo=Hr9MtCsMxS6j\" target=\"_blank\" rel=\"noopener\" style=\"color: #bf5800\">Hiperpar\u00e1metros de la capa convolucional<\/a><\/span><\/li>\n<\/ol>\n<p>&nbsp;<\/p>\n<p>[\/et_pb_accordion_item][\/et_pb_accordion][et_pb_image src=&#8221;https:\/\/ia4legos.umh.es\/files\/2023\/07\/Enlace-a-video-cuaderno-7.png&#8221; title_text=&#8221;Enlace a v\u00eddeo cuaderno 7&#8243; url=&#8221;https:\/\/www.youtube.com\/watch?v=cOWCt_WQ1h8&amp;list=PLClKgnzRFYe6aNxojV8JV1d74EUtosmus&amp;index=7&#8243; url_new_window=&#8221;on&#8221; align=&#8221;center&#8221; _builder_version=&#8221;4.17.4&#8243; _module_preset=&#8221;default&#8221; width=&#8221;50%&#8221; global_colors_info=&#8221;{}&#8221;][\/et_pb_image][\/et_pb_column][et_pb_column type=&#8221;1_3&#8243; _builder_version=&#8221;4.17.4&#8243; _module_preset=&#8221;default&#8221; global_colors_info=&#8221;{}&#8221;][et_pb_image src=&#8221;https:\/\/ia4legos.umh.es\/files\/2023\/07\/Enlace-a-cuaderno-8.png&#8221; title_text=&#8221;Enlace a cuaderno 8&#8243; url=&#8221;https:\/\/colab.research.google.com\/drive\/1__iLgP1FgfqwCOMZyR1Ao7gMckvhvy7a#scrollTo=-7whhErFzY9J&#8221; url_new_window=&#8221;on&#8221; align=&#8221;center&#8221; _builder_version=&#8221;4.17.4&#8243; _module_preset=&#8221;default&#8221; width=&#8221;50%&#8221; module_alignment=&#8221;center&#8221; global_colors_info=&#8221;{}&#8221;][\/et_pb_image][et_pb_accordion _builder_version=&#8221;4.17.4&#8243; _module_preset=&#8221;default&#8221; toggle_font=&#8221;Signika||||||||&#8221; custom_padding=&#8221;||25px||false|false&#8221; hover_enabled=&#8221;0&#8243; global_colors_info=&#8221;{}&#8221; sticky_enabled=&#8221;0&#8243;][et_pb_accordion_item title=&#8221;Tema 8. An\u00e1lisis de im\u00e1genes (II)&#8221; open=&#8221;on&#8221; _builder_version=&#8221;4.17.4&#8243; _module_preset=&#8221;default&#8221; hover_enabled=&#8221;0&#8243; global_colors_info=&#8221;{}&#8221; sticky_enabled=&#8221;0&#8243;]<\/p>\n<ol>\n<li><span style=\"color: #bf5800\"><a href=\"https:\/\/colab.research.google.com\/drive\/1SfO-jf2giC__fbGbBDqS6qRSiuO4wHPq#scrollTo=iwcYkCf7VIRG\" target=\"_blank\" rel=\"noopener\" style=\"color: #bf5800\">Entrenando redes convulocionales con bancos de datos<\/a><\/span><\/li>\n<li><span style=\"color: #bf5800\"><a href=\"https:\/\/colab.research.google.com\/drive\/1SfO-jf2giC__fbGbBDqS6qRSiuO4wHPq#scrollTo=1-4X5y2-tpgu\" target=\"_blank\" rel=\"noopener\" style=\"color: #bf5800\">La relevancia del aprendizaje profundo para problemas con pocos datos<\/a><\/span><\/li>\n<li><span style=\"color: #bf5800\"><a href=\"https:\/\/colab.research.google.com\/drive\/1SfO-jf2giC__fbGbBDqS6qRSiuO4wHPq#scrollTo=brkhahQm4e2N\" target=\"_blank\" rel=\"noopener\" style=\"color: #bf5800\">Data Augmentation<\/a><\/span><\/li>\n<li><span style=\"color: #bf5800\"><a href=\"https:\/\/colab.research.google.com\/drive\/1SfO-jf2giC__fbGbBDqS6qRSiuO4wHPq#scrollTo=9BqcqRFyGj6S\" target=\"_blank\" rel=\"noopener\" style=\"color: #bf5800\">Transfer Learning<\/a><\/span><\/li>\n<li><span style=\"color: #bf5800\"><a href=\"https:\/\/colab.research.google.com\/drive\/1SfO-jf2giC__fbGbBDqS6qRSiuO4wHPq#scrollTo=xva_QVwJUCUd\" target=\"_blank\" rel=\"noopener\" style=\"color: #bf5800\">Conclusi\u00f3n<\/a><\/span><\/li>\n<\/ol>\n<p>[\/et_pb_accordion_item][\/et_pb_accordion][et_pb_image src=&#8221;https:\/\/ia4legos.umh.es\/files\/2023\/07\/Enlace-a-video-cuaderno-8.png&#8221; title_text=&#8221;Enlace a v\u00eddeo cuaderno 8&#8243; url=&#8221;https:\/\/www.youtube.com\/watch?v=nNADmg9hhY8&amp;list=PLClKgnzRFYe6aNxojV8JV1d74EUtosmus&amp;index=8&#8243; url_new_window=&#8221;on&#8221; align=&#8221;center&#8221; _builder_version=&#8221;4.17.4&#8243; _module_preset=&#8221;default&#8221; width=&#8221;50%&#8221; global_colors_info=&#8221;{}&#8221;][\/et_pb_image][\/et_pb_column][et_pb_column type=&#8221;1_3&#8243; _builder_version=&#8221;4.17.4&#8243; _module_preset=&#8221;default&#8221; global_colors_info=&#8221;{}&#8221;][et_pb_image src=&#8221;https:\/\/ia4legos.umh.es\/files\/2023\/07\/Enlace-a-cuaderno-9.png&#8221; title_text=&#8221;Enlace a cuaderno 9&#8243; url=&#8221;https:\/\/colab.research.google.com\/drive\/1__iLgP1FgfqwCOMZyR1Ao7gMckvhvy7a#scrollTo=-7whhErFzY9J&#8221; url_new_window=&#8221;on&#8221; align=&#8221;center&#8221; _builder_version=&#8221;4.17.4&#8243; _module_preset=&#8221;default&#8221; width=&#8221;50%&#8221; module_alignment=&#8221;center&#8221; global_colors_info=&#8221;{}&#8221;][\/et_pb_image][et_pb_accordion _builder_version=&#8221;4.17.4&#8243; _module_preset=&#8221;default&#8221; toggle_font=&#8221;Signika||||||||&#8221; custom_padding=&#8221;||33px||false|false&#8221; hover_enabled=&#8221;0&#8243; global_colors_info=&#8221;{}&#8221; sticky_enabled=&#8221;0&#8243;][et_pb_accordion_item title=&#8221;Tema 9. An\u00e1lisis de im\u00e1genes (III)&#8221; open=&#8221;on&#8221; _builder_version=&#8221;4.17.4&#8243; _module_preset=&#8221;default&#8221; hover_enabled=&#8221;0&#8243; global_colors_info=&#8221;{}&#8221; sticky_enabled=&#8221;0&#8243;]<\/p>\n<ol>\n<li><span style=\"color: #bf5800\"><a href=\"https:\/\/colab.research.google.com\/drive\/19yf_rEsy5X0qcphiArQfuphDmcmkmg-D#scrollTo=iwcYkCf7VIRG\" target=\"_blank\" rel=\"noopener\" style=\"color: #bf5800\">M\u00e9todos avanzados de redes neuronales para el an\u00e1lisis de im\u00e1genes<\/a><\/span><\/li>\n<li><span style=\"color: #bf5800\"><a href=\"https:\/\/colab.research.google.com\/drive\/19yf_rEsy5X0qcphiArQfuphDmcmkmg-D#scrollTo=VucWyB-su5Bu\" target=\"_blank\" rel=\"noopener\" style=\"color: #bf5800\">Segmentaci\u00f3n de im\u00e1genes<\/a><\/span><\/li>\n<li><span style=\"color: #bf5800\"><a href=\"https:\/\/colab.research.google.com\/drive\/19yf_rEsy5X0qcphiArQfuphDmcmkmg-D#scrollTo=yV50GEPXWx1V\" target=\"_blank\" rel=\"noopener\" style=\"color: #bf5800\">Arquitecturas modernas en redes convolucionales<\/a><\/span><\/li>\n<\/ol>\n<p><span style=\"color: #bf5800\"><\/span><\/p>\n<p><span style=\"color: #bf5800\"><\/span><\/p>\n<p><span style=\"color: #bf5800\"><\/span><\/p>\n<p><span style=\"color: #bf5800\"><\/span><\/p>\n<p>[\/et_pb_accordion_item][\/et_pb_accordion][et_pb_image src=&#8221;https:\/\/ia4legos.umh.es\/files\/2023\/07\/Enlace-a-video-cuaderno-9.png&#8221; title_text=&#8221;Enlace a v\u00eddeo cuaderno 9&#8243; url=&#8221;https:\/\/www.youtube.com\/watch?v=xXrd5VML4rM&amp;list=PLClKgnzRFYe6aNxojV8JV1d74EUtosmus&amp;index=9&#8243; url_new_window=&#8221;on&#8221; align=&#8221;center&#8221; _builder_version=&#8221;4.17.4&#8243; _module_preset=&#8221;default&#8221; width=&#8221;50%&#8221; custom_padding=&#8221;|||0px|false|false&#8221; global_colors_info=&#8221;{}&#8221;][\/et_pb_image][\/et_pb_column][\/et_pb_row][et_pb_row column_structure=&#8221;1_3,1_3,1_3&#8243; _builder_version=&#8221;4.17.4&#8243; _module_preset=&#8221;default&#8221; global_colors_info=&#8221;{}&#8221;][et_pb_column type=&#8221;1_3&#8243; _builder_version=&#8221;4.17.4&#8243; _module_preset=&#8221;default&#8221; global_colors_info=&#8221;{}&#8221;][et_pb_gallery gallery_ids=&#8221;2248,2251,2254&#8243; posts_number=&#8221;1&#8243; show_title_and_caption=&#8221;off&#8221; _builder_version=&#8221;4.17.4&#8243; _module_preset=&#8221;default&#8221; transform_scale_linked=&#8221;off&#8221; transform_translate=&#8221;-165px|0px&#8221; transform_translate_linked=&#8221;off&#8221; global_colors_info=&#8221;{}&#8221;][\/et_pb_gallery][\/et_pb_column][et_pb_column type=&#8221;1_3&#8243; _builder_version=&#8221;4.17.4&#8243; _module_preset=&#8221;default&#8221; global_colors_info=&#8221;{}&#8221;][et_pb_gallery gallery_ids=&#8221;2242,2245&#8243; posts_number=&#8221;1&#8243; show_title_and_caption=&#8221;off&#8221; _builder_version=&#8221;4.17.4&#8243; _module_preset=&#8221;default&#8221; global_colors_info=&#8221;{}&#8221;][\/et_pb_gallery][\/et_pb_column][et_pb_column type=&#8221;1_3&#8243; _builder_version=&#8221;4.17.4&#8243; _module_preset=&#8221;default&#8221; global_colors_info=&#8221;{}&#8221;][et_pb_gallery gallery_ids=&#8221;2236,2239&#8243; posts_number=&#8221;1&#8243; show_title_and_caption=&#8221;off&#8221; _builder_version=&#8221;4.17.4&#8243; _module_preset=&#8221;default&#8221; transform_translate=&#8221;152px|0px&#8221; transform_translate_linked=&#8221;off&#8221; global_colors_info=&#8221;{}&#8221;][\/et_pb_gallery][\/et_pb_column][\/et_pb_row][\/et_pb_section]<\/p>\n","protected":false},"excerpt":{"rendered":"<p>IR A CONTENIDOS DEEP LEARNINGM\u00f3dulo 3. Redes Convolucionales Unidad 3.1 API Keras para redes convolucionales (I) &nbsp; Introducci\u00f3n a las redes convulcionales C\u00f3mo se logra que una red convolucional aprenda Aspectos matem\u00e1ticos de las convolucionales Componentes b\u00e1sicos de una red neuronal convolucional Implementaci\u00f3n de un modelo b\u00e1sico en Keras Hiperpar\u00e1metros de la capa convolucional &nbsp; [&hellip;]<\/p>\n","protected":false},"author":24713,"featured_media":0,"parent":0,"menu_order":0,"comment_status":"closed","ping_status":"closed","template":"","meta":{"_et_pb_use_builder":"on","_et_pb_old_content":"","_et_gb_content_width":"","_links_to":"","_links_to_target":""},"_links":{"self":[{"href":"https:\/\/unidigital.umh.es\/en\/wp-json\/wp\/v2\/pages\/1643"}],"collection":[{"href":"https:\/\/unidigital.umh.es\/en\/wp-json\/wp\/v2\/pages"}],"about":[{"href":"https:\/\/unidigital.umh.es\/en\/wp-json\/wp\/v2\/types\/page"}],"author":[{"embeddable":true,"href":"https:\/\/unidigital.umh.es\/en\/wp-json\/wp\/v2\/users\/24713"}],"replies":[{"embeddable":true,"href":"https:\/\/unidigital.umh.es\/en\/wp-json\/wp\/v2\/comments?post=1643"}],"version-history":[{"count":0,"href":"https:\/\/unidigital.umh.es\/en\/wp-json\/wp\/v2\/pages\/1643\/revisions"}],"wp:attachment":[{"href":"https:\/\/unidigital.umh.es\/en\/wp-json\/wp\/v2\/media?parent=1643"}],"curies":[{"name":"wp","href":"https:\/\/api.w.org\/{rel}","templated":true}]}}