{"id":1055,"date":"2023-07-06T12:39:19","date_gmt":"2023-07-06T10:39:19","guid":{"rendered":"https:\/\/ia4legos.umh.es\/?page_id=1055"},"modified":"2023-11-30T13:32:25","modified_gmt":"2023-11-30T12:32:25","slug":"metodos-de-reduccion-de-la-dimension-2","status":"publish","type":"page","link":"https:\/\/unidigital.umh.es\/en\/metodos-de-reduccion-de-la-dimension-2\/","title":{"rendered":"<span lang=\"es\">(Espa\u00f1ol) M\u00e9todos de reducci\u00f3n de la dimensi\u00f3n II IASAC ML<\/span>"},"content":{"rendered":"<p>[et_pb_section fb_built=&#8221;1&#8243; _builder_version=&#8221;4.17.4&#8243; _module_preset=&#8221;default&#8221; global_colors_info=&#8221;{}&#8221;][et_pb_row _builder_version=&#8221;4.17.4&#8243; _module_preset=&#8221;default&#8221; global_colors_info=&#8221;{}&#8221; theme_builder_area=&#8221;post_content&#8221;][et_pb_column type=&#8221;4_4&#8243; _builder_version=&#8221;4.17.4&#8243; _module_preset=&#8221;default&#8221; global_colors_info=&#8221;{}&#8221; theme_builder_area=&#8221;post_content&#8221;][et_pb_text _builder_version=&#8221;4.17.4&#8243; _module_preset=&#8221;default&#8221; custom_padding=&#8221;4px||4px|||&#8221; link_option_url=&#8221;https:\/\/unidigital.umh.es\/ml-iasac\/&#8221; global_colors_info=&#8221;{}&#8221; theme_builder_area=&#8221;post_content&#8221;]<\/p>\n<h1 style=\"text-align: center;\"><span style=\"text-decoration: underline; color: #bf5800;\"><strong>IR A CONTENIDOS MACHINE LEARNING<\/strong><\/span><\/h1>\n<p>[\/et_pb_text][\/et_pb_column][\/et_pb_row][et_pb_row column_structure=&#8221;1_5,3_5,1_5&#8243; _builder_version=&#8221;4.17.4&#8243; _module_preset=&#8221;default&#8221; global_colors_info=&#8221;{}&#8221;][et_pb_column type=&#8221;1_5&#8243; _builder_version=&#8221;4.17.4&#8243; _module_preset=&#8221;default&#8221; global_colors_info=&#8221;{}&#8221;][et_pb_button button_url=&#8221;https:\/\/unidigital.umh.es\/metodos-de-reduccion-de-la-dimension\/&#8221; button_text=&#8221;Unidad 3.1 M\u00e9todos de reducci\u00f3n de la dimensi\u00f3n I&#8221; button_alignment=&#8221;center&#8221; _builder_version=&#8221;4.17.4&#8243; _module_preset=&#8221;default&#8221; custom_button=&#8221;on&#8221; button_text_size=&#8221;13px&#8221; button_text_color=&#8221;#bf4c00&#8243; button_bg_color=&#8221;#FFFFFF&#8221; button_border_color=&#8221;#bf5800&#8243; button_font=&#8221;Roboto||||||||&#8221; button_icon=&#8221;&#x48;||divi||400&#8243; button_icon_placement=&#8221;left&#8221; transform_scale_tablet=&#8221;&#8221; transform_scale_phone=&#8221;&#8221; transform_scale_last_edited=&#8221;on|desktop&#8221; transform_translate=&#8221;-92px|0px&#8221; transform_translate_tablet=&#8221;-21px|0px&#8221; transform_translate_phone=&#8221;-22px|0px&#8221; transform_translate_last_edited=&#8221;on|phone&#8221; transform_translate_linked=&#8221;off&#8221; transform_rotate_tablet=&#8221;&#8221; transform_rotate_phone=&#8221;&#8221; transform_rotate_last_edited=&#8221;on|desktop&#8221; transform_skew_tablet=&#8221;&#8221; transform_skew_phone=&#8221;&#8221; transform_skew_last_edited=&#8221;on|desktop&#8221; transform_origin_tablet=&#8221;&#8221; transform_origin_phone=&#8221;&#8221; transform_origin_last_edited=&#8221;on|desktop&#8221; transform_styles_last_edited=&#8221;on|phone&#8221; custom_margin=&#8221;|-70px|||false|false&#8221; transform_styles_tablet=&#8221;&#8221; transform_styles_phone=&#8221;&#8221; global_colors_info=&#8221;{}&#8221;][\/et_pb_button][\/et_pb_column][et_pb_column type=&#8221;3_5&#8243; _builder_version=&#8221;4.17.4&#8243; _module_preset=&#8221;default&#8221; global_colors_info=&#8221;{}&#8221;][et_pb_text _builder_version=&#8221;4.17.4&#8243; _module_preset=&#8221;default&#8221; text_font=&#8221;Signika||||||||&#8221; text_font_size=&#8221;12px&#8221; header_font_size=&#8221;28px&#8221; header_2_font_size=&#8221;22px&#8221; global_colors_info=&#8221;{}&#8221;]<\/p>\n<h1 style=\"text-align: center\">M\u00f3dulo 3. Aprendizaje no supervisado<\/h1>\n<p>&nbsp;<\/p>\n<h2 style=\"text-align: center\">Unidad 3.2 M\u00e9todos de reducci\u00f3n de la dimensi\u00f3n II<\/h2>\n<p>&nbsp;<\/p>\n<p>[\/et_pb_text][\/et_pb_column][et_pb_column type=&#8221;1_5&#8243; _builder_version=&#8221;4.17.4&#8243; _module_preset=&#8221;default&#8221; global_colors_info=&#8221;{}&#8221;][et_pb_button button_url=&#8221;https:\/\/unidigital.umh.es\/metodos-de-reduccion-de-la-dimension-iii\/&#8221; button_text=&#8221;Unidad 3.3 M\u00e9todos de reducci\u00f3n de la dimensi\u00f3n III&#8221; button_alignment=&#8221;center&#8221; _builder_version=&#8221;4.17.4&#8243; _module_preset=&#8221;default&#8221; custom_button=&#8221;on&#8221; button_text_size=&#8221;13px&#8221; button_text_color=&#8221;#bf4c00&#8243; button_bg_color=&#8221;#FFFFFF&#8221; button_border_color=&#8221;#bf5800&#8243; button_font=&#8221;Roboto||||||||&#8221; button_icon=&#8221;&#x49;||divi||400&#8243; transform_scale_tablet=&#8221;&#8221; transform_scale_phone=&#8221;&#8221; transform_scale_last_edited=&#8221;on|tablet&#8221; transform_translate=&#8221;41px|0px&#8221; transform_translate_tablet=&#8221;-20px|0px&#8221; transform_translate_phone=&#8221;-20px|0px&#8221; transform_translate_last_edited=&#8221;on|phone&#8221; transform_translate_linked=&#8221;off&#8221; transform_translate_linked_tablet=&#8221;off&#8221; transform_rotate_tablet=&#8221;&#8221; transform_rotate_phone=&#8221;&#8221; transform_rotate_last_edited=&#8221;on|tablet&#8221; transform_skew_tablet=&#8221;&#8221; transform_skew_phone=&#8221;&#8221; transform_skew_last_edited=&#8221;on|tablet&#8221; transform_origin_tablet=&#8221;&#8221; transform_origin_phone=&#8221;&#8221; transform_origin_last_edited=&#8221;on|tablet&#8221; transform_styles_last_edited=&#8221;on|phone&#8221; custom_margin=&#8221;|-50px|||false|false&#8221; transform_styles_tablet=&#8221;&#8221; transform_styles_phone=&#8221;&#8221; global_colors_info=&#8221;{}&#8221;][\/et_pb_button][\/et_pb_column][\/et_pb_row][et_pb_row column_structure=&#8221;1_2,1_2&#8243; _builder_version=&#8221;4.17.4&#8243; _module_preset=&#8221;default&#8221; width=&#8221;89%&#8221; max_width=&#8221;1543px&#8221; global_colors_info=&#8221;{}&#8221;][et_pb_column type=&#8221;1_2&#8243; _builder_version=&#8221;4.17.4&#8243; _module_preset=&#8221;default&#8221; global_colors_info=&#8221;{}&#8221;][et_pb_image src=&#8221;https:\/\/ia4legos.umh.es\/files\/2023\/07\/Enlace-a-cuaderno-24.png&#8221; title_text=&#8221;Enlace a cuaderno 24&#8243; url=&#8221;https:\/\/colab.research.google.com\/drive\/1UaAFe5OhKB3-FAf94sZ2Y3aNBK_s0ZVx&#8221; url_new_window=&#8221;on&#8221; align=&#8221;center&#8221; _builder_version=&#8221;4.17.4&#8243; _module_preset=&#8221;default&#8221; width=&#8221;30%&#8221; global_colors_info=&#8221;{}&#8221;][\/et_pb_image][et_pb_accordion _builder_version=&#8221;4.17.4&#8243; _module_preset=&#8221;default&#8221; toggle_font=&#8221;Signika||||||||&#8221; global_colors_info=&#8221;{}&#8221;][et_pb_accordion_item title=&#8221;Tema 24. An\u00e1lisis discriminante lineal&#8221; open=&#8221;on&#8221; _builder_version=&#8221;4.17.4&#8243; _module_preset=&#8221;default&#8221; global_colors_info=&#8221;{}&#8221;]<\/p>\n<ol>\n<li><span style=\"color: #bf5800\"><a href=\"https:\/\/colab.research.google.com\/drive\/1UaAFe5OhKB3-FAf94sZ2Y3aNBK_s0ZVx#scrollTo=QAgaWSzDmSw2\" target=\"_blank\" rel=\"noopener\" style=\"color: #bf5800\">Introducci\u00f3n<\/a><\/span><\/li>\n<li><span style=\"color: #bf5800\"><a href=\"https:\/\/colab.research.google.com\/drive\/1UaAFe5OhKB3-FAf94sZ2Y3aNBK_s0ZVx#scrollTo=C1gxlzr0S2b1\" target=\"_blank\" rel=\"noopener\" style=\"color: #bf5800\">Planteamiento del problema<\/a><\/span><\/li>\n<li><span style=\"color: #bf5800\"><a href=\"https:\/\/colab.research.google.com\/drive\/1UaAFe5OhKB3-FAf94sZ2Y3aNBK_s0ZVx#scrollTo=w6Wa7QIuB7va\" target=\"_blank\" rel=\"noopener\" style=\"color: #bf5800\">An\u00e1lisis discriminante lineal<\/a><\/span><\/li>\n<li><span style=\"color: #bf5800\"><a href=\"https:\/\/colab.research.google.com\/drive\/1UaAFe5OhKB3-FAf94sZ2Y3aNBK_s0ZVx#scrollTo=V34Ezzczp2_D\" target=\"_blank\" rel=\"noopener\" style=\"color: #bf5800\">LDA en Python<\/a><\/span><\/li>\n<li><span style=\"color: #bf5800\"><a href=\"https:\/\/colab.research.google.com\/drive\/1UaAFe5OhKB3-FAf94sZ2Y3aNBK_s0ZVx#scrollTo=FsBv50EqOrSI\" target=\"_blank\" rel=\"noopener\" style=\"color: #bf5800\">Aplicaciones<\/a><\/span><\/li>\n<\/ol>\n<p>[\/et_pb_accordion_item][\/et_pb_accordion][et_pb_image src=&#8221;https:\/\/ia4legos.umh.es\/files\/2023\/07\/Enlace-a-video-cuaderno-24.png&#8221; title_text=&#8221;Enlace a v\u00eddeo cuaderno 24&#8243; url=&#8221;https:\/\/www.youtube.com\/watch?v=vJTk9aBgp4Y&#038;list=PLClKgnzRFYe7A_t6D-siRSLuPPBzVNgI5&#038;index=22&#8243; url_new_window=&#8221;on&#8221; align=&#8221;center&#8221; _builder_version=&#8221;4.17.4&#8243; _module_preset=&#8221;default&#8221; width=&#8221;30%&#8221; global_colors_info=&#8221;{}&#8221;][\/et_pb_image][\/et_pb_column][et_pb_column type=&#8221;1_2&#8243; _builder_version=&#8221;4.17.4&#8243; _module_preset=&#8221;default&#8221; global_colors_info=&#8221;{}&#8221;][et_pb_image src=&#8221;https:\/\/ia4legos.umh.es\/files\/2023\/07\/Enlace-a-cuaderno-25.png&#8221; title_text=&#8221;Enlace a cuaderno 25&#8243; url=&#8221;https:\/\/colab.research.google.com\/drive\/1J4yvpDGt1Wizp7-H3nBlb3xhjCMfBaQO&#8221; url_new_window=&#8221;on&#8221; align=&#8221;center&#8221; _builder_version=&#8221;4.17.4&#8243; _module_preset=&#8221;default&#8221; width=&#8221;30%&#8221; module_alignment=&#8221;center&#8221; global_colors_info=&#8221;{}&#8221;][\/et_pb_image][et_pb_accordion _builder_version=&#8221;4.17.4&#8243; _module_preset=&#8221;default&#8221; toggle_font=&#8221;Signika||||||||&#8221; custom_padding=&#8221;||78px||false|false&#8221; global_colors_info=&#8221;{}&#8221;][et_pb_accordion_item title=&#8221;Tema 25. An\u00e1lisis discriminante no lineal&#8221; open=&#8221;on&#8221; _builder_version=&#8221;4.17.4&#8243; _module_preset=&#8221;default&#8221; global_colors_info=&#8221;{}&#8221;]<\/p>\n<ol>\n<li><span style=\"color: #bf5800\"><a href=\"https:\/\/colab.research.google.com\/drive\/1J4yvpDGt1Wizp7-H3nBlb3xhjCMfBaQO#scrollTo=QAgaWSzDmSw2\" target=\"_blank\" rel=\"noopener\" style=\"color: #bf5800\">Ampliaciones del LDA<\/a><\/span><\/li>\n<li><span style=\"color: #bf5800\"><a href=\"https:\/\/colab.research.google.com\/drive\/1J4yvpDGt1Wizp7-H3nBlb3xhjCMfBaQO#scrollTo=0O6rIDnj5GUi\" target=\"_blank\" rel=\"noopener\" style=\"color: #bf5800\">Aplicaciones<\/a><\/span><\/li>\n<\/ol>\n<p>[\/et_pb_accordion_item][\/et_pb_accordion][et_pb_image src=&#8221;https:\/\/ia4legos.umh.es\/files\/2023\/07\/Enlace-a-video-cuaderno-25.png&#8221; title_text=&#8221;Enlace a v\u00eddeo cuaderno 25&#8243; url=&#8221;https:\/\/www.youtube.com\/watch?v=FE9H1GMCHnc&#038;list=PLClKgnzRFYe7A_t6D-siRSLuPPBzVNgI5&#038;index=23&#8243; url_new_window=&#8221;on&#8221; align=&#8221;center&#8221; _builder_version=&#8221;4.17.4&#8243; _module_preset=&#8221;default&#8221; width=&#8221;30%&#8221; global_colors_info=&#8221;{}&#8221;][\/et_pb_image][\/et_pb_column][\/et_pb_row][et_pb_row column_structure=&#8221;1_3,1_3,1_3&#8243; _builder_version=&#8221;4.17.4&#8243; _module_preset=&#8221;default&#8221; max_width=&#8221;1300px&#8221; global_colors_info=&#8221;{}&#8221;][et_pb_column type=&#8221;1_3&#8243; _builder_version=&#8221;4.17.4&#8243; _module_preset=&#8221;default&#8221; global_colors_info=&#8221;{}&#8221;][et_pb_gallery gallery_ids=&#8221;1840&#8243; posts_number=&#8221;1&#8243; show_title_and_caption=&#8221;off&#8221; _builder_version=&#8221;4.17.4&#8243; _module_preset=&#8221;default&#8221; transform_translate=&#8221;45px|0px&#8221; transform_translate_linked=&#8221;off&#8221; global_colors_info=&#8221;{}&#8221;][\/et_pb_gallery][\/et_pb_column][et_pb_column type=&#8221;1_3&#8243; _builder_version=&#8221;4.17.4&#8243; _module_preset=&#8221;default&#8221; global_colors_info=&#8221;{}&#8221;][\/et_pb_column][et_pb_column type=&#8221;1_3&#8243; _builder_version=&#8221;4.17.4&#8243; _module_preset=&#8221;default&#8221; global_colors_info=&#8221;{}&#8221;][et_pb_gallery gallery_ids=&#8221;1843&#8243; posts_number=&#8221;1&#8243; show_title_and_caption=&#8221;off&#8221; _builder_version=&#8221;4.17.4&#8243; _module_preset=&#8221;default&#8221; transform_translate=&#8221;-45px|0px&#8221; transform_translate_linked=&#8221;off&#8221; global_colors_info=&#8221;{}&#8221;][\/et_pb_gallery][\/et_pb_column][\/et_pb_row][\/et_pb_section]<\/p>\n","protected":false},"excerpt":{"rendered":"<p>IR A CONTENIDOS MACHINE LEARNINGM\u00f3dulo 3. Aprendizaje no supervisado &nbsp; Unidad 3.2 M\u00e9todos de reducci\u00f3n de la dimensi\u00f3n II &nbsp; Introducci\u00f3n Planteamiento del problema An\u00e1lisis discriminante lineal LDA en Python Aplicaciones Ampliaciones del LDA Aplicaciones<\/p>\n","protected":false},"author":24713,"featured_media":0,"parent":0,"menu_order":0,"comment_status":"closed","ping_status":"closed","template":"","meta":{"_et_pb_use_builder":"on","_et_pb_old_content":"","_et_gb_content_width":"","_links_to":"","_links_to_target":""},"_links":{"self":[{"href":"https:\/\/unidigital.umh.es\/en\/wp-json\/wp\/v2\/pages\/1055"}],"collection":[{"href":"https:\/\/unidigital.umh.es\/en\/wp-json\/wp\/v2\/pages"}],"about":[{"href":"https:\/\/unidigital.umh.es\/en\/wp-json\/wp\/v2\/types\/page"}],"author":[{"embeddable":true,"href":"https:\/\/unidigital.umh.es\/en\/wp-json\/wp\/v2\/users\/24713"}],"replies":[{"embeddable":true,"href":"https:\/\/unidigital.umh.es\/en\/wp-json\/wp\/v2\/comments?post=1055"}],"version-history":[{"count":0,"href":"https:\/\/unidigital.umh.es\/en\/wp-json\/wp\/v2\/pages\/1055\/revisions"}],"wp:attachment":[{"href":"https:\/\/unidigital.umh.es\/en\/wp-json\/wp\/v2\/media?parent=1055"}],"curies":[{"name":"wp","href":"https:\/\/api.w.org\/{rel}","templated":true}]}}