{"id":1655,"date":"2023-11-06T10:20:35","date_gmt":"2023-11-06T09:20:35","guid":{"rendered":"https:\/\/ia4legos.umh.es\/?page_id=1655"},"modified":"2023-11-30T13:35:17","modified_gmt":"2023-11-30T12:35:17","slug":"introduccion-iasac","status":"publish","type":"page","link":"https:\/\/unidigital.umh.es\/ca\/introduccion-iasac\/","title":{"rendered":"<span lang=\"es\">(Espa\u00f1ol) Introducci\u00f3n ML IASAC<\/span>"},"content":{"rendered":"<p>[et_pb_section fb_built=&#8221;1&#8243; _builder_version=&#8221;4.17.4&#8243; _module_preset=&#8221;default&#8221; global_colors_info=&#8221;{}&#8221;][et_pb_row _builder_version=&#8221;4.17.4&#8243; _module_preset=&#8221;default&#8221; global_colors_info=&#8221;{}&#8221;][et_pb_column type=&#8221;4_4&#8243; _builder_version=&#8221;4.17.4&#8243; _module_preset=&#8221;default&#8221; global_colors_info=&#8221;{}&#8221;][et_pb_text _builder_version=&#8221;4.17.4&#8243; _module_preset=&#8221;default&#8221; custom_padding=&#8221;4px||4px|||&#8221; link_option_url=&#8221;https:\/\/unidigital.umh.es\/ml-iasac\/&#8221; hover_enabled=&#8221;0&#8243; global_colors_info=&#8221;{}&#8221; sticky_enabled=&#8221;0&#8243;]<\/p>\n<h1 style=\"text-align: center;\"><span style=\"text-decoration: underline; color: #bf5800;\"><strong>IR A CONTENIDOS MACHINE LEARNING<\/strong><\/span><\/h1>\n<p>[\/et_pb_text][\/et_pb_column][\/et_pb_row][et_pb_row column_structure=&#8221;1_5,3_5,1_5&#8243; _builder_version=&#8221;4.17.4&#8243; _module_preset=&#8221;default&#8221; global_colors_info=&#8221;{}&#8221;][et_pb_column type=&#8221;1_5&#8243; _builder_version=&#8221;4.17.4&#8243; _module_preset=&#8221;default&#8221; global_colors_info=&#8221;{}&#8221;][\/et_pb_column][et_pb_column type=&#8221;3_5&#8243; _builder_version=&#8221;4.17.4&#8243; _module_preset=&#8221;default&#8221; global_colors_info=&#8221;{}&#8221;][et_pb_text _builder_version=&#8221;4.17.4&#8243; _module_preset=&#8221;default&#8221; text_font=&#8221;Signika||||||||&#8221; header_font_size=&#8221;28px&#8221; header_2_font_size=&#8221;22px&#8221; global_colors_info=&#8221;{}&#8221;]<\/p>\n<h1 style=\"text-align: center\">M\u00f3dulo 1. Introducci\u00f3n al aprendizaje autom\u00e1tico<\/h1>\n<p><strong><\/strong><\/p>\n<h2 style=\"text-align: center\"><span>Unidad 1.1 Introducci\u00f3n<\/span><\/h2>\n<p>&nbsp;<\/p>\n<p>[\/et_pb_text][\/et_pb_column][et_pb_column type=&#8221;1_5&#8243; _builder_version=&#8221;4.17.4&#8243; _module_preset=&#8221;default&#8221; global_colors_info=&#8221;{}&#8221;][et_pb_button button_url=&#8221;https:\/\/unidigital.umh.es\/libreria-scikit-learn\/&#8221; button_text=&#8221;Unidad 1.2 Librer\u00eda Scikit-Learn&#8221; button_alignment=&#8221;center&#8221; _builder_version=&#8221;4.17.4&#8243; _module_preset=&#8221;default&#8221; custom_button=&#8221;on&#8221; button_text_size=&#8221;13px&#8221; button_text_color=&#8221;#bf4c00&#8243; button_bg_color=&#8221;#FFFFFF&#8221; button_border_color=&#8221;#bf5800&#8243; button_font=&#8221;Roboto||||||||&#8221; button_icon=&#8221;&#x49;||divi||400&#8243; transform_scale_tablet=&#8221;&#8221; transform_scale_phone=&#8221;&#8221; transform_scale_last_edited=&#8221;on|tablet&#8221; transform_translate=&#8221;41px|0px&#8221; transform_translate_tablet=&#8221;-20px|0px&#8221; transform_translate_phone=&#8221;-20px|0px&#8221; transform_translate_last_edited=&#8221;on|phone&#8221; transform_translate_linked=&#8221;off&#8221; transform_translate_linked_tablet=&#8221;off&#8221; transform_rotate_tablet=&#8221;&#8221; transform_rotate_phone=&#8221;&#8221; transform_rotate_last_edited=&#8221;on|tablet&#8221; transform_skew_tablet=&#8221;&#8221; transform_skew_phone=&#8221;&#8221; transform_skew_last_edited=&#8221;on|tablet&#8221; transform_origin_tablet=&#8221;&#8221; transform_origin_phone=&#8221;&#8221; transform_origin_last_edited=&#8221;on|tablet&#8221; transform_styles_last_edited=&#8221;on|phone&#8221; custom_margin=&#8221;|-50px|||false|false&#8221; transform_styles_tablet=&#8221;&#8221; transform_styles_phone=&#8221;&#8221; global_colors_info=&#8221;{}&#8221;][\/et_pb_button][\/et_pb_column][\/et_pb_row][et_pb_row column_structure=&#8221;1_3,1_3,1_3&#8243; _builder_version=&#8221;4.17.4&#8243; _module_preset=&#8221;default&#8221; width=&#8221;89%&#8221; max_width=&#8221;1543px&#8221; global_colors_info=&#8221;{}&#8221;][et_pb_column type=&#8221;1_3&#8243; _builder_version=&#8221;4.17.4&#8243; _module_preset=&#8221;default&#8221; global_colors_info=&#8221;{}&#8221;][et_pb_image src=&#8221;https:\/\/ia4legos.umh.es\/files\/2023\/07\/Enlace-a-cuaderno-1.png&#8221; title_text=&#8221;Enlace a cuaderno 1&#8243; url=&#8221;https:\/\/colab.research.google.com\/drive\/1XaiMX9w_Ve03QBlopS63ihfEfCTERjQw&#8221; url_new_window=&#8221;on&#8221; _builder_version=&#8221;4.17.4&#8243; _module_preset=&#8221;default&#8221; width=&#8221;50%&#8221; module_alignment=&#8221;center&#8221; global_colors_info=&#8221;{}&#8221;][\/et_pb_image][et_pb_accordion _builder_version=&#8221;4.17.4&#8243; _module_preset=&#8221;default&#8221; toggle_font=&#8221;Signika||||||||&#8221; custom_padding=&#8221;||439px||false|false&#8221; global_colors_info=&#8221;{}&#8221;][et_pb_accordion_item title=&#8221;Tema 1. Introducci\u00f3n al aprendizaje autom\u00e1tico&#8221; open=&#8221;on&#8221; _builder_version=&#8221;4.17.4&#8243; _module_preset=&#8221;default&#8221; global_colors_info=&#8221;{}&#8221;]<\/p>\n<ol>\n<li><span style=\"color: #bf5800\"><a href=\"https:\/\/colab.research.google.com\/drive\/1XaiMX9w_Ve03QBlopS63ihfEfCTERjQw#scrollTo=1d_3-DKt7Ige\" target=\"_blank\" rel=\"noopener\" style=\"color: #bf5800\">\u00bfQu\u00e9 es el aprendizaje autom\u00e1tico?<\/a><\/span><\/li>\n<li><span style=\"color: #bf5800\"><a href=\"https:\/\/colab.research.google.com\/drive\/1XaiMX9w_Ve03QBlopS63ihfEfCTERjQw#scrollTo=7T2dxnpl-nOj\" target=\"_blank\" rel=\"noopener\" style=\"color: #bf5800\">Problemas t\u00edpicos en aprendizaje autom\u00e1tico<\/a><\/span><\/li>\n<li><span style=\"color: #bf5800\"><a href=\"https:\/\/colab.research.google.com\/drive\/1XaiMX9w_Ve03QBlopS63ihfEfCTERjQw#scrollTo=rD-KZXgwepP8\" target=\"_blank\" rel=\"noopener\" style=\"color: #bf5800\">Tipos de aprendizaje autom\u00e1tico<\/a><\/span><\/li>\n<li><span style=\"color: #bf5800\"><a href=\"https:\/\/colab.research.google.com\/drive\/1XaiMX9w_Ve03QBlopS63ihfEfCTERjQw#scrollTo=b0_AItS2fPH1\" target=\"_blank\" rel=\"noopener\" style=\"color: #bf5800\">Conceptos b\u00e1sicos en un problema de aprendizaje autom\u00e1tico<\/a><\/span><span style=\"color: #bf5800\"><\/span><\/li>\n<li><span style=\"color: #bf5800\"><a href=\"https:\/\/colab.research.google.com\/drive\/1XaiMX9w_Ve03QBlopS63ihfEfCTERjQw#scrollTo=BMqgx79j9ACv\" target=\"_blank\" rel=\"noopener\" style=\"color: #bf5800\">Flujo de trabajo en el aprendizaje autom\u00e1tico<\/a><\/span><\/li>\n<li><span style=\"color: #bf5800\"><a href=\"https:\/\/colab.research.google.com\/drive\/1XaiMX9w_Ve03QBlopS63ihfEfCTERjQw#scrollTo=BZ-ub4-loG08\" target=\"_blank\" rel=\"noopener\" style=\"color: #bf5800\">M\u00e9tricas de evaluaci\u00f3n<\/a><\/span><\/li>\n<li><span style=\"color: #bf5800\"><a href=\"https:\/\/colab.research.google.com\/drive\/1XaiMX9w_Ve03QBlopS63ihfEfCTERjQw#scrollTo=-JGpfU0TvZ8y\" target=\"_blank\" rel=\"noopener\" style=\"color: #bf5800\">Retos de los sistemas de aprendizaje autom\u00e1tico<\/a><\/span><\/li>\n<\/ol>\n<p>[\/et_pb_accordion_item][\/et_pb_accordion][et_pb_image src=&#8221;https:\/\/ia4legos.umh.es\/files\/2023\/07\/Enlace-a-video-cuaderno-1.png&#8221; title_text=&#8221;Enlace a v\u00eddeo cuaderno 1&#8243; url=&#8221;https:\/\/www.youtube.com\/watch?v=4DzfFNC77m4&#038;list=PLClKgnzRFYe7A_t6D-siRSLuPPBzVNgI5&#038;index=1&#8243; url_new_window=&#8221;on&#8221; align=&#8221;center&#8221; _builder_version=&#8221;4.17.4&#8243; _module_preset=&#8221;default&#8221; transform_translate=&#8221;0px|27px&#8221; transform_translate_linked=&#8221;off&#8221; width=&#8221;50%&#8221; custom_padding=&#8221;|||1px||&#8221; global_colors_info=&#8221;{}&#8221;][\/et_pb_image][\/et_pb_column][et_pb_column type=&#8221;1_3&#8243; _builder_version=&#8221;4.17.4&#8243; _module_preset=&#8221;default&#8221; global_colors_info=&#8221;{}&#8221;][et_pb_image src=&#8221;https:\/\/ia4legos.umh.es\/files\/2023\/07\/Enlace-a-cuaderno-2.png&#8221; title_text=&#8221;Enlace a cuaderno 2&#8243; url=&#8221;https:\/\/colab.research.google.com\/drive\/1e9K9H7MlmbV1tydv-kxLXkklOAb5CEnz&#8221; url_new_window=&#8221;on&#8221; _builder_version=&#8221;4.17.4&#8243; _module_preset=&#8221;default&#8221; width=&#8221;50%&#8221; module_alignment=&#8221;center&#8221; global_colors_info=&#8221;{}&#8221;][\/et_pb_image][et_pb_accordion _builder_version=&#8221;4.17.4&#8243; _module_preset=&#8221;default&#8221; toggle_font=&#8221;Signika||||||||&#8221; global_colors_info=&#8221;{}&#8221;][et_pb_accordion_item title=&#8221;Tema 2. Bancos de datos&#8221; open=&#8221;on&#8221; _builder_version=&#8221;4.17.4&#8243; _module_preset=&#8221;default&#8221; global_colors_info=&#8221;{}&#8221;]<\/p>\n<ol>\n<li><span style=\"color: #bf5800\"><a href=\"https:\/\/colab.research.google.com\/drive\/1e9K9H7MlmbV1tydv-kxLXkklOAb5CEnz#scrollTo=3m_bNBcyeh62\" target=\"_blank\" rel=\"noopener\" style=\"color: #bf5800\">Abalone<\/a><\/span><\/li>\n<li><span style=\"color: #bf5800\"><a href=\"https:\/\/colab.research.google.com\/drive\/1e9K9H7MlmbV1tydv-kxLXkklOAb5CEnz#scrollTo=LgQor-YuLd5-\" target=\"_blank\" rel=\"noopener\" style=\"color: #bf5800\">Anime ratings<\/a><\/span><\/li>\n<li><span style=\"color: #bf5800\"><a href=\"https:\/\/colab.research.google.com\/drive\/1e9K9H7MlmbV1tydv-kxLXkklOAb5CEnz#scrollTo=KPX-idWMGNg-\" target=\"_blank\" rel=\"noopener\" style=\"color: #bf5800\">Breast Cancer Wisconsin<\/a><\/span><\/li>\n<li><span style=\"color: #bf5800\"><a href=\"https:\/\/colab.research.google.com\/drive\/1e9K9H7MlmbV1tydv-kxLXkklOAb5CEnz#scrollTo=oSBzAjvPLJvv\" target=\"_blank\" rel=\"noopener\" style=\"color: #bf5800\">China<\/a><\/span><\/li>\n<li><span style=\"color: #bf5800\"><a href=\"https:\/\/colab.research.google.com\/drive\/1e9K9H7MlmbV1tydv-kxLXkklOAb5CEnz#scrollTo=aPfyqodLc608\" target=\"_blank\" rel=\"noopener\" style=\"color: #bf5800\">Diabetes<\/a><\/span><\/li>\n<li><span style=\"color: #bf5800\"><a href=\"https:\/\/colab.research.google.com\/drive\/1e9K9H7MlmbV1tydv-kxLXkklOAb5CEnz#scrollTo=rD5yCZzGkmOX\" target=\"_blank\" rel=\"noopener\" style=\"color: #bf5800\">Digits<\/a><\/span><\/li>\n<li><span style=\"color: #bf5800\"><a href=\"https:\/\/colab.research.google.com\/drive\/1e9K9H7MlmbV1tydv-kxLXkklOAb5CEnz#scrollTo=yyooc9-K81IP\" target=\"_blank\" rel=\"noopener\" style=\"color: #bf5800\">Electricity<\/a><\/span><\/li>\n<li><span style=\"color: #bf5800\"><a href=\"https:\/\/colab.research.google.com\/drive\/1e9K9H7MlmbV1tydv-kxLXkklOAb5CEnz#scrollTo=_AO5xmEG-5sE\" target=\"_blank\" rel=\"noopener\" style=\"color: #bf5800\">Google reviews<\/a><\/span><\/li>\n<li><span style=\"color: #bf5800\"><a href=\"https:\/\/colab.research.google.com\/drive\/1e9K9H7MlmbV1tydv-kxLXkklOAb5CEnz#scrollTo=cgQRrIxx8MDF\" target=\"_blank\" rel=\"noopener\" style=\"color: #bf5800\">Housing<\/a><\/span><\/li>\n<li><span style=\"color: #bf5800\"><a href=\"https:\/\/colab.research.google.com\/drive\/1e9K9H7MlmbV1tydv-kxLXkklOAb5CEnz#scrollTo=lPGjlzka8fOL\" target=\"_blank\" rel=\"noopener\" style=\"color: #bf5800\">HousingCA<\/a><\/span><\/li>\n<li><span style=\"color: #bf5800\"><a href=\"https:\/\/colab.research.google.com\/drive\/1e9K9H7MlmbV1tydv-kxLXkklOAb5CEnz#scrollTo=MTk6Et9-kvI5\" target=\"_blank\" rel=\"noopener\" style=\"color: #bf5800\">Iris<\/a><\/span><\/li>\n<li><span style=\"color: #bf5800\"><a href=\"https:\/\/colab.research.google.com\/drive\/1e9K9H7MlmbV1tydv-kxLXkklOAb5CEnz#scrollTo=eY145azJW0-s\" target=\"_blank\" rel=\"noopener\" style=\"color: #bf5800\">Meat spec<\/a><\/span><\/li>\n<li><span style=\"color: #bf5800\"><a href=\"https:\/\/colab.research.google.com\/drive\/1e9K9H7MlmbV1tydv-kxLXkklOAb5CEnz#scrollTo=oGLKRXKl1A7U\" target=\"_blank\" rel=\"noopener\" style=\"color: #bf5800\">Mushroom classification<\/a><\/span><\/li>\n<li><span style=\"color: #bf5800\"><a href=\"https:\/\/colab.research.google.com\/drive\/1e9K9H7MlmbV1tydv-kxLXkklOAb5CEnz#scrollTo=9BkbDXsiYpn1\" target=\"_blank\" rel=\"noopener\" style=\"color: #bf5800\">Olivetti faces<\/a><\/span><\/li>\n<li><span style=\"color: #bf5800\"><a href=\"https:\/\/colab.research.google.com\/drive\/1e9K9H7MlmbV1tydv-kxLXkklOAb5CEnz#scrollTo=OgU2lzt81VLT\" target=\"_blank\" rel=\"noopener\" style=\"color: #bf5800\">Penguins<\/a><\/span><\/li>\n<li><span style=\"color: #bf5800\"><a href=\"https:\/\/colab.research.google.com\/drive\/1e9K9H7MlmbV1tydv-kxLXkklOAb5CEnz#scrollTo=JDnCzAtMcKQ4\" target=\"_blank\" rel=\"noopener\" style=\"color: #bf5800\">Sales<\/a><\/span><\/li>\n<li><span style=\"color: #bf5800\"><a href=\"https:\/\/colab.research.google.com\/drive\/1e9K9H7MlmbV1tydv-kxLXkklOAb5CEnz#scrollTo=f5PvXAsidMBR\" target=\"_blank\" rel=\"noopener\" style=\"color: #bf5800\">Spam<\/a><\/span><\/li>\n<li><span style=\"color: #bf5800\"><a href=\"https:\/\/colab.research.google.com\/drive\/1e9K9H7MlmbV1tydv-kxLXkklOAb5CEnz#scrollTo=dfuH8Gkq0x61\" target=\"_blank\" rel=\"noopener\" style=\"color: #bf5800\">Stroke Prediction Dataset<\/a><\/span><\/li>\n<li><span style=\"color: #bf5800\"><a href=\"https:\/\/colab.research.google.com\/drive\/1e9K9H7MlmbV1tydv-kxLXkklOAb5CEnz#scrollTo=kED7ggDS1GPF\" target=\"_blank\" rel=\"noopener\" style=\"color: #bf5800\">Student Alcohol Consumption<\/a><\/span><\/li>\n<li><span style=\"color: #bf5800\"><a href=\"https:\/\/colab.research.google.com\/drive\/1e9K9H7MlmbV1tydv-kxLXkklOAb5CEnz#scrollTo=kqppEi5U-K8N\" target=\"_blank\" rel=\"noopener\" style=\"color: #bf5800\">US economic time series<\/a><\/span><\/li>\n<li><span style=\"color: #bf5800\"><a href=\"https:\/\/colab.research.google.com\/drive\/1e9K9H7MlmbV1tydv-kxLXkklOAb5CEnz#scrollTo=q4ggMsd-0ZRA\" target=\"_blank\" rel=\"noopener\" style=\"color: #bf5800\">Vehicle Silhouettes<\/a><br \/><\/span><\/li>\n<li><span style=\"color: #bf5800\"><a href=\"https:\/\/colab.research.google.com\/drive\/1e9K9H7MlmbV1tydv-kxLXkklOAb5CEnz#scrollTo=UyHNaWgG71nX\" target=\"_blank\" rel=\"noopener\" style=\"color: #bf5800\">Water potability<\/a><\/span><\/li>\n<li><span style=\"color: #bf5800\"><a href=\"https:\/\/colab.research.google.com\/drive\/1e9K9H7MlmbV1tydv-kxLXkklOAb5CEnz#scrollTo=qCsvozuIGjmW\" target=\"_blank\" rel=\"noopener\" style=\"color: #bf5800\">Water treatment<\/a><\/span><\/li>\n<li><span style=\"color: #bf5800\"><a href=\"https:\/\/colab.research.google.com\/drive\/1e9K9H7MlmbV1tydv-kxLXkklOAb5CEnz#scrollTo=2sNOtJ7H1Q8u\" target=\"_blank\" rel=\"noopener\" style=\"color: #bf5800\">Winequality<\/a><\/span><\/li>\n<li><span style=\"color: #bf5800\"><a href=\"https:\/\/colab.research.google.com\/drive\/1e9K9H7MlmbV1tydv-kxLXkklOAb5CEnz#scrollTo=xhiZQqjKDFWE\" target=\"_blank\" rel=\"noopener\" style=\"color: #bf5800\">Wine recognition<\/a><\/span><\/li>\n<\/ol>\n<p>[\/et_pb_accordion_item][\/et_pb_accordion][\/et_pb_column][et_pb_column type=&#8221;1_3&#8243; _builder_version=&#8221;4.17.4&#8243; _module_preset=&#8221;default&#8221; global_colors_info=&#8221;{}&#8221;][et_pb_image src=&#8221;https:\/\/ia4legos.umh.es\/files\/2023\/07\/Enlace-a-cuaderno-3.png&#8221; title_text=&#8221;Enlace a cuaderno 3&#8243; url=&#8221;https:\/\/colab.research.google.com\/drive\/1U9VcbMAbMSqBc_zhEM9-HiPjiX4xyptA&#8221; url_new_window=&#8221;on&#8221; align=&#8221;center&#8221; _builder_version=&#8221;4.17.4&#8243; _module_preset=&#8221;default&#8221; width=&#8221;50%&#8221; global_colors_info=&#8221;{}&#8221;][\/et_pb_image][et_pb_accordion _builder_version=&#8221;4.17.4&#8243; _module_preset=&#8221;default&#8221; toggle_font=&#8221;Signika||||||||&#8221; custom_padding=&#8221;||444px||false|false&#8221; global_colors_info=&#8221;{}&#8221;][et_pb_accordion_item title=&#8221;Tema 3. Introducci\u00f3n al \u00e1lgebra lineal&#8221; open=&#8221;on&#8221; _builder_version=&#8221;4.17.4&#8243; _module_preset=&#8221;default&#8221; custom_padding=&#8221;||72px||false|false&#8221; global_colors_info=&#8221;{}&#8221;]<\/p>\n<ol>\n<li><span style=\"color: #ce5301\"><a href=\"https:\/\/colab.research.google.com\/drive\/1U9VcbMAbMSqBc_zhEM9-HiPjiX4xyptA#scrollTo=1d_3-DKt7Ige\" target=\"_blank\" rel=\"noopener\" style=\"color: #ce5301\">\u00c1lgebra lineal<\/a><\/span><\/li>\n<li><span style=\"color: #ce5301\"><a href=\"https:\/\/colab.research.google.com\/drive\/1U9VcbMAbMSqBc_zhEM9-HiPjiX4xyptA#scrollTo=EF5y1-3ji__P\" target=\"_blank\" rel=\"noopener\" style=\"color: #ce5301\">Escalares, vectores, matrices y tensores<\/a><\/span><\/li>\n<li><span style=\"color: #ce5301\"><a href=\"https:\/\/colab.research.google.com\/drive\/1U9VcbMAbMSqBc_zhEM9-HiPjiX4xyptA#scrollTo=VO6Y4Q_3WFQ7\" target=\"_blank\" rel=\"noopener\" style=\"color: #ce5301\">Vectores y matrices especiales<\/a><\/span><\/li>\n<li><span style=\"color: #ce5301\"><a href=\"https:\/\/colab.research.google.com\/drive\/1U9VcbMAbMSqBc_zhEM9-HiPjiX4xyptA#scrollTo=5qsEAcq3iTap\" target=\"_blank\" rel=\"noopener\" style=\"color: #ce5301\">Operaciones con vectores<\/a><\/span><\/li>\n<li><span style=\"color: #ce5301\"><a href=\"https:\/\/colab.research.google.com\/drive\/1U9VcbMAbMSqBc_zhEM9-HiPjiX4xyptA#scrollTo=3VoDJlK6Atao\" target=\"_blank\" rel=\"noopener\" style=\"color: #ce5301\">Operaciones con matrices<\/a><\/span><\/li>\n<li><span style=\"color: #ce5301\"><a href=\"https:\/\/colab.research.google.com\/drive\/1U9VcbMAbMSqBc_zhEM9-HiPjiX4xyptA#scrollTo=rVjwCWT6F-lN\" target=\"_blank\" rel=\"noopener\" style=\"color: #ce5301\">Caracter\u00edsticas de una matriz<\/a><\/span><\/li>\n<\/ol>\n<p>[\/et_pb_accordion_item][\/et_pb_accordion][et_pb_image src=&#8221;https:\/\/ia4legos.umh.es\/files\/2023\/07\/Enlace-a-video-cuaderno-3.png&#8221; title_text=&#8221;Enlace a v\u00eddeo cuaderno 3&#8243; url=&#8221;https:\/\/www.youtube.com\/watch?v=gMamae7TxS0&#038;list=PLClKgnzRFYe7A_t6D-siRSLuPPBzVNgI5&#038;index=2&#8243; url_new_window=&#8221;on&#8221; align=&#8221;center&#8221; _builder_version=&#8221;4.17.4&#8243; _module_preset=&#8221;default&#8221; transform_translate=&#8221;0px|27px&#8221; transform_translate_linked=&#8221;off&#8221; width=&#8221;50%&#8221; custom_padding=&#8221;|||1px||&#8221; global_colors_info=&#8221;{}&#8221;][\/et_pb_image][\/et_pb_column][\/et_pb_row][et_pb_row column_structure=&#8221;1_3,1_3,1_3&#8243; _builder_version=&#8221;4.17.4&#8243; _module_preset=&#8221;default&#8221; max_width=&#8221;1300px&#8221; global_colors_info=&#8221;{}&#8221;][et_pb_column type=&#8221;1_3&#8243; _builder_version=&#8221;4.17.4&#8243; _module_preset=&#8221;default&#8221; global_colors_info=&#8221;{}&#8221;][et_pb_gallery gallery_ids=&#8221;1732,1735,1738&#8243; posts_number=&#8221;1&#8243; show_title_and_caption=&#8221;off&#8221; _builder_version=&#8221;4.17.4&#8243; _module_preset=&#8221;default&#8221; transform_translate=&#8221;-75px|0px&#8221; transform_translate_linked=&#8221;off&#8221; width=&#8221;80%&#8221; module_alignment=&#8221;center&#8221; global_colors_info=&#8221;{}&#8221;][\/et_pb_gallery][\/et_pb_column][et_pb_column type=&#8221;1_3&#8243; _builder_version=&#8221;4.17.4&#8243; _module_preset=&#8221;default&#8221; global_colors_info=&#8221;{}&#8221;][et_pb_gallery gallery_ids=&#8221;1741&#8243; posts_number=&#8221;1&#8243; show_title_and_caption=&#8221;off&#8221; _builder_version=&#8221;4.17.4&#8243; _module_preset=&#8221;default&#8221; transform_translate_linked=&#8221;off&#8221; width=&#8221;80%&#8221; module_alignment=&#8221;center&#8221; global_colors_info=&#8221;{}&#8221;][\/et_pb_gallery][\/et_pb_column][et_pb_column type=&#8221;1_3&#8243; _builder_version=&#8221;4.17.4&#8243; _module_preset=&#8221;default&#8221; global_colors_info=&#8221;{}&#8221;][et_pb_gallery gallery_ids=&#8221;1744,1747&#8243; posts_number=&#8221;1&#8243; show_title_and_caption=&#8221;off&#8221; _builder_version=&#8221;4.17.4&#8243; _module_preset=&#8221;default&#8221; transform_translate=&#8221;75px|0px&#8221; transform_translate_linked=&#8221;off&#8221; width=&#8221;80%&#8221; module_alignment=&#8221;center&#8221; global_colors_info=&#8221;{}&#8221;][\/et_pb_gallery][\/et_pb_column][\/et_pb_row][\/et_pb_section]<\/p>\n","protected":false},"excerpt":{"rendered":"<p>IR A CONTENIDOS MACHINE LEARNINGM\u00f3dulo 1. Introducci\u00f3n al aprendizaje autom\u00e1tico Unidad 1.1 Introducci\u00f3n &nbsp; \u00bfQu\u00e9 es el aprendizaje autom\u00e1tico? Problemas t\u00edpicos en aprendizaje autom\u00e1tico Tipos de aprendizaje autom\u00e1tico Conceptos b\u00e1sicos en un problema de aprendizaje autom\u00e1tico Flujo de trabajo en el aprendizaje autom\u00e1tico M\u00e9tricas de evaluaci\u00f3n Retos de los sistemas de aprendizaje autom\u00e1tico Abalone Anime [&hellip;]<\/p>\n","protected":false},"author":24713,"featured_media":0,"parent":0,"menu_order":0,"comment_status":"closed","ping_status":"closed","template":"","meta":{"_et_pb_use_builder":"on","_et_pb_old_content":"","_et_gb_content_width":"","_links_to":"","_links_to_target":""},"_links":{"self":[{"href":"https:\/\/unidigital.umh.es\/ca\/wp-json\/wp\/v2\/pages\/1655"}],"collection":[{"href":"https:\/\/unidigital.umh.es\/ca\/wp-json\/wp\/v2\/pages"}],"about":[{"href":"https:\/\/unidigital.umh.es\/ca\/wp-json\/wp\/v2\/types\/page"}],"author":[{"embeddable":true,"href":"https:\/\/unidigital.umh.es\/ca\/wp-json\/wp\/v2\/users\/24713"}],"replies":[{"embeddable":true,"href":"https:\/\/unidigital.umh.es\/ca\/wp-json\/wp\/v2\/comments?post=1655"}],"version-history":[{"count":0,"href":"https:\/\/unidigital.umh.es\/ca\/wp-json\/wp\/v2\/pages\/1655\/revisions"}],"wp:attachment":[{"href":"https:\/\/unidigital.umh.es\/ca\/wp-json\/wp\/v2\/media?parent=1655"}],"curies":[{"name":"wp","href":"https:\/\/api.w.org\/{rel}","templated":true}]}}