{"id":1622,"date":"2023-11-02T10:49:03","date_gmt":"2023-11-02T09:49:03","guid":{"rendered":"https:\/\/ia4legos.umh.es\/?page_id=1622"},"modified":"2023-12-01T18:21:47","modified_gmt":"2023-12-01T17:21:47","slug":"proceso-de-entrenamiento-de-la-red-neuronal","status":"publish","type":"page","link":"https:\/\/unidigital.umh.es\/ca\/proceso-de-entrenamiento-de-la-red-neuronal\/","title":{"rendered":"<span lang=\"es\">(Espa\u00f1ol) Proceso de entrenamiento de la red neuronal<\/span>"},"content":{"rendered":"<p>[et_pb_section fb_built=&#8221;1&#8243; _builder_version=&#8221;4.17.4&#8243; _module_preset=&#8221;default&#8221; global_colors_info=&#8221;{}&#8221;][et_pb_row _builder_version=&#8221;4.17.4&#8243; _module_preset=&#8221;default&#8221; global_colors_info=&#8221;{}&#8221;][et_pb_column type=&#8221;4_4&#8243; _builder_version=&#8221;4.17.4&#8243; _module_preset=&#8221;default&#8221; global_colors_info=&#8221;{}&#8221;][et_pb_text _builder_version=&#8221;4.17.4&#8243; _module_preset=&#8221;default&#8221; custom_padding=&#8221;4px||4px|||&#8221; link_option_url=&#8221;https:\/\/unidigital.umh.es\/dl-iasac\/&#8221; global_colors_info=&#8221;{}&#8221;]<\/p>\n<h1 style=\"text-align: center\"><span style=\"text-decoration: underline;color: #bf5800\"><strong>IR A CONTENIDOS DEEP LEARNING<\/strong><\/span><\/h1>\n<p>[\/et_pb_text][\/et_pb_column][\/et_pb_row][et_pb_row column_structure=&#8221;1_5,3_5,1_5&#8243; _builder_version=&#8221;4.17.4&#8243; _module_preset=&#8221;default&#8221; background_color=&#8221;#FFFFFF&#8221; global_colors_info=&#8221;{}&#8221;][et_pb_column type=&#8221;1_5&#8243; _builder_version=&#8221;4.17.4&#8243; _module_preset=&#8221;default&#8221; global_colors_info=&#8221;{}&#8221;][et_pb_button button_url=&#8221;https:\/\/unidigital.umh.es\/introduccion-al-aprendizaje-profundo\/&#8221; button_text=&#8221;M\u00f3dulo 1.1 Introducci\u00f3n al aprendizaje profundo&#8221; button_alignment=&#8221;center&#8221; _builder_version=&#8221;4.17.4&#8243; _module_preset=&#8221;default&#8221; custom_button=&#8221;on&#8221; button_text_size=&#8221;14px&#8221; button_text_color=&#8221;#bf4c00&#8243; button_bg_color=&#8221;#FFFFFF&#8221; button_border_color=&#8221;#bf5800&#8243; button_font=&#8221;Roboto||||||||&#8221; button_icon=&#8221;&#x48;||divi||400&#8243; button_icon_placement=&#8221;left&#8221; transform_scale_tablet=&#8221;&#8221; transform_scale_phone=&#8221;&#8221; transform_scale_last_edited=&#8221;on|desktop&#8221; transform_translate=&#8221;-92px|0px&#8221; transform_translate_tablet=&#8221;-21px|0px&#8221; transform_translate_phone=&#8221;-22px|0px&#8221; transform_translate_last_edited=&#8221;on|phone&#8221; transform_translate_linked=&#8221;off&#8221; transform_rotate_tablet=&#8221;&#8221; transform_rotate_phone=&#8221;&#8221; transform_rotate_last_edited=&#8221;on|desktop&#8221; transform_skew_tablet=&#8221;&#8221; transform_skew_phone=&#8221;&#8221; transform_skew_last_edited=&#8221;on|desktop&#8221; transform_origin_tablet=&#8221;&#8221; transform_origin_phone=&#8221;&#8221; transform_origin_last_edited=&#8221;on|desktop&#8221; transform_styles_last_edited=&#8221;on|phone&#8221; custom_margin=&#8221;|-50px|||false|false&#8221; transform_styles_tablet=&#8221;&#8221; transform_styles_phone=&#8221;&#8221; global_colors_info=&#8221;{}&#8221;][\/et_pb_button][\/et_pb_column][et_pb_column type=&#8221;3_5&#8243; _builder_version=&#8221;4.17.4&#8243; _module_preset=&#8221;default&#8221; global_colors_info=&#8221;{}&#8221;][et_pb_text _builder_version=&#8221;4.17.4&#8243; _module_preset=&#8221;default&#8221; text_font=&#8221;Signika||||||||&#8221; header_2_font_size=&#8221;22px&#8221; text_orientation=&#8221;right&#8221; global_colors_info=&#8221;{}&#8221;]<\/p>\n<h1 style=\"text-align: center\"><strong>M\u00f3dulo 1. Introducci\u00f3n<\/strong><\/h1>\n<p><strong><\/strong><\/p>\n<h2 style=\"text-align: center\"><strong>Unidad 1.2 Proceso de entrenamiento de la red neuronal<\/strong><\/h2>\n<p>&nbsp;<\/p>\n<p>[\/et_pb_text][\/et_pb_column][et_pb_column type=&#8221;1_5&#8243; _builder_version=&#8221;4.17.4&#8243; _module_preset=&#8221;default&#8221; global_colors_info=&#8221;{}&#8221;][et_pb_button button_url=&#8221;https:\/\/unidigital.umh.es\/api-keras-para-redes-multicapa-densas\/&#8221; button_text=&#8221;Unidad 2.1 API Keras para redes multicapa densa&#8221; button_alignment=&#8221;center&#8221; _builder_version=&#8221;4.17.4&#8243; _module_preset=&#8221;default&#8221; custom_button=&#8221;on&#8221; button_text_size=&#8221;14px&#8221; button_text_color=&#8221;#bf4c00&#8243; button_bg_color=&#8221;#FFFFFF&#8221; button_border_color=&#8221;#bf5800&#8243; button_font=&#8221;Roboto||||||||&#8221; button_icon=&#8221;&#x49;||divi||400&#8243; transform_scale_tablet=&#8221;&#8221; transform_scale_phone=&#8221;&#8221; transform_scale_last_edited=&#8221;on|tablet&#8221; transform_translate=&#8221;41px|0px&#8221; transform_translate_tablet=&#8221;-20px|0px&#8221; transform_translate_phone=&#8221;-20px|0px&#8221; transform_translate_last_edited=&#8221;on|phone&#8221; transform_translate_linked=&#8221;off&#8221; transform_translate_linked_tablet=&#8221;off&#8221; transform_rotate_tablet=&#8221;&#8221; transform_rotate_phone=&#8221;&#8221; transform_rotate_last_edited=&#8221;on|tablet&#8221; transform_skew_tablet=&#8221;&#8221; transform_skew_phone=&#8221;&#8221; transform_skew_last_edited=&#8221;on|tablet&#8221; transform_origin_tablet=&#8221;&#8221; transform_origin_phone=&#8221;&#8221; transform_origin_last_edited=&#8221;on|tablet&#8221; transform_styles_last_edited=&#8221;on|phone&#8221; custom_margin=&#8221;|-50px|||false|false&#8221; transform_styles_tablet=&#8221;&#8221; transform_styles_phone=&#8221;&#8221; global_colors_info=&#8221;{}&#8221;][\/et_pb_button][\/et_pb_column][\/et_pb_row][et_pb_row column_structure=&#8221;1_2,1_2&#8243; _builder_version=&#8221;4.17.4&#8243; _module_preset=&#8221;default&#8221; width=&#8221;89%&#8221; max_width=&#8221;1543px&#8221; global_colors_info=&#8221;{}&#8221;][et_pb_column type=&#8221;1_2&#8243; _builder_version=&#8221;4.17.4&#8243; _module_preset=&#8221;default&#8221; global_colors_info=&#8221;{}&#8221;][et_pb_image src=&#8221;https:\/\/ia4legos.umh.es\/files\/2023\/07\/Enlace-a-cuaderno-2.png&#8221; title_text=&#8221;Enlace a cuaderno 2&#8243; url=&#8221;https:\/\/colab.research.google.com\/drive\/1QEgSKfHOXilzKdgFoJh2nfLBPgOdt61P#scrollTo=-7whhErFzY9J&#8221; url_new_window=&#8221;on&#8221; align=&#8221;center&#8221; _builder_version=&#8221;4.17.4&#8243; _module_preset=&#8221;default&#8221; transform_translate=&#8221;0px|27px&#8221; transform_translate_linked=&#8221;off&#8221; width=&#8221;35%&#8221; max_width=&#8221;100%&#8221; max_height=&#8221;992px&#8221; custom_padding=&#8221;||24px|1px|false|false&#8221; global_colors_info=&#8221;{}&#8221;][\/et_pb_image][et_pb_accordion _builder_version=&#8221;4.17.4&#8243; _module_preset=&#8221;default&#8221; toggle_font=&#8221;Signika||||||||&#8221; custom_padding=&#8221;||53px||false|false&#8221; hover_enabled=&#8221;0&#8243; global_colors_info=&#8221;{}&#8221; sticky_enabled=&#8221;0&#8243;][et_pb_accordion_item title=&#8221;Tema 2. Proceso de entrenamiento de la red neuronal (I)&#8221; open=&#8221;on&#8221; _builder_version=&#8221;4.17.4&#8243; _module_preset=&#8221;default&#8221; hover_enabled=&#8221;0&#8243; global_colors_info=&#8221;{}&#8221; sticky_enabled=&#8221;0&#8243;]<\/p>\n<ol>\n<li><span style=\"color: #bf5800\"><a href=\"https:\/\/colab.research.google.com\/drive\/1QEgSKfHOXilzKdgFoJh2nfLBPgOdt61P#scrollTo=1d_3-DKt7Ige\" target=\"_blank\" rel=\"noopener\" style=\"color: #bf5800\">Fases del entrenamiento de una red neuronal<\/a><\/span><\/li>\n<li><span style=\"color: #bf5800\"><a href=\"https:\/\/colab.research.google.com\/drive\/1QEgSKfHOXilzKdgFoJh2nfLBPgOdt61P#scrollTo=BW13iGsAJyOm\" target=\"_blank\" rel=\"noopener\" style=\"color: #bf5800\">Preproceso de inputs<\/a><\/span><\/li>\n<li><span style=\"color: #bf5800\"><a href=\"https:\/\/colab.research.google.com\/drive\/1QEgSKfHOXilzKdgFoJh2nfLBPgOdt61P#scrollTo=yVPaXfPpSKxu\" target=\"_blank\" rel=\"noopener\" style=\"color: #bf5800\">Funciones de activaci\u00f3n<\/a><\/span><\/li>\n<li><span style=\"color: #bf5800\"><a href=\"https:\/\/colab.research.google.com\/drive\/1QEgSKfHOXilzKdgFoJh2nfLBPgOdt61P#scrollTo=ymjPl4DUwNN5\" target=\"_blank\" rel=\"noopener\" style=\"color: #bf5800\">Funciones de p\u00e9rdida<\/a><\/span><\/li>\n<li><span style=\"color: #bf5800\"><a href=\"https:\/\/colab.research.google.com\/drive\/1QEgSKfHOXilzKdgFoJh2nfLBPgOdt61P#scrollTo=io02ovi0JjeH\" target=\"_blank\" rel=\"noopener\" style=\"color: #bf5800\">Proceso de optimizaci\u00f3n<\/a><\/span><\/li>\n<\/ol>\n<p>[\/et_pb_accordion_item][\/et_pb_accordion][et_pb_image src=&#8221;https:\/\/ia4legos.umh.es\/files\/2023\/11\/Enlace-a-video-cuaderno-2.png&#8221; title_text=&#8221;Enlace a v\u00eddeo cuaderno 2&#8243; url=&#8221;https:\/\/www.youtube.com\/watch?v=ZwM0uMIJvU4&amp;list=PLClKgnzRFYe6aNxojV8JV1d74EUtosmus&amp;index=2&#8243; url_new_window=&#8221;on&#8221; align=&#8221;center&#8221; _builder_version=&#8221;4.17.4&#8243; _module_preset=&#8221;default&#8221; transform_translate=&#8221;0px|27px&#8221; transform_translate_linked=&#8221;off&#8221; width=&#8221;35%&#8221; custom_padding=&#8221;|||1px||&#8221; global_colors_info=&#8221;{}&#8221;][\/et_pb_image][\/et_pb_column][et_pb_column type=&#8221;1_2&#8243; _builder_version=&#8221;4.17.4&#8243; _module_preset=&#8221;default&#8221; global_colors_info=&#8221;{}&#8221;][et_pb_image src=&#8221;https:\/\/ia4legos.umh.es\/files\/2023\/07\/Enlace-a-cuaderno-3.png&#8221; title_text=&#8221;Enlace a cuaderno 3&#8243; url=&#8221;https:\/\/colab.research.google.com\/drive\/19tphb9dwdGOLVUJkvpd3rAEV9LbP5gc3&#8243; url_new_window=&#8221;on&#8221; align=&#8221;center&#8221; _builder_version=&#8221;4.17.4&#8243; _module_preset=&#8221;default&#8221; width=&#8221;35%&#8221; module_alignment=&#8221;center&#8221; custom_padding=&#8221;24px||||false|false&#8221; global_colors_info=&#8221;{}&#8221;][\/et_pb_image][et_pb_accordion _builder_version=&#8221;4.17.4&#8243; _module_preset=&#8221;default&#8221; toggle_font=&#8221;Signika||||||||&#8221; hover_enabled=&#8221;0&#8243; global_colors_info=&#8221;{}&#8221; sticky_enabled=&#8221;0&#8243;][et_pb_accordion_item title=&#8221;Tema 3. Proceso de entrenamiento de la red neuronal (II)&#8221; open=&#8221;on&#8221; _builder_version=&#8221;4.17.4&#8243; _module_preset=&#8221;default&#8221; hover_enabled=&#8221;0&#8243; global_colors_info=&#8221;{}&#8221; sticky_enabled=&#8221;0&#8243;]<\/p>\n<ol>\n<li><span style=\"color: #bf5800\"><a href=\"https:\/\/colab.research.google.com\/drive\/19tphb9dwdGOLVUJkvpd3rAEV9LbP5gc3#scrollTo=1d_3-DKt7Ige\" target=\"_blank\" rel=\"noopener\" style=\"color: #bf5800\">Estimaci\u00f3n del modelo de red neuronal<\/a><\/span><\/li>\n<li><span style=\"color: #bf5800\"><a href=\"https:\/\/colab.research.google.com\/drive\/19tphb9dwdGOLVUJkvpd3rAEV9LbP5gc3#scrollTo=nadW8nsqv-1K\" target=\"_blank\" rel=\"noopener\" style=\"color: #bf5800\">Algoritmo de backpropagation<\/a><\/span><\/li>\n<li><span style=\"color: #bf5800\"><a href=\"https:\/\/colab.research.google.com\/drive\/19tphb9dwdGOLVUJkvpd3rAEV9LbP5gc3#scrollTo=W2IEHpC-wKV1\" target=\"_blank\" rel=\"noopener\" style=\"color: #bf5800\">Algoritmos de optimizaci\u00f3n<\/a><\/span><\/li>\n<li><span style=\"color: #bf5800\"><a href=\"https:\/\/colab.research.google.com\/drive\/19tphb9dwdGOLVUJkvpd3rAEV9LbP5gc3#scrollTo=v_PwKE4qwV31\" target=\"_blank\" rel=\"noopener\" style=\"color: #bf5800\">Hiperpar\u00e1metros de la red<\/a><\/span><\/li>\n<li><span style=\"color: #bf5800\"><a href=\"https:\/\/colab.research.google.com\/drive\/19tphb9dwdGOLVUJkvpd3rAEV9LbP5gc3#scrollTo=R7WJDZPAwfDm\" target=\"_blank\" rel=\"noopener\" style=\"color: #bf5800\">Regularizaci\u00f3n<\/a><\/span><\/li>\n<li><span style=\"color: #bf5800\"><a href=\"https:\/\/colab.research.google.com\/drive\/19tphb9dwdGOLVUJkvpd3rAEV9LbP5gc3#scrollTo=VlJCNwaqu25f\" target=\"_blank\" rel=\"noopener\" style=\"color: #bf5800\">Redes neuronales en Scikit-Learn<\/a><\/span><\/li>\n<\/ol>\n<p><span style=\"color: #bf5800\"><\/span><\/p>\n<p><span style=\"color: #bf5800\"><\/span><\/p>\n<p><span style=\"color: #bf5800\"><\/span><\/p>\n<p>[\/et_pb_accordion_item][\/et_pb_accordion][et_pb_image src=&#8221;https:\/\/ia4legos.umh.es\/files\/2023\/07\/Enlace-a-video-cuaderno-3.png&#8221; title_text=&#8221;Enlace a v\u00eddeo cuaderno 3&#8243; url=&#8221;https:\/\/www.youtube.com\/watch?v=_sGLwTVRHkE&amp;list=PLClKgnzRFYe6aNxojV8JV1d74EUtosmus&amp;index=3&#8243; url_new_window=&#8221;on&#8221; align=&#8221;center&#8221; _builder_version=&#8221;4.17.4&#8243; _module_preset=&#8221;default&#8221; transform_translate=&#8221;0px|27px&#8221; transform_translate_linked=&#8221;off&#8221; width=&#8221;35%&#8221; custom_padding=&#8221;|||1px||&#8221; global_colors_info=&#8221;{}&#8221;][\/et_pb_image][\/et_pb_column][\/et_pb_row][et_pb_row column_structure=&#8221;1_2,1_2&#8243; _builder_version=&#8221;4.17.4&#8243; _module_preset=&#8221;default&#8221; global_colors_info=&#8221;{}&#8221;][et_pb_column type=&#8221;1_2&#8243; _builder_version=&#8221;4.17.4&#8243; _module_preset=&#8221;default&#8221; global_colors_info=&#8221;{}&#8221;][et_pb_gallery gallery_ids=&#8221;2185,2188&#8243; posts_number=&#8221;1&#8243; show_title_and_caption=&#8221;off&#8221; _builder_version=&#8221;4.17.4&#8243; _module_preset=&#8221;default&#8221; global_colors_info=&#8221;{}&#8221;][\/et_pb_gallery][\/et_pb_column][et_pb_column type=&#8221;1_2&#8243; _builder_version=&#8221;4.17.4&#8243; _module_preset=&#8221;default&#8221; global_colors_info=&#8221;{}&#8221;][et_pb_gallery gallery_ids=&#8221;2191,2194,2197,2200,2203&#8243; posts_number=&#8221;1&#8243; show_title_and_caption=&#8221;off&#8221; _builder_version=&#8221;4.17.4&#8243; _module_preset=&#8221;default&#8221; custom_padding=&#8221;|||0px|false|false&#8221; border_radii_image=&#8221;off||||&#8221; global_colors_info=&#8221;{}&#8221;][\/et_pb_gallery][\/et_pb_column][\/et_pb_row][\/et_pb_section]<\/p>\n","protected":false},"excerpt":{"rendered":"<p>IR A CONTENIDOS DEEP LEARNINGM\u00f3dulo 1. Introducci\u00f3n Unidad 1.2 Proceso de entrenamiento de la red neuronal &nbsp; Fases del entrenamiento de una red neuronal Preproceso de inputs Funciones de activaci\u00f3n Funciones de p\u00e9rdida Proceso de optimizaci\u00f3n Estimaci\u00f3n del modelo de red neuronal Algoritmo de backpropagation Algoritmos de optimizaci\u00f3n Hiperpar\u00e1metros de la red Regularizaci\u00f3n Redes neuronales [&hellip;]<\/p>\n","protected":false},"author":24713,"featured_media":0,"parent":0,"menu_order":0,"comment_status":"closed","ping_status":"closed","template":"","meta":{"_et_pb_use_builder":"on","_et_pb_old_content":"","_et_gb_content_width":"","_links_to":"","_links_to_target":""},"_links":{"self":[{"href":"https:\/\/unidigital.umh.es\/ca\/wp-json\/wp\/v2\/pages\/1622"}],"collection":[{"href":"https:\/\/unidigital.umh.es\/ca\/wp-json\/wp\/v2\/pages"}],"about":[{"href":"https:\/\/unidigital.umh.es\/ca\/wp-json\/wp\/v2\/types\/page"}],"author":[{"embeddable":true,"href":"https:\/\/unidigital.umh.es\/ca\/wp-json\/wp\/v2\/users\/24713"}],"replies":[{"embeddable":true,"href":"https:\/\/unidigital.umh.es\/ca\/wp-json\/wp\/v2\/comments?post=1622"}],"version-history":[{"count":0,"href":"https:\/\/unidigital.umh.es\/ca\/wp-json\/wp\/v2\/pages\/1622\/revisions"}],"wp:attachment":[{"href":"https:\/\/unidigital.umh.es\/ca\/wp-json\/wp\/v2\/media?parent=1622"}],"curies":[{"name":"wp","href":"https:\/\/api.w.org\/{rel}","templated":true}]}}