{"id":1294,"date":"2023-07-07T10:22:38","date_gmt":"2023-07-07T08:22:38","guid":{"rendered":"https:\/\/ia4legos.umh.es\/?page_id=1294"},"modified":"2023-11-30T13:34:36","modified_gmt":"2023-11-30T12:34:36","slug":"procesado-de-lenguaje-natural-nlp","status":"publish","type":"page","link":"https:\/\/unidigital.umh.es\/ca\/procesado-de-lenguaje-natural-nlp\/","title":{"rendered":"<span lang=\"es\">(Espa\u00f1ol) Procesado de lenguaje natural (NLP) IASAC<\/span>"},"content":{"rendered":"<p>[et_pb_section fb_built=&#8221;1&#8243; _builder_version=&#8221;4.17.4&#8243; _module_preset=&#8221;default&#8221; global_colors_info=&#8221;{}&#8221;][et_pb_row _builder_version=&#8221;4.17.4&#8243; _module_preset=&#8221;default&#8221; global_colors_info=&#8221;{}&#8221; theme_builder_area=&#8221;post_content&#8221;][et_pb_column type=&#8221;4_4&#8243; _builder_version=&#8221;4.17.4&#8243; _module_preset=&#8221;default&#8221; global_colors_info=&#8221;{}&#8221; theme_builder_area=&#8221;post_content&#8221;][et_pb_text _builder_version=&#8221;4.17.4&#8243; _module_preset=&#8221;default&#8221; custom_padding=&#8221;4px||4px|||&#8221; link_option_url=&#8221;https:\/\/unidigital.umh.es\/ml-iasac\/&#8221; global_colors_info=&#8221;{}&#8221; theme_builder_area=&#8221;post_content&#8221;]<\/p>\n<h1 style=\"text-align: center;\"><span style=\"text-decoration: underline; color: #bf5800;\"><strong>IR A CONTENIDOS MACHINE LEARNING<\/strong><\/span><\/h1>\n<p>[\/et_pb_text][\/et_pb_column][\/et_pb_row][et_pb_row column_structure=&#8221;1_4,3_4&#8243; _builder_version=&#8221;4.17.4&#8243; _module_preset=&#8221;default&#8221; global_colors_info=&#8221;{}&#8221;][et_pb_column type=&#8221;1_4&#8243; _builder_version=&#8221;4.17.4&#8243; _module_preset=&#8221;default&#8221; global_colors_info=&#8221;{}&#8221;][et_pb_button button_url=&#8221;https:\/\/unidigital.umh.es\/modelos-de-agrupacion-o-cluster\/&#8221; button_text=&#8221;Unidad 3.4 Modelo de agrupaci\u00f3n o clusters&#8221; button_alignment=&#8221;center&#8221; _builder_version=&#8221;4.17.4&#8243; _module_preset=&#8221;default&#8221; custom_button=&#8221;on&#8221; button_text_size=&#8221;13px&#8221; button_text_color=&#8221;#bf4c00&#8243; button_bg_color=&#8221;#FFFFFF&#8221; button_border_color=&#8221;#bf5800&#8243; button_font=&#8221;Roboto||||||||&#8221; button_icon=&#8221;&#x49;||divi||400&#8243; transform_scale_tablet=&#8221;&#8221; transform_scale_phone=&#8221;&#8221; transform_scale_last_edited=&#8221;on|tablet&#8221; transform_translate=&#8221;41px|0px&#8221; transform_translate_tablet=&#8221;-20px|0px&#8221; transform_translate_phone=&#8221;-20px|0px&#8221; transform_translate_last_edited=&#8221;on|phone&#8221; transform_translate_linked=&#8221;off&#8221; transform_translate_linked_tablet=&#8221;off&#8221; transform_rotate_tablet=&#8221;&#8221; transform_rotate_phone=&#8221;&#8221; transform_rotate_last_edited=&#8221;on|tablet&#8221; transform_skew_tablet=&#8221;&#8221; transform_skew_phone=&#8221;&#8221; transform_skew_last_edited=&#8221;on|tablet&#8221; transform_origin_tablet=&#8221;&#8221; transform_origin_phone=&#8221;&#8221; transform_origin_last_edited=&#8221;on|tablet&#8221; transform_styles_last_edited=&#8221;on|phone&#8221; custom_margin=&#8221;|-50px|||false|false&#8221; transform_styles_tablet=&#8221;&#8221; transform_styles_phone=&#8221;&#8221; global_colors_info=&#8221;{}&#8221;][\/et_pb_button][\/et_pb_column][et_pb_column type=&#8221;3_4&#8243; _builder_version=&#8221;4.17.4&#8243; _module_preset=&#8221;default&#8221; global_colors_info=&#8221;{}&#8221;][et_pb_text _builder_version=&#8221;4.17.4&#8243; _module_preset=&#8221;default&#8221; text_font=&#8221;Signika||||||||&#8221; header_font_size=&#8221;28px&#8221; header_2_font_size=&#8221;22px&#8221; global_colors_info=&#8221;{}&#8221;]<\/p>\n<h1 style=\"text-align: center\">M\u00f3dulo 4. Ampliaciones<\/h1>\n<p><strong><\/strong><\/p>\n<h2 style=\"text-align: center\"><span>Unidad 4.1 Procesado de lenguaje natural (NLP)<\/span><\/h2>\n<p>&nbsp;<\/p>\n<p>[\/et_pb_text][\/et_pb_column][\/et_pb_row][et_pb_row column_structure=&#8221;1_4,1_4,1_4,1_4&#8243; _builder_version=&#8221;4.17.4&#8243; _module_preset=&#8221;default&#8221; width=&#8221;89%&#8221; max_width=&#8221;1543px&#8221; global_colors_info=&#8221;{}&#8221;][et_pb_column type=&#8221;1_4&#8243; _builder_version=&#8221;4.17.4&#8243; _module_preset=&#8221;default&#8221; global_colors_info=&#8221;{}&#8221;][et_pb_image src=&#8221;https:\/\/ia4legos.umh.es\/files\/2023\/07\/Enlace-a-cuaderno-31.png&#8221; title_text=&#8221;Enlace a cuaderno 31&#8243; url=&#8221;https:\/\/colab.research.google.com\/drive\/1wwzmijZYb8zSLztMUn0gOKbJJ2ssKsPl#scrollTo=-7whhErFzY9J&#8221; url_new_window=&#8221;on&#8221; _builder_version=&#8221;4.17.4&#8243; _module_preset=&#8221;default&#8221; width=&#8221;50%&#8221; module_alignment=&#8221;center&#8221; global_colors_info=&#8221;{}&#8221;][\/et_pb_image][et_pb_accordion _builder_version=&#8221;4.17.4&#8243; _module_preset=&#8221;default&#8221; toggle_font=&#8221;Signika||||||||&#8221; custom_padding=&#8221;||9px||false|false&#8221; global_colors_info=&#8221;{}&#8221;][et_pb_accordion_item title=&#8221;Tema 31. Introducci\u00f3n al procesado de lenguaje natural (NLP)&#8221; open=&#8221;on&#8221; _builder_version=&#8221;4.17.4&#8243; _module_preset=&#8221;default&#8221; custom_padding=&#8221;||37px||false|false&#8221; global_colors_info=&#8221;{}&#8221;]<\/p>\n<ol>\n<li><span style=\"color: #bf5800\"><a href=\"https:\/\/colab.research.google.com\/drive\/1wwzmijZYb8zSLztMUn0gOKbJJ2ssKsPl#scrollTo=QAgaWSzDmSw2\" target=\"_blank\" rel=\"noopener\" style=\"color: #bf5800\">Introducci\u00f3n<\/a><\/span><\/li>\n<li><span style=\"color: #bf5800\"><a href=\"https:\/\/colab.research.google.com\/drive\/1wwzmijZYb8zSLztMUn0gOKbJJ2ssKsPl#scrollTo=BIYdf7MRhBGu\" target=\"_blank\" rel=\"noopener\" style=\"color: #bf5800\">M\u00e9todos aplicados a cadenas de texto<\/a><\/span><\/li>\n<li><span style=\"color: #bf5800\"><a href=\"https:\/\/colab.research.google.com\/drive\/1wwzmijZYb8zSLztMUn0gOKbJJ2ssKsPl#scrollTo=jwhLEd-8zKFc\" target=\"_blank\" rel=\"noopener\" style=\"color: #bf5800\">Expresiones regulares<\/a><\/span><\/li>\n<li><span style=\"color: #bf5800\"><a href=\"https:\/\/colab.research.google.com\/drive\/1wwzmijZYb8zSLztMUn0gOKbJJ2ssKsPl#scrollTo=Eq3PFQVYpUpK\" target=\"_blank\" rel=\"noopener\" style=\"color: #bf5800\">Usos del NLP<\/a><\/span><\/li>\n<li><span style=\"color: #bf5800\"><a href=\"https:\/\/colab.research.google.com\/drive\/1wwzmijZYb8zSLztMUn0gOKbJJ2ssKsPl#scrollTo=qQPjT2CGpDzR\" target=\"_blank\" rel=\"noopener\" style=\"color: #bf5800\">\u00bfC\u00f3mo es capaz de entender el lenguaje un ordenador?<\/a><\/span><\/li>\n<li><span style=\"color: #bf5800\"><a href=\"https:\/\/colab.research.google.com\/drive\/1wwzmijZYb8zSLztMUn0gOKbJJ2ssKsPl#scrollTo=yaR9gYoK6C8h\" target=\"_blank\" rel=\"noopener\" style=\"color: #bf5800\">T\u00e9cnicas comunes usadas en NLP<\/a><\/span><\/li>\n<li><span style=\"color: #bf5800\"><a href=\"https:\/\/colab.research.google.com\/drive\/1wwzmijZYb8zSLztMUn0gOKbJJ2ssKsPl#scrollTo=cz-ECw-Q5cd5\" target=\"_blank\" rel=\"noopener\" style=\"color: #bf5800\">Procesado b\u00e1sico con Python: NLTK y SPACY<\/a><\/span><\/li>\n<li><span style=\"color: #bf5800\"><a href=\"https:\/\/colab.research.google.com\/drive\/1wwzmijZYb8zSLztMUn0gOKbJJ2ssKsPl#scrollTo=332uefWtXm-n\" target=\"_blank\" rel=\"noopener\" style=\"color: #bf5800\">Otras librer\u00edas para NLP<\/a><\/span><\/li>\n<li><span style=\"color: #bf5800\"><a href=\"https:\/\/colab.research.google.com\/drive\/1wwzmijZYb8zSLztMUn0gOKbJJ2ssKsPl#scrollTo=3GMu5NtRUB2G\" target=\"_blank\" rel=\"noopener\" style=\"color: #bf5800\">Aplicaci\u00f3n de NLP tradicional<\/a><\/span><\/li>\n<li><span style=\"color: #bf5800\"><a href=\"https:\/\/colab.research.google.com\/drive\/1wwzmijZYb8zSLztMUn0gOKbJJ2ssKsPl#scrollTo=ldtn_4MTGAqn\" target=\"_blank\" rel=\"noopener\" style=\"color: #bf5800\">Normalizaci\u00f3n de textos<\/a><\/span><\/li>\n<\/ol>\n<p>[\/et_pb_accordion_item][\/et_pb_accordion][et_pb_image src=&#8221;https:\/\/ia4legos.umh.es\/files\/2023\/07\/Enlace-a-video-cuaderno-31.png&#8221; title_text=&#8221;Enlace a v\u00eddeo cuaderno 31&#8243; url=&#8221;https:\/\/www.youtube.com\/watch?v=7AG8nKqwkLg&#038;list=PLClKgnzRFYe7A_t6D-siRSLuPPBzVNgI5&#038;index=29&#8243; url_new_window=&#8221;on&#8221; align=&#8221;center&#8221; _builder_version=&#8221;4.17.4&#8243; _module_preset=&#8221;default&#8221; transform_translate=&#8221;0px|27px&#8221; transform_translate_linked=&#8221;off&#8221; width=&#8221;50%&#8221; custom_padding=&#8221;|||1px||&#8221; global_colors_info=&#8221;{}&#8221;][\/et_pb_image][\/et_pb_column][et_pb_column type=&#8221;1_4&#8243; _builder_version=&#8221;4.17.4&#8243; _module_preset=&#8221;default&#8221; global_colors_info=&#8221;{}&#8221;][et_pb_image src=&#8221;https:\/\/ia4legos.umh.es\/files\/2023\/07\/Enlace-a-cuaderno-32.png&#8221; title_text=&#8221;Enlace a cuaderno 32&#8243; url=&#8221;https:\/\/colab.research.google.com\/drive\/1lajZA4xcDLHZYlItLjTgrobcNStj83n9#scrollTo=-7whhErFzY9J&#8221; url_new_window=&#8221;on&#8221; _builder_version=&#8221;4.17.4&#8243; _module_preset=&#8221;default&#8221; width=&#8221;50%&#8221; module_alignment=&#8221;center&#8221; global_colors_info=&#8221;{}&#8221;][\/et_pb_image][et_pb_accordion _builder_version=&#8221;4.17.4&#8243; _module_preset=&#8221;default&#8221; toggle_font=&#8221;Signika||||||||&#8221; custom_padding=&#8221;||303px||false|false&#8221; global_colors_info=&#8221;{}&#8221;][et_pb_accordion_item title=&#8221;Tema 32. NPL: Clasificaci\u00f3n de textos&#8221; open=&#8221;on&#8221; _builder_version=&#8221;4.17.4&#8243; _module_preset=&#8221;default&#8221; global_colors_info=&#8221;{}&#8221;]<\/p>\n<ol>\n<li><span style=\"color: #bf5800\"><a href=\"https:\/\/colab.research.google.com\/drive\/1lajZA4xcDLHZYlItLjTgrobcNStj83n9#scrollTo=QAgaWSzDmSw2\" target=\"_blank\" rel=\"noopener\" style=\"color: #bf5800\">Introducci\u00f3n a la clasificaci\u00f3n de textos<\/a><\/span><\/li>\n<li><span style=\"color: #bf5800\"><a href=\"https:\/\/colab.research.google.com\/drive\/1lajZA4xcDLHZYlItLjTgrobcNStj83n9#scrollTo=hlxTx1OKp8hY\" target=\"_blank\" rel=\"noopener\" style=\"color: #bf5800\">Clasificaci\u00f3n autom\u00e1tica de textos<\/a><\/span><\/li>\n<\/ol>\n<p>[\/et_pb_accordion_item][\/et_pb_accordion][et_pb_image src=&#8221;https:\/\/ia4legos.umh.es\/files\/2023\/07\/Enlace-a-video-cuaderno-32.png&#8221; title_text=&#8221;Enlace a v\u00eddeo cuaderno 32&#8243; url=&#8221;https:\/\/www.youtube.com\/watch?v=4HyEbd1fMs4&#038;list=PLClKgnzRFYe7A_t6D-siRSLuPPBzVNgI5&#038;index=30&#8243; url_new_window=&#8221;on&#8221; align=&#8221;center&#8221; _builder_version=&#8221;4.17.4&#8243; _module_preset=&#8221;default&#8221; transform_translate=&#8221;0px|27px&#8221; transform_translate_linked=&#8221;off&#8221; width=&#8221;50%&#8221; custom_padding=&#8221;|||1px||&#8221; global_colors_info=&#8221;{}&#8221;][\/et_pb_image][\/et_pb_column][et_pb_column type=&#8221;1_4&#8243; _builder_version=&#8221;4.17.4&#8243; _module_preset=&#8221;default&#8221; global_colors_info=&#8221;{}&#8221;][et_pb_image src=&#8221;https:\/\/ia4legos.umh.es\/files\/2023\/07\/Enlace-a-cuaderno-33.png&#8221; title_text=&#8221;Enlace a cuaderno 33&#8243; url=&#8221;https:\/\/colab.research.google.com\/drive\/1VVvAPdtncusSi0QL4cVpH3RLlAqFX9eC#scrollTo=-7whhErFzY9J&#8221; url_new_window=&#8221;on&#8221; align=&#8221;center&#8221; _builder_version=&#8221;4.17.4&#8243; _module_preset=&#8221;default&#8221; width=&#8221;50%&#8221; global_colors_info=&#8221;{}&#8221;][\/et_pb_image][et_pb_accordion _builder_version=&#8221;4.17.4&#8243; _module_preset=&#8221;default&#8221; toggle_font=&#8221;Signika||||||||&#8221; custom_padding=&#8221;||226px||false|false&#8221; global_colors_info=&#8221;{}&#8221;][et_pb_accordion_item title=&#8221;Tema 33. NPL: Agrupaci\u00f3n de textos&#8221; open=&#8221;on&#8221; _builder_version=&#8221;4.17.4&#8243; _module_preset=&#8221;default&#8221; custom_padding=&#8221;||72px||false|false&#8221; global_colors_info=&#8221;{}&#8221;]<\/p>\n<ol>\n<li><span style=\"color: #bf5800\"><a href=\"https:\/\/colab.research.google.com\/drive\/1VVvAPdtncusSi0QL4cVpH3RLlAqFX9eC#scrollTo=QAgaWSzDmSw2\" target=\"_blank\" rel=\"noopener\" style=\"color: #bf5800\">Introducci\u00f3n a la agrupaci\u00f3n de textos<\/a><\/span><\/li>\n<li><span style=\"color: #bf5800\"><a href=\"https:\/\/colab.research.google.com\/drive\/1VVvAPdtncusSi0QL4cVpH3RLlAqFX9eC#scrollTo=YtaP4p09DkD_\" target=\"_blank\" rel=\"noopener\" style=\"color: #bf5800\">Similaridad de textos<\/a><\/span><\/li>\n<li><span style=\"color: #bf5800\"><a href=\"https:\/\/colab.research.google.com\/drive\/1VVvAPdtncusSi0QL4cVpH3RLlAqFX9eC#scrollTo=0OU3kPfcEnmh\" target=\"_blank\" rel=\"noopener\" style=\"color: #bf5800\">Clusters de documentos<\/a><\/span><\/li>\n<\/ol>\n<p>[\/et_pb_accordion_item][\/et_pb_accordion][et_pb_image src=&#8221;https:\/\/ia4legos.umh.es\/files\/2023\/07\/Enlace-a-video-cuaderno-33.png&#8221; title_text=&#8221;Enlace a v\u00eddeo cuaderno 33&#8243; url=&#8221;https:\/\/www.youtube.com\/watch?v=JvDpehRnUoU&#038;list=PLClKgnzRFYe7A_t6D-siRSLuPPBzVNgI5&#038;index=32&#8243; url_new_window=&#8221;on&#8221; align=&#8221;center&#8221; _builder_version=&#8221;4.17.4&#8243; _module_preset=&#8221;default&#8221; transform_translate=&#8221;0px|27px&#8221; transform_translate_linked=&#8221;off&#8221; width=&#8221;50%&#8221; custom_padding=&#8221;|||1px||&#8221; global_colors_info=&#8221;{}&#8221;][\/et_pb_image][\/et_pb_column][et_pb_column type=&#8221;1_4&#8243; _builder_version=&#8221;4.17.4&#8243; _module_preset=&#8221;default&#8221; global_colors_info=&#8221;{}&#8221;][et_pb_image src=&#8221;https:\/\/ia4legos.umh.es\/files\/2023\/07\/Enlace-a-cuaderno-34.png&#8221; title_text=&#8221;Enlace a cuaderno 34&#8243; url=&#8221;https:\/\/colab.research.google.com\/drive\/1gnCxpccAHseXNzs1hcFnRsLtNEordffM&#8221; url_new_window=&#8221;on&#8221; align=&#8221;center&#8221; _builder_version=&#8221;4.17.4&#8243; _module_preset=&#8221;default&#8221; width=&#8221;50%&#8221; global_colors_info=&#8221;{}&#8221;][\/et_pb_image][et_pb_accordion _builder_version=&#8221;4.17.4&#8243; _module_preset=&#8221;default&#8221; toggle_font=&#8221;Signika||||||||&#8221; custom_padding=&#8221;||201px||false|false&#8221; global_colors_info=&#8221;{}&#8221;][et_pb_accordion_item title=&#8221;Tema 34. NPL: An\u00e1lisis sentimental&#8221; open=&#8221;on&#8221; _builder_version=&#8221;4.17.4&#8243; _module_preset=&#8221;default&#8221; global_colors_info=&#8221;{}&#8221;]<\/p>\n<ol>\n<li><span style=\"color: #bf5800\"><a href=\"https:\/\/colab.research.google.com\/drive\/1gnCxpccAHseXNzs1hcFnRsLtNEordffM#scrollTo=QAgaWSzDmSw2\" target=\"_blank\" rel=\"noopener\" style=\"color: #bf5800\">Introducci\u00f3n al an\u00e1lisis sentimental<\/a><\/span><\/li>\n<li><span style=\"color: #bf5800\"><a href=\"https:\/\/colab.research.google.com\/drive\/1gnCxpccAHseXNzs1hcFnRsLtNEordffM#scrollTo=dbd1L7vkr3XG\" target=\"_blank\" rel=\"noopener\" style=\"color: #bf5800\">Banco de datos y funciones necesarias para el an\u00e1lisis<\/a><\/span><\/li>\n<li><span style=\"color: #bf5800\"><a href=\"https:\/\/colab.research.google.com\/drive\/1gnCxpccAHseXNzs1hcFnRsLtNEordffM#scrollTo=x2taWXN6RE-X\" target=\"_blank\" rel=\"noopener\" style=\"color: #bf5800\">Aprendizaje supervisado<\/a><\/span><\/li>\n<li><span style=\"color: #bf5800\"><a href=\"https:\/\/colab.research.google.com\/drive\/1gnCxpccAHseXNzs1hcFnRsLtNEordffM#scrollTo=0C5AEFh2mIOS\" target=\"_blank\" rel=\"noopener\" style=\"color: #bf5800\">Aprendizaje no supervisado<\/a><\/span><\/li>\n<li><span style=\"color: #bf5800\"><a href=\"https:\/\/colab.research.google.com\/drive\/1gnCxpccAHseXNzs1hcFnRsLtNEordffM#scrollTo=F7WuWIWbdjse\" target=\"_blank\" rel=\"noopener\" style=\"color: #bf5800\">An\u00e1lisis de textos en espa\u00f1ol<\/a><\/span><\/li>\n<\/ol>\n<p>[\/et_pb_accordion_item][\/et_pb_accordion][et_pb_image src=&#8221;https:\/\/ia4legos.umh.es\/files\/2023\/07\/Enlace-a-video-cuaderno-34.png&#8221; title_text=&#8221;Enlace a v\u00eddeo cuaderno 34&#8243; url=&#8221;https:\/\/www.youtube.com\/watch?v=t-9GOwBTfJg&#038;list=PLClKgnzRFYe7A_t6D-siRSLuPPBzVNgI5&#038;index=33&#8243; url_new_window=&#8221;on&#8221; align=&#8221;center&#8221; _builder_version=&#8221;4.17.4&#8243; _module_preset=&#8221;default&#8221; transform_translate=&#8221;0px|27px&#8221; transform_translate_linked=&#8221;off&#8221; width=&#8221;50%&#8221; custom_padding=&#8221;|||1px||&#8221; global_colors_info=&#8221;{}&#8221;][\/et_pb_image][\/et_pb_column][\/et_pb_row][et_pb_row column_structure=&#8221;1_4,1_4,1_4,1_4&#8243; _builder_version=&#8221;4.17.4&#8243; _module_preset=&#8221;default&#8221; max_width=&#8221;1300px&#8221; global_colors_info=&#8221;{}&#8221;][et_pb_column type=&#8221;1_4&#8243; _builder_version=&#8221;4.17.4&#8243; _module_preset=&#8221;default&#8221; global_colors_info=&#8221;{}&#8221;][et_pb_gallery gallery_ids=&#8221;1873,1876,1879,1882,1885&#8243; posts_number=&#8221;1&#8243; show_title_and_caption=&#8221;off&#8221; _builder_version=&#8221;4.17.4&#8243; _module_preset=&#8221;default&#8221; transform_translate=&#8221;-100px|0px&#8221; transform_translate_linked=&#8221;off&#8221; global_colors_info=&#8221;{}&#8221;][\/et_pb_gallery][\/et_pb_column][et_pb_column type=&#8221;1_4&#8243; _builder_version=&#8221;4.17.4&#8243; _module_preset=&#8221;default&#8221; global_colors_info=&#8221;{}&#8221;][et_pb_gallery gallery_ids=&#8221;1888&#8243; posts_number=&#8221;1&#8243; show_title_and_caption=&#8221;off&#8221; _builder_version=&#8221;4.17.4&#8243; _module_preset=&#8221;default&#8221; transform_translate=&#8221;-35px|0px&#8221; transform_translate_linked=&#8221;off&#8221; global_colors_info=&#8221;{}&#8221;][\/et_pb_gallery][\/et_pb_column][et_pb_column type=&#8221;1_4&#8243; _builder_version=&#8221;4.17.4&#8243; _module_preset=&#8221;default&#8221; global_colors_info=&#8221;{}&#8221;][et_pb_gallery gallery_ids=&#8221;1891,1867&#8243; posts_number=&#8221;1&#8243; show_title_and_caption=&#8221;off&#8221; _builder_version=&#8221;4.17.4&#8243; _module_preset=&#8221;default&#8221; transform_translate=&#8221;35px|0px&#8221; transform_translate_linked=&#8221;off&#8221; global_colors_info=&#8221;{}&#8221;][\/et_pb_gallery][\/et_pb_column][et_pb_column type=&#8221;1_4&#8243; _builder_version=&#8221;4.17.4&#8243; _module_preset=&#8221;default&#8221; global_colors_info=&#8221;{}&#8221;][et_pb_gallery gallery_ids=&#8221;1870&#8243; posts_number=&#8221;1&#8243; show_title_and_caption=&#8221;off&#8221; _builder_version=&#8221;4.17.4&#8243; _module_preset=&#8221;default&#8221; transform_translate=&#8221;100px|0px&#8221; transform_translate_linked=&#8221;off&#8221; global_colors_info=&#8221;{}&#8221;][\/et_pb_gallery][\/et_pb_column][\/et_pb_row][\/et_pb_section]<\/p>\n","protected":false},"excerpt":{"rendered":"<p>IR A CONTENIDOS MACHINE LEARNINGM\u00f3dulo 4. Ampliaciones Unidad 4.1 Procesado de lenguaje natural (NLP) &nbsp; Introducci\u00f3n M\u00e9todos aplicados a cadenas de texto Expresiones regulares Usos del NLP \u00bfC\u00f3mo es capaz de entender el lenguaje un ordenador? T\u00e9cnicas comunes usadas en NLP Procesado b\u00e1sico con Python: NLTK y SPACY Otras librer\u00edas para NLP Aplicaci\u00f3n de NLP [&hellip;]<\/p>\n","protected":false},"author":24713,"featured_media":0,"parent":0,"menu_order":0,"comment_status":"closed","ping_status":"closed","template":"","meta":{"_et_pb_use_builder":"on","_et_pb_old_content":"","_et_gb_content_width":"","_links_to":"","_links_to_target":""},"_links":{"self":[{"href":"https:\/\/unidigital.umh.es\/ca\/wp-json\/wp\/v2\/pages\/1294"}],"collection":[{"href":"https:\/\/unidigital.umh.es\/ca\/wp-json\/wp\/v2\/pages"}],"about":[{"href":"https:\/\/unidigital.umh.es\/ca\/wp-json\/wp\/v2\/types\/page"}],"author":[{"embeddable":true,"href":"https:\/\/unidigital.umh.es\/ca\/wp-json\/wp\/v2\/users\/24713"}],"replies":[{"embeddable":true,"href":"https:\/\/unidigital.umh.es\/ca\/wp-json\/wp\/v2\/comments?post=1294"}],"version-history":[{"count":0,"href":"https:\/\/unidigital.umh.es\/ca\/wp-json\/wp\/v2\/pages\/1294\/revisions"}],"wp:attachment":[{"href":"https:\/\/unidigital.umh.es\/ca\/wp-json\/wp\/v2\/media?parent=1294"}],"curies":[{"name":"wp","href":"https:\/\/api.w.org\/{rel}","templated":true}]}}