{"id":1243,"date":"2023-07-07T09:25:07","date_gmt":"2023-07-07T07:25:07","guid":{"rendered":"https:\/\/ia4legos.umh.es\/?page_id=1243"},"modified":"2023-11-30T13:33:47","modified_gmt":"2023-11-30T12:33:47","slug":"modelos-de-agrupacion-o-cluster","status":"publish","type":"page","link":"https:\/\/unidigital.umh.es\/ca\/modelos-de-agrupacion-o-cluster\/","title":{"rendered":"<span lang=\"es\">(Espa\u00f1ol) Modelos de agrupaci\u00f3n o cluster IASAC<\/span>"},"content":{"rendered":"<p>[et_pb_section fb_built=&#8221;1&#8243; _builder_version=&#8221;4.17.4&#8243; _module_preset=&#8221;default&#8221; global_colors_info=&#8221;{}&#8221;][et_pb_row _builder_version=&#8221;4.17.4&#8243; _module_preset=&#8221;default&#8221; global_colors_info=&#8221;{}&#8221; theme_builder_area=&#8221;post_content&#8221;][et_pb_column type=&#8221;4_4&#8243; _builder_version=&#8221;4.17.4&#8243; _module_preset=&#8221;default&#8221; global_colors_info=&#8221;{}&#8221; theme_builder_area=&#8221;post_content&#8221;][et_pb_text _builder_version=&#8221;4.17.4&#8243; _module_preset=&#8221;default&#8221; custom_padding=&#8221;4px||4px|||&#8221; link_option_url=&#8221;https:\/\/unidigital.umh.es\/ml-iasac\/&#8221; global_colors_info=&#8221;{}&#8221; theme_builder_area=&#8221;post_content&#8221;]<\/p>\n<h1 style=\"text-align: center;\"><span style=\"text-decoration: underline; color: #bf5800;\"><strong>IR A CONTENIDOS MACHINE LEARNING<\/strong><\/span><\/h1>\n<p>[\/et_pb_text][\/et_pb_column][\/et_pb_row][et_pb_row column_structure=&#8221;1_5,3_5,1_5&#8243; _builder_version=&#8221;4.17.4&#8243; _module_preset=&#8221;default&#8221; global_colors_info=&#8221;{}&#8221;][et_pb_column type=&#8221;1_5&#8243; _builder_version=&#8221;4.17.4&#8243; _module_preset=&#8221;default&#8221; global_colors_info=&#8221;{}&#8221;][et_pb_button button_url=&#8221;https:\/\/unidigital.umh.es\/metodos-de-reduccion-de-la-dimension-iii\/&#8221; button_text=&#8221;Unidad 3.3 Modelos de regresi\u00f3n de la dimensi\u00f3n III&#8221; button_alignment=&#8221;center&#8221; _builder_version=&#8221;4.17.4&#8243; _module_preset=&#8221;default&#8221; custom_button=&#8221;on&#8221; button_text_size=&#8221;13px&#8221; button_text_color=&#8221;#bf4c00&#8243; button_bg_color=&#8221;#FFFFFF&#8221; button_border_color=&#8221;#bf5800&#8243; button_font=&#8221;Roboto||||||||&#8221; button_icon=&#8221;&#x49;||divi||400&#8243; transform_scale_tablet=&#8221;&#8221; transform_scale_phone=&#8221;&#8221; transform_scale_last_edited=&#8221;on|tablet&#8221; transform_translate=&#8221;41px|0px&#8221; transform_translate_tablet=&#8221;-20px|0px&#8221; transform_translate_phone=&#8221;-20px|0px&#8221; transform_translate_last_edited=&#8221;on|phone&#8221; transform_translate_linked=&#8221;off&#8221; transform_translate_linked_tablet=&#8221;off&#8221; transform_rotate_tablet=&#8221;&#8221; transform_rotate_phone=&#8221;&#8221; transform_rotate_last_edited=&#8221;on|tablet&#8221; transform_skew_tablet=&#8221;&#8221; transform_skew_phone=&#8221;&#8221; transform_skew_last_edited=&#8221;on|tablet&#8221; transform_origin_tablet=&#8221;&#8221; transform_origin_phone=&#8221;&#8221; transform_origin_last_edited=&#8221;on|tablet&#8221; transform_styles_last_edited=&#8221;on|phone&#8221; custom_margin=&#8221;|-50px|||false|false&#8221; transform_styles_tablet=&#8221;&#8221; transform_styles_phone=&#8221;&#8221; global_colors_info=&#8221;{}&#8221;][\/et_pb_button][\/et_pb_column][et_pb_column type=&#8221;3_5&#8243; _builder_version=&#8221;4.17.4&#8243; _module_preset=&#8221;default&#8221; global_colors_info=&#8221;{}&#8221;][et_pb_text _builder_version=&#8221;4.17.4&#8243; _module_preset=&#8221;default&#8221; text_font=&#8221;Signika||||||||&#8221; header_font_size=&#8221;28px&#8221; header_2_font_size=&#8221;22px&#8221; global_colors_info=&#8221;{}&#8221;]<\/p>\n<h1 style=\"text-align: center\">M\u00f3dulo 3. Aprendizaje no supervisado<\/h1>\n<p><strong><\/strong><\/p>\n<h2 style=\"text-align: center\"><span>Unidad 3.4 Modelos de agrupaci\u00f3n o cluster<\/span><\/h2>\n<p>&nbsp;<\/p>\n<p>[\/et_pb_text][\/et_pb_column][et_pb_column type=&#8221;1_5&#8243; _builder_version=&#8221;4.17.4&#8243; _module_preset=&#8221;default&#8221; global_colors_info=&#8221;{}&#8221;][et_pb_button button_url=&#8221;https:\/\/unidigital.umh.es\/procesado-de-lenguaje-natural-nlp\/&#8221; button_text=&#8221;Unidad 4.1 Procesado de lenguaje natural (NLP)&#8221; button_alignment=&#8221;center&#8221; _builder_version=&#8221;4.17.4&#8243; _module_preset=&#8221;default&#8221; custom_button=&#8221;on&#8221; button_text_size=&#8221;13px&#8221; button_text_color=&#8221;#bf4c00&#8243; button_bg_color=&#8221;#FFFFFF&#8221; button_border_color=&#8221;#bf5800&#8243; button_font=&#8221;Roboto||||||||&#8221; button_icon=&#8221;&#x49;||divi||400&#8243; transform_scale_tablet=&#8221;&#8221; transform_scale_phone=&#8221;&#8221; transform_scale_last_edited=&#8221;on|tablet&#8221; transform_translate=&#8221;41px|0px&#8221; transform_translate_tablet=&#8221;-20px|0px&#8221; transform_translate_phone=&#8221;-20px|0px&#8221; transform_translate_last_edited=&#8221;on|phone&#8221; transform_translate_linked=&#8221;off&#8221; transform_translate_linked_tablet=&#8221;off&#8221; transform_rotate_tablet=&#8221;&#8221; transform_rotate_phone=&#8221;&#8221; transform_rotate_last_edited=&#8221;on|tablet&#8221; transform_skew_tablet=&#8221;&#8221; transform_skew_phone=&#8221;&#8221; transform_skew_last_edited=&#8221;on|tablet&#8221; transform_origin_tablet=&#8221;&#8221; transform_origin_phone=&#8221;&#8221; transform_origin_last_edited=&#8221;on|tablet&#8221; transform_styles_last_edited=&#8221;on|phone&#8221; custom_margin=&#8221;|-50px|||false|false&#8221; transform_styles_tablet=&#8221;&#8221; transform_styles_phone=&#8221;&#8221; global_colors_info=&#8221;{}&#8221;][\/et_pb_button][\/et_pb_column][\/et_pb_row][et_pb_row column_structure=&#8221;1_3,1_3,1_3&#8243; _builder_version=&#8221;4.17.4&#8243; _module_preset=&#8221;default&#8221; width=&#8221;89%&#8221; max_width=&#8221;1543px&#8221; global_colors_info=&#8221;{}&#8221;][et_pb_column type=&#8221;1_3&#8243; _builder_version=&#8221;4.17.4&#8243; _module_preset=&#8221;default&#8221; global_colors_info=&#8221;{}&#8221;][et_pb_image src=&#8221;https:\/\/ia4legos.umh.es\/files\/2023\/07\/Enlace-a-cuaderno-28.png&#8221; title_text=&#8221;Enlace a cuaderno 28&#8243; url=&#8221;https:\/\/colab.research.google.com\/drive\/1lOqnb9CYGpEt19-BjUmUtA2tLMN_-hF_&#8221; url_new_window=&#8221;on&#8221; _builder_version=&#8221;4.17.4&#8243; _module_preset=&#8221;default&#8221; width=&#8221;50%&#8221; module_alignment=&#8221;center&#8221; global_colors_info=&#8221;{}&#8221;][\/et_pb_image][et_pb_accordion _builder_version=&#8221;4.17.4&#8243; _module_preset=&#8221;default&#8221; toggle_font=&#8221;Signika||||||||&#8221; custom_padding=&#8221;||9px||false|false&#8221; global_colors_info=&#8221;{}&#8221;][et_pb_accordion_item title=&#8221;Tema 28. clusters jer\u00e1rquicos&#8221; open=&#8221;on&#8221; _builder_version=&#8221;4.17.4&#8243; _module_preset=&#8221;default&#8221; custom_padding=&#8221;||37px||false|false&#8221; global_colors_info=&#8221;{}&#8221;]<\/p>\n<ol>\n<li><span style=\"color: #bf5800\"><a href=\"https:\/\/colab.research.google.com\/drive\/1lOqnb9CYGpEt19-BjUmUtA2tLMN_-hF_#scrollTo=QAgaWSzDmSw2\" target=\"_blank\" rel=\"noopener\" style=\"color: #bf5800\">Introducci\u00f3n a los modelos de agrupaci\u00f3n o cluster<\/a><\/span><\/li>\n<li><span style=\"color: #bf5800\"><a href=\"https:\/\/colab.research.google.com\/drive\/1lOqnb9CYGpEt19-BjUmUtA2tLMN_-hF_#scrollTo=oZQxrwdboNiX\" target=\"_blank\" rel=\"noopener\" style=\"color: #bf5800\">Definici\u00f3n de m\u00e9tricas<\/a><\/span><\/li>\n<li><span style=\"color: #bf5800\"><a href=\"https:\/\/colab.research.google.com\/drive\/1lOqnb9CYGpEt19-BjUmUtA2tLMN_-hF_#scrollTo=m9OjZkshZ9FF\" target=\"_blank\" rel=\"noopener\" style=\"color: #bf5800\">Modelos de agrupaci\u00f3n jer\u00e1rquica<\/a><\/span><\/li>\n<li><span style=\"color: #bf5800\"><a href=\"https:\/\/colab.research.google.com\/drive\/1lOqnb9CYGpEt19-BjUmUtA2tLMN_-hF_#scrollTo=uDU3geql3VmL\" target=\"_blank\" rel=\"noopener\" style=\"color: #bf5800\">Modelos de agrupaci\u00f3n jer\u00e1rquica en Python<\/a><\/span><\/li>\n<li><span style=\"color: #bf5800\"><a href=\"https:\/\/colab.research.google.com\/drive\/1lOqnb9CYGpEt19-BjUmUtA2tLMN_-hF_#scrollTo=G-YmmjF2EWHi\" target=\"_blank\" rel=\"noopener\" style=\"color: #bf5800\">Aplicaciones<\/a><\/span><\/li>\n<\/ol>\n<p>[\/et_pb_accordion_item][\/et_pb_accordion][et_pb_image src=&#8221;https:\/\/ia4legos.umh.es\/files\/2023\/07\/Enlace-a-video-cuaderno-28.png&#8221; title_text=&#8221;Enlace a v\u00eddeo cuaderno 28&#8243; url=&#8221;https:\/\/www.youtube.com\/watch?v=3z-Q0KeVSv0&#038;list=PLClKgnzRFYe7A_t6D-siRSLuPPBzVNgI5&#038;index=26&#8243; url_new_window=&#8221;on&#8221; align=&#8221;center&#8221; _builder_version=&#8221;4.17.4&#8243; _module_preset=&#8221;default&#8221; transform_translate=&#8221;0px|27px&#8221; transform_translate_linked=&#8221;off&#8221; width=&#8221;50%&#8221; custom_padding=&#8221;|||1px||&#8221; global_colors_info=&#8221;{}&#8221;][\/et_pb_image][\/et_pb_column][et_pb_column type=&#8221;1_3&#8243; _builder_version=&#8221;4.17.4&#8243; _module_preset=&#8221;default&#8221; global_colors_info=&#8221;{}&#8221;][et_pb_image src=&#8221;https:\/\/ia4legos.umh.es\/files\/2023\/07\/Enlace-a-cuaderno-29.png&#8221; title_text=&#8221;Enlace a cuaderno 29&#8243; url=&#8221;https:\/\/colab.research.google.com\/drive\/1SxJhBxxBAjXC8gNyEtf540GJrcISAE-G&#8221; url_new_window=&#8221;on&#8221; _builder_version=&#8221;4.17.4&#8243; _module_preset=&#8221;default&#8221; width=&#8221;50%&#8221; module_alignment=&#8221;center&#8221; global_colors_info=&#8221;{}&#8221;][\/et_pb_image][et_pb_accordion _builder_version=&#8221;4.17.4&#8243; _module_preset=&#8221;default&#8221; toggle_font=&#8221;Signika||||||||&#8221; global_colors_info=&#8221;{}&#8221;][et_pb_accordion_item title=&#8221;Tema 29. Algoritmos partitivos&#8221; open=&#8221;on&#8221; _builder_version=&#8221;4.17.4&#8243; _module_preset=&#8221;default&#8221; global_colors_info=&#8221;{}&#8221;]<\/p>\n<ol>\n<li><span style=\"color: #bf5800\"><a href=\"https:\/\/colab.research.google.com\/drive\/1SxJhBxxBAjXC8gNyEtf540GJrcISAE-G#scrollTo=QAgaWSzDmSw2\" target=\"_blank\" rel=\"noopener\" style=\"color: #bf5800\">Algoritmos de partici\u00f3n<\/a><\/span><\/li>\n<li><span style=\"color: #bf5800\"><a href=\"https:\/\/colab.research.google.com\/drive\/1SxJhBxxBAjXC8gNyEtf540GJrcISAE-G#scrollTo=hCfeOMYND5NN\" target=\"_blank\" rel=\"noopener\" style=\"color: #bf5800\">El algoritmo EM para resolver el problema de K-medias<\/a><\/span><\/li>\n<li><span style=\"color: #bf5800\"><a href=\"https:\/\/colab.research.google.com\/drive\/1SxJhBxxBAjXC8gNyEtf540GJrcISAE-G#scrollTo=qyRxulWjEI-K\" target=\"_blank\" rel=\"noopener\" style=\"color: #bf5800\">An\u00e1lisis<\/a><\/span><\/li>\n<li><span style=\"color: #bf5800\"><a href=\"https:\/\/colab.research.google.com\/drive\/1SxJhBxxBAjXC8gNyEtf540GJrcISAE-G#scrollTo=G-YmmjF2EWHi\" target=\"_blank\" rel=\"noopener\" style=\"color: #bf5800\">Ejemplos de aplicaci\u00f3n del algoritmo de K-medias<\/a><\/span><\/li>\n<li><span style=\"color: #bf5800\"><a href=\"https:\/\/colab.research.google.com\/drive\/1SxJhBxxBAjXC8gNyEtf540GJrcISAE-G#scrollTo=FQFpQkNwEaSj\" target=\"_blank\" rel=\"noopener\" style=\"color: #bf5800\">Algoritmo DBSCAN<\/a><\/span><\/li>\n<li><span style=\"color: #bf5800\"><a href=\"https:\/\/colab.research.google.com\/drive\/1SxJhBxxBAjXC8gNyEtf540GJrcISAE-G#scrollTo=hJKpoWaEMgZV\" target=\"_blank\" rel=\"noopener\" style=\"color: #bf5800\">Ejemplos de aplicaci\u00f3n del algoritmo de DBSCAN<\/a><\/span><\/li>\n<\/ol>\n<p>[\/et_pb_accordion_item][\/et_pb_accordion][et_pb_image src=&#8221;https:\/\/ia4legos.umh.es\/files\/2023\/07\/Enlace-a-video-cuaderno-29.png&#8221; title_text=&#8221;Enlace a v\u00eddeo cuaderno 29&#8243; url=&#8221;https:\/\/www.youtube.com\/watch?v=wDKW4Sg0Hhc&#038;list=PLClKgnzRFYe7A_t6D-siRSLuPPBzVNgI5&#038;index=27&#8243; url_new_window=&#8221;on&#8221; align=&#8221;center&#8221; _builder_version=&#8221;4.17.4&#8243; _module_preset=&#8221;default&#8221; transform_translate=&#8221;0px|27px&#8221; transform_translate_linked=&#8221;off&#8221; width=&#8221;50%&#8221; custom_padding=&#8221;|||1px||&#8221; global_colors_info=&#8221;{}&#8221;][\/et_pb_image][\/et_pb_column][et_pb_column type=&#8221;1_3&#8243; _builder_version=&#8221;4.17.4&#8243; _module_preset=&#8221;default&#8221; global_colors_info=&#8221;{}&#8221;][et_pb_image src=&#8221;https:\/\/ia4legos.umh.es\/files\/2023\/07\/Enlace-a-cuaderno-30.png&#8221; title_text=&#8221;Enlace a cuaderno 30&#8243; url=&#8221;https:\/\/colab.research.google.com\/drive\/1T6o3debpUqn8HKamSbieRvYnEHiGsBA5&#8243; url_new_window=&#8221;on&#8221; align=&#8221;center&#8221; _builder_version=&#8221;4.17.4&#8243; _module_preset=&#8221;default&#8221; width=&#8221;50%&#8221; global_colors_info=&#8221;{}&#8221;][\/et_pb_image][et_pb_accordion _builder_version=&#8221;4.17.4&#8243; _module_preset=&#8221;default&#8221; toggle_font=&#8221;Signika||||||||&#8221; custom_padding=&#8221;||0px||false|false&#8221; global_colors_info=&#8221;{}&#8221;][et_pb_accordion_item title=&#8221;Tema 30. Modelos de mezclas Gaussianas&#8221; open=&#8221;on&#8221; _builder_version=&#8221;4.17.4&#8243; _module_preset=&#8221;default&#8221; custom_padding=&#8221;||72px||false|false&#8221; global_colors_info=&#8221;{}&#8221;]<\/p>\n<ol>\n<li><span style=\"color: #ce5300\"><a href=\"https:\/\/colab.research.google.com\/drive\/1T6o3debpUqn8HKamSbieRvYnEHiGsBA5#scrollTo=QAgaWSzDmSw2\" target=\"_blank\" rel=\"noopener\" style=\"color: #ce5300\">Introducci\u00f3n<\/a><\/span><\/li>\n<li><span style=\"color: #ce5300\"><a href=\"https:\/\/colab.research.google.com\/drive\/1T6o3debpUqn8HKamSbieRvYnEHiGsBA5#scrollTo=xmtm3EXYBXg4\" target=\"_blank\" rel=\"noopener\" style=\"color: #ce5300\">Planteamiento del problema<\/a><\/span><\/li>\n<li><span style=\"color: #ce5300\"><a href=\"https:\/\/colab.research.google.com\/drive\/1T6o3debpUqn8HKamSbieRvYnEHiGsBA5#scrollTo=bqDrKsDH_f9A\" target=\"_blank\" rel=\"noopener\" style=\"color: #ce5300\">Selecci\u00f3n del n\u00famero de componentes<\/a><\/span><\/li>\n<li><span style=\"color: #ce5300\"><a href=\"https:\/\/colab.research.google.com\/drive\/1T6o3debpUqn8HKamSbieRvYnEHiGsBA5#scrollTo=m7qmM9SLgB6j\" target=\"_blank\" rel=\"noopener\" style=\"color: #ce5300\">GMM en Python<\/a><\/span><\/li>\n<li><span style=\"color: #ce5300\"><a href=\"https:\/\/colab.research.google.com\/drive\/1T6o3debpUqn8HKamSbieRvYnEHiGsBA5#scrollTo=0O6rIDnj5GUi\" target=\"_blank\" rel=\"noopener\" style=\"color: #ce5300\">Aplicaciones<\/a><\/span><\/li>\n<\/ol>\n<p>[\/et_pb_accordion_item][\/et_pb_accordion][et_pb_image src=&#8221;https:\/\/ia4legos.umh.es\/files\/2023\/07\/Enlace-a-video-cuaderno-30.png&#8221; title_text=&#8221;Enlace a v\u00eddeo cuaderno 30&#8243; url=&#8221;https:\/\/www.youtube.com\/watch?v=YnIF-qKCVNo&#038;list=PLClKgnzRFYe7A_t6D-siRSLuPPBzVNgI5&#038;index=28&#8243; url_new_window=&#8221;on&#8221; align=&#8221;center&#8221; _builder_version=&#8221;4.17.4&#8243; _module_preset=&#8221;default&#8221; transform_translate=&#8221;0px|6px&#8221; transform_translate_linked=&#8221;off&#8221; width=&#8221;50%&#8221; custom_padding=&#8221;|||1px||&#8221; global_colors_info=&#8221;{}&#8221;][\/et_pb_image][\/et_pb_column][\/et_pb_row][et_pb_row column_structure=&#8221;1_3,1_3,1_3&#8243; _builder_version=&#8221;4.17.4&#8243; _module_preset=&#8221;default&#8221; max_width=&#8221;1300px&#8221; global_colors_info=&#8221;{}&#8221;][et_pb_column type=&#8221;1_3&#8243; _builder_version=&#8221;4.17.4&#8243; _module_preset=&#8221;default&#8221; global_colors_info=&#8221;{}&#8221;][et_pb_gallery gallery_ids=&#8221;1858,1861,1864&#8243; posts_number=&#8221;1&#8243; show_title_and_caption=&#8221;off&#8221; _builder_version=&#8221;4.17.4&#8243; _module_preset=&#8221;default&#8221; transform_translate=&#8221;-80px|0px&#8221; transform_translate_linked=&#8221;off&#8221; global_colors_info=&#8221;{}&#8221;][\/et_pb_gallery][\/et_pb_column][et_pb_column type=&#8221;1_3&#8243; _builder_version=&#8221;4.17.4&#8243; _module_preset=&#8221;default&#8221; global_colors_info=&#8221;{}&#8221;][et_pb_gallery gallery_ids=&#8221;1723,1726&#8243; posts_number=&#8221;1&#8243; show_title_and_caption=&#8221;off&#8221; _builder_version=&#8221;4.17.4&#8243; _module_preset=&#8221;default&#8221; transform_translate_linked=&#8221;off&#8221; global_colors_info=&#8221;{}&#8221;][\/et_pb_gallery][\/et_pb_column][et_pb_column type=&#8221;1_3&#8243; _builder_version=&#8221;4.17.4&#8243; _module_preset=&#8221;default&#8221; global_colors_info=&#8221;{}&#8221;][et_pb_gallery gallery_ids=&#8221;1729&#8243; posts_number=&#8221;1&#8243; show_title_and_caption=&#8221;off&#8221; _builder_version=&#8221;4.17.4&#8243; _module_preset=&#8221;default&#8221; transform_translate=&#8221;80px|0px&#8221; transform_translate_linked=&#8221;off&#8221; global_colors_info=&#8221;{}&#8221;][\/et_pb_gallery][\/et_pb_column][\/et_pb_row][\/et_pb_section]<\/p>\n","protected":false},"excerpt":{"rendered":"<p>IR A CONTENIDOS MACHINE LEARNINGM\u00f3dulo 3. Aprendizaje no supervisado Unidad 3.4 Modelos de agrupaci\u00f3n o cluster &nbsp; Introducci\u00f3n a los modelos de agrupaci\u00f3n o cluster Definici\u00f3n de m\u00e9tricas Modelos de agrupaci\u00f3n jer\u00e1rquica Modelos de agrupaci\u00f3n jer\u00e1rquica en Python Aplicaciones Algoritmos de partici\u00f3n El algoritmo EM para resolver el problema de K-medias An\u00e1lisis Ejemplos de aplicaci\u00f3n [&hellip;]<\/p>\n","protected":false},"author":24713,"featured_media":0,"parent":0,"menu_order":0,"comment_status":"closed","ping_status":"closed","template":"","meta":{"_et_pb_use_builder":"on","_et_pb_old_content":"","_et_gb_content_width":"","_links_to":"","_links_to_target":""},"_links":{"self":[{"href":"https:\/\/unidigital.umh.es\/ca\/wp-json\/wp\/v2\/pages\/1243"}],"collection":[{"href":"https:\/\/unidigital.umh.es\/ca\/wp-json\/wp\/v2\/pages"}],"about":[{"href":"https:\/\/unidigital.umh.es\/ca\/wp-json\/wp\/v2\/types\/page"}],"author":[{"embeddable":true,"href":"https:\/\/unidigital.umh.es\/ca\/wp-json\/wp\/v2\/users\/24713"}],"replies":[{"embeddable":true,"href":"https:\/\/unidigital.umh.es\/ca\/wp-json\/wp\/v2\/comments?post=1243"}],"version-history":[{"count":0,"href":"https:\/\/unidigital.umh.es\/ca\/wp-json\/wp\/v2\/pages\/1243\/revisions"}],"wp:attachment":[{"href":"https:\/\/unidigital.umh.es\/ca\/wp-json\/wp\/v2\/media?parent=1243"}],"curies":[{"name":"wp","href":"https:\/\/api.w.org\/{rel}","templated":true}]}}